{"id":1670,"date":"2018-11-05T00:25:30","date_gmt":"2018-11-05T00:25:30","guid":{"rendered":"https:\/\/canatal.net\/achievements\/"},"modified":"2018-12-20T10:17:42","modified_gmt":"2018-12-20T15:17:42","slug":"realisations","status":"publish","type":"page","link":"https:\/\/canatal.net\/fr\/realisations\/","title":{"rendered":"R\u00e9alisations"},"content":{"rendered":"<section id=\"b-1671\" class=\"b b-header-page  b-header-page--darken \" data-watch data-preload>\n\n\t<div class=\"b-header-page-background\">\n\t\t<div class=\"container\">\n\t\t\t<div class=\"b-header-page-image\">\n\t\t\t\t<div class=\"b-header-page-image-background\"><div class=\"image\" style=\"background-image: url(https:\/\/canatal.net\/wp-content\/uploads\/2018\/11\/Canatal-Albany-1024x0-c-default.jpg)\"><\/div><\/div>\n\t\t\t\t<div class=\"b-header-page-image-foreground\">\n\t\t\t\t\t\t\t\t\t\t\t<div class=\"b-header-page-image-legend\">\n\t\t\t\t\t\t\t\n\n\t\t\t<div class=\"vertical vertical--bottom\">\n\t\t\t\t<div class=\"vertical-cell\">\n\n\t\t\t<div class=\"dash dash--dark dash--normal\">\n\t\t\t\t<div class=\"dash-line\"><\/div>\n\t\t\t\t<div class=\"dash-text\">275 Albany Street, Boston, MA \/ 2 602 tonnes<\/div>\n\t\t\t<\/div><\/div>\n\t\t\t<\/div>\n\t\t\t\t\t\t<\/div>\n\t\t\t\t\t\t\t\t\t<\/div>\n\t\t\t<\/div>\n\t\t<\/div>\n\t<\/div>\n\n\t<div class=\"container\">\n\n\t\t<div class=\"b-header-page-foreground\">\n\t\t\t<div class=\"b-header-page-content wysiwyg dark\">\n\t\t\t\t<h1>R\u00e9alisations<\/h1>\n<p class=\"emphasized\">Plus de 2 000 projets r\u00e9alis\u00e9s<\/p>\n<p>Vous devez r\u00e9aliser des projets \u00e0 ex\u00e9cution rapide, et ce, dans des d\u00e9lais serr\u00e9s?<br \/>\nCanatal est l\u00e0 pour ses clients et s\u2019assurera que ces projets soient ex\u00e9cut\u00e9s de fa\u00e7on ing\u00e9nieuse et dans le respect des \u00e9ch\u00e9anciers.<\/p>\n<p>Pr\u00e9sente sur la c\u00f4te est am\u00e9ricaine depuis 1997, Canatal est reconnue par ses clients pour sa capacit\u00e9 \u00e0 rencontrer les exigences. Canatal est devenue un fournisseur de choix en relevant les d\u00e9fis des projets en \u00ab mode acc\u00e9l\u00e9r\u00e9 \u00bb. R\u00e9pondre aux demandes des clients tout en respectant les \u00e9ch\u00e9anciers est ce que Canatal fait de mieux.<\/p>\n\n\t\t\t<\/div>\n\t\t<\/div>\n\n\t\t<div class=\"b-header-page-rg-area\">\n\t\t\t<div class=\"phone-indicator phone-indicator--light\">\n\t\t\t\t\n\n\t\t\t<div class=\"vertical vertical--top\">\n\t\t\t\t<div class=\"vertical-cell\"><a href=\"tel:1 418 338-6044\">1 418 338-6044<\/a><\/div>\n\t\t\t<\/div>\n\t\t\t<\/div>\n\t\t<\/div>\n\n\t<\/div>\n\n<\/section><!--Array\n(\n    [posts_per_page] => -1\n    [offset] => 0\n    [category] => \n    [category_name] => \n    [orderby] => date\n    [order] => DESC\n    [include] => \n    [exclude] => \n    [meta_key] => \n    [meta_value] => \n    [post_type] => project\n    [post_mime_type] => \n    [post_parent] => \n    [author] => \n    [author_name] => \n    [post_status] => publish\n    [suppress_filters] => \n    [fields] => \n)\n--><section id=\"b-1672\" class=\"b b-projects \" data-watch data-trigger=\"0.4\">\n\t<div class=\"container\">\n\n\t\t\t\t\t<div class=\"b-projects-heading wysiwyg\">\n\t\t\t\t<h2>R\u00e9alisations<\/h2>\n\n\t\t\t<\/div>\n\t\t\n\t\t<div class=\"b-projects-filters\" data-url=\"https:\/\/canatal.net\/wp-admin\/admin-ajax.php?action=render_block&document=1670&id=1672&lang=fr\">\n\n\t\t\t<div class=\"b-projects-filters-form\">\n\n\t\t\t\t<div class=\"b-projects-filter\">\n\t\t\t\t\t<div class=\"b-projects-filter-label\">Filtrer par r\u00e9gion:<\/div>\n\t\t\t\t\t<div class=\"b-projects-filter-field\">\n\n\t\t\t\t\t\t<select name=\"reg\" data-placeholder=\"R\u00e9gions\">\n\n\t\t\t\t\t\t\t<option><\/option>\n\n\t\t\t\t\t\t\t\n\t\t\t\t\t\t\t\t<option value=\"2155\" >Mi-atlantique<\/option>\n\n\t\t\t\t\t\t\t\t\t\t\t\t\t\t\t\t\t<optgroup>\n\t\t\t\t\t\t\t\t\t\t\t\t\t\t\t\t\t\t\t\t\t<option value=\"4110\" >NJ &#8211; NY &#8211; PA<\/option>\n\t\t\t\t\t\t\t\t\t\t\t\t\t\t\t\t\t\t\t<\/optgroup>\n\t\t\t\t\t\t\t\t\n\t\t\t\t\t\t\t\n\t\t\t\t\t\t\t\t<option value=\"2153\" >Nouvelle-Angleterre<\/option>\n\n\t\t\t\t\t\t\t\t\n\t\t\t\t\t\t\t\n\t\t\t\t\t\t<\/select>\n\n\t\t\t\t\t<\/div>\n\t\t\t\t<\/div>\n\n\t\t\t\t<div class=\"b-projects-filter\">\n\t\t\t\t\t<div class=\"b-projects-filter-label\">Fitrer par cat\u00e9gorie:<\/div>\n\t\t\t\t\t<div class=\"b-projects-filter-field\">\n\n\t\t\t\t\t\t<select name=\"cat\" data-placeholder=\"Cat\u00e9gories\">\n\t\t\t\t\t\t\t<option><\/option>\n\t\t\t\t\t\t\t\t\t\t\t\t\t\t\t<option value=\"27\">Casino<\/option>\n\t\t\t\t\t\t\t\t\t\t\t\t\t\t\t<option value=\"18\">Commercial<\/option>\n\t\t\t\t\t\t\t\t\t\t\t\t\t\t\t<option value=\"17\">\u00c9glise<\/option>\n\t\t\t\t\t\t\t\t\t\t\t\t\t\t\t<option value=\"19\">H\u00f4pital<\/option>\n\t\t\t\t\t\t\t\t\t\t\t\t\t\t\t<option value=\"20\">H\u00f4tel<\/option>\n\t\t\t\t\t\t\t\t\t\t\t\t\t\t\t<option value=\"26\">Industriel<\/option>\n\t\t\t\t\t\t\t\t\t\t\t\t\t\t\t<option value=\"21\">Institutionnel<\/option>\n\t\t\t\t\t\t\t\t\t\t\t\t\t\t\t<option value=\"22\">Laboratoire et immeuble de bureaux<\/option>\n\t\t\t\t\t\t\t\t\t\t\t\t\t\t\t<option value=\"23\">Pharmaceutique<\/option>\n\t\t\t\t\t\t\t\t\t\t\t\t\t\t\t<option value=\"24\">R\u00e9sidentiel<\/option>\n\t\t\t\t\t\t\t\t\t\t\t\t\t<\/select>\n\n\t\t\t\t\t<\/div>\n\t\t\t\t<\/div>\n\n\t\t\t<\/div>\n\n\t\t\t<div class=\"b-projects-filters-loader\">\n\t\t\t\t<div class=\"loader\"><\/div>\n\t\t\t<\/div>\n\n\t\t<\/div>\n\n\t\t<hr class=\"b-projects-row\">\n\n\t\t<div class=\"b-projects-items\">\n\n\t\t\t\n\t\t\t\t<a class=\"b-projects-item\" data-watch data-visible-class=\"item-visible-on-screen\" href=\"https:\/\/canatal.net\/fr\/realisations\/helix-nj\/\">\n\t\t\t\t\t<div class=\"b-projects-item-background\"><div class=\"image\" style=\"background-image: url(https:\/\/canatal.net\/wp-content\/uploads\/2025\/12\/Helix-French-St-NJ-High-Res-2-scaled-468x0-c-default.jpg)\"><\/div><\/div>\n\t\t\t\t\t<div class=\"b-projects-item-foreground\">\n\t\t\t\t\t\t<div class=\"b-projects-item-excerpt wysiwyg dark\"><h2>Helix NJ, New Brunswick, NJ<\/h2>\n<p>7980 tonnes<\/p>\n<\/div>\n\t\t\t\t\t\t<div class=\"b-projects-item-footing\">\n\t\t\t\t\t\t\t<div class=\"button-action button-action--light\">\n\t\t\t\t\t\t\t\t<span>Voir le projet<\/span>\n\t\t\t\t\t\t\t<\/div>\n\t\t\t\t\t\t<\/div>\n\t\t\t\t\t<\/div>\n\t\t\t\t<\/a>\n\n\t\t\t\n\t\t\t\t<a class=\"b-projects-item\" data-watch data-visible-class=\"item-visible-on-screen\" href=\"https:\/\/canatal.net\/fr\/realisations\/jack-sheryl-morris-cancer-center\/\">\n\t\t\t\t\t<div class=\"b-projects-item-background\"><div class=\"image\" style=\"background-image: url(https:\/\/canatal.net\/wp-content\/uploads\/2025\/12\/Rutgers-Cancer-Center-High-res-4-scaled-468x0-c-default.jpg)\"><\/div><\/div>\n\t\t\t\t\t<div class=\"b-projects-item-foreground\">\n\t\t\t\t\t\t<div class=\"b-projects-item-excerpt wysiwyg dark\"><h2>Jack &amp; Sheryl Morris Cancer Center, NJ<\/h2>\n<p>6648 tonnes<\/p>\n<\/div>\n\t\t\t\t\t\t<div class=\"b-projects-item-footing\">\n\t\t\t\t\t\t\t<div class=\"button-action button-action--light\">\n\t\t\t\t\t\t\t\t<span>Voir le projet<\/span>\n\t\t\t\t\t\t\t<\/div>\n\t\t\t\t\t\t<\/div>\n\t\t\t\t\t<\/div>\n\t\t\t\t<\/a>\n\n\t\t\t\n\t\t\t\t<a class=\"b-projects-item\" data-watch data-visible-class=\"item-visible-on-screen\" href=\"https:\/\/canatal.net\/fr\/realisations\/350-boylston-street\/\">\n\t\t\t\t\t<div class=\"b-projects-item-background\"><div class=\"image\" style=\"background-image: url(https:\/\/canatal.net\/wp-content\/uploads\/2025\/01\/Canatal-350-Boylston-High-Res-8-scaled-468x0-c-default.jpg)\"><\/div><\/div>\n\t\t\t\t\t<div class=\"b-projects-item-foreground\">\n\t\t\t\t\t\t<div class=\"b-projects-item-excerpt wysiwyg dark\"><h2>350 Boylston Street, MA<\/h2>\n<p>2300 tonnes<\/p>\n<\/div>\n\t\t\t\t\t\t<div class=\"b-projects-item-footing\">\n\t\t\t\t\t\t\t<div class=\"button-action button-action--light\">\n\t\t\t\t\t\t\t\t<span>Voir le projet<\/span>\n\t\t\t\t\t\t\t<\/div>\n\t\t\t\t\t\t<\/div>\n\t\t\t\t\t<\/div>\n\t\t\t\t<\/a>\n\n\t\t\t\n\t\t\t\t<a class=\"b-projects-item\" data-watch data-visible-class=\"item-visible-on-screen\" href=\"https:\/\/canatal.net\/fr\/realisations\/400-summer-street\/\">\n\t\t\t\t\t<div class=\"b-projects-item-background\"><div class=\"image\" style=\"background-image: url(https:\/\/canatal.net\/wp-content\/uploads\/2023\/02\/400-Summer-Street-Boston-1-2-scaled-468x0-c-default.jpg)\"><\/div><\/div>\n\t\t\t\t\t<div class=\"b-projects-item-foreground\">\n\t\t\t\t\t\t<div class=\"b-projects-item-excerpt wysiwyg dark\"><h2>400 Summer Street, Boston, MA<\/h2>\n<p>9 340 tonnes<\/p>\n<\/div>\n\t\t\t\t\t\t<div class=\"b-projects-item-footing\">\n\t\t\t\t\t\t\t<div class=\"button-action button-action--light\">\n\t\t\t\t\t\t\t\t<span>Voir le projet<\/span>\n\t\t\t\t\t\t\t<\/div>\n\t\t\t\t\t\t<\/div>\n\t\t\t\t\t<\/div>\n\t\t\t\t<\/a>\n\n\t\t\t\n\t\t\t\t<a class=\"b-projects-item\" data-watch data-visible-class=\"item-visible-on-screen\" href=\"https:\/\/canatal.net\/fr\/realisations\/one-congress\/\">\n\t\t\t\t\t<div class=\"b-projects-item-background\"><div class=\"image\" style=\"background-image: url(https:\/\/canatal.net\/wp-content\/uploads\/2022\/01\/One-Congress-Steel-2-scaled-468x0-c-default.jpg)\"><\/div><\/div>\n\t\t\t\t\t<div class=\"b-projects-item-foreground\">\n\t\t\t\t\t\t<div class=\"b-projects-item-excerpt wysiwyg dark\"><h2>One Congress, Boston, MA<\/h2>\n<p>7 878 tonnes<\/p>\n<\/div>\n\t\t\t\t\t\t<div class=\"b-projects-item-footing\">\n\t\t\t\t\t\t\t<div class=\"button-action button-action--light\">\n\t\t\t\t\t\t\t\t<span>Voir le projet<\/span>\n\t\t\t\t\t\t\t<\/div>\n\t\t\t\t\t\t<\/div>\n\t\t\t\t\t<\/div>\n\t\t\t\t<\/a>\n\n\t\t\t\n\t\t\t\t<a class=\"b-projects-item\" data-watch data-visible-class=\"item-visible-on-screen\" href=\"https:\/\/canatal.net\/fr\/realisations\/the-track-at-new-balance\/\">\n\t\t\t\t\t<div class=\"b-projects-item-background\"><div class=\"image\" style=\"background-image: url(https:\/\/canatal.net\/wp-content\/uploads\/2020\/12\/The-Track-at-New-Balance-468x0-c-default.jpg)\"><\/div><\/div>\n\t\t\t\t\t<div class=\"b-projects-item-foreground\">\n\t\t\t\t\t\t<div class=\"b-projects-item-excerpt wysiwyg dark\"><h2>The Track at New Balance, Boston, MA<\/h2>\n<p>4 300 tonnes<\/p>\n<\/div>\n\t\t\t\t\t\t<div class=\"b-projects-item-footing\">\n\t\t\t\t\t\t\t<div class=\"button-action button-action--light\">\n\t\t\t\t\t\t\t\t<span>Voir le projet<\/span>\n\t\t\t\t\t\t\t<\/div>\n\t\t\t\t\t\t<\/div>\n\t\t\t\t\t<\/div>\n\t\t\t\t<\/a>\n\n\t\t\t\n\t\t\t\t<a class=\"b-projects-item\" data-watch data-visible-class=\"item-visible-on-screen\" href=\"https:\/\/canatal.net\/fr\/realisations\/boston-college-schiller-institute-for-integrated-science-and-society-chestnut-hill\/\">\n\t\t\t\t\t<div class=\"b-projects-item-background\"><div class=\"image\" style=\"background-image: url(https:\/\/canatal.net\/wp-content\/uploads\/2020\/12\/Boston-College-Schiller-Institute-for-Integrated-Science-and-Society-468x0-c-default.jpg)\"><\/div><\/div>\n\t\t\t\t\t<div class=\"b-projects-item-foreground\">\n\t\t\t\t\t\t<div class=\"b-projects-item-excerpt wysiwyg dark\"><h2>Boston College Schiller Institute for Integrated Science and Society, Chestnut Hill, MA<\/h2>\n<p>1 768 Tonnes<\/p>\n<\/div>\n\t\t\t\t\t\t<div class=\"b-projects-item-footing\">\n\t\t\t\t\t\t\t<div class=\"button-action button-action--light\">\n\t\t\t\t\t\t\t\t<span>Voir le projet<\/span>\n\t\t\t\t\t\t\t<\/div>\n\t\t\t\t\t\t<\/div>\n\t\t\t\t\t<\/div>\n\t\t\t\t<\/a>\n\n\t\t\t\n\t\t\t\t<a class=\"b-projects-item\" data-watch data-visible-class=\"item-visible-on-screen\" href=\"https:\/\/canatal.net\/fr\/realisations\/reston-station-ob3\/\">\n\t\t\t\t\t<div class=\"b-projects-item-background\"><div class=\"image\" style=\"background-image: url(https:\/\/canatal.net\/wp-content\/uploads\/2019\/11\/Canatal_Projet_Reston-Station-OB3_01-3-468x0-c-default.jpg)\"><\/div><\/div>\n\t\t\t\t\t<div class=\"b-projects-item-foreground\">\n\t\t\t\t\t\t<div class=\"b-projects-item-excerpt wysiwyg dark\"><h2>Reston Station OB3, Reston, VA<\/h2>\n<p>1 240 tonnes<\/p>\n<\/div>\n\t\t\t\t\t\t<div class=\"b-projects-item-footing\">\n\t\t\t\t\t\t\t<div class=\"button-action button-action--light\">\n\t\t\t\t\t\t\t\t<span>Voir le projet<\/span>\n\t\t\t\t\t\t\t<\/div>\n\t\t\t\t\t\t<\/div>\n\t\t\t\t\t<\/div>\n\t\t\t\t<\/a>\n\n\t\t\t\n\t\t\t\t<a class=\"b-projects-item\" data-watch data-visible-class=\"item-visible-on-screen\" href=\"https:\/\/canatal.net\/fr\/realisations\/northeastern-university\/\">\n\t\t\t\t\t<div class=\"b-projects-item-background\"><div class=\"image\" style=\"background-image: url(https:\/\/canatal.net\/wp-content\/uploads\/2018\/12\/th_northeastern-468x0-c-default.jpg)\"><\/div><\/div>\n\t\t\t\t\t<div class=\"b-projects-item-foreground\">\n\t\t\t\t\t\t<div class=\"b-projects-item-excerpt wysiwyg dark\"><h2>Northeastern University, Boston, MA<\/h2>\n<p>1 834 tonnes<\/p>\n<\/div>\n\t\t\t\t\t\t<div class=\"b-projects-item-footing\">\n\t\t\t\t\t\t\t<div class=\"button-action button-action--light\">\n\t\t\t\t\t\t\t\t<span>Voir le projet<\/span>\n\t\t\t\t\t\t\t<\/div>\n\t\t\t\t\t\t<\/div>\n\t\t\t\t\t<\/div>\n\t\t\t\t<\/a>\n\n\t\t\t\n\t\t\t\t<a class=\"b-projects-item\" data-watch data-visible-class=\"item-visible-on-screen\" href=\"https:\/\/canatal.net\/fr\/realisations\/northpoint-jk\/\">\n\t\t\t\t\t<div class=\"b-projects-item-background\"><div class=\"image\" style=\"background-image: url(https:\/\/canatal.net\/wp-content\/uploads\/2018\/12\/th_jk-468x0-c-default.jpg)\"><\/div><\/div>\n\t\t\t\t\t<div class=\"b-projects-item-foreground\">\n\t\t\t\t\t\t<div class=\"b-projects-item-excerpt wysiwyg dark\"><h2>North Point Parcel J-K, Cambridge, MA<\/h2>\n<p>4 228 tonnes<\/p>\n<\/div>\n\t\t\t\t\t\t<div class=\"b-projects-item-footing\">\n\t\t\t\t\t\t\t<div class=\"button-action button-action--light\">\n\t\t\t\t\t\t\t\t<span>Voir le projet<\/span>\n\t\t\t\t\t\t\t<\/div>\n\t\t\t\t\t\t<\/div>\n\t\t\t\t\t<\/div>\n\t\t\t\t<\/a>\n\n\t\t\t\n\t\t\t\t<a class=\"b-projects-item\" data-watch data-visible-class=\"item-visible-on-screen\" href=\"https:\/\/canatal.net\/fr\/realisations\/john-hopkins-university-physics-lab\/\">\n\t\t\t\t\t<div class=\"b-projects-item-background\"><div class=\"image\" style=\"background-image: url(https:\/\/canatal.net\/wp-content\/uploads\/2018\/11\/th_john-hopkins-468x0-c-default.jpg)\"><\/div><\/div>\n\t\t\t\t\t<div class=\"b-projects-item-foreground\">\n\t\t\t\t\t\t<div class=\"b-projects-item-excerpt wysiwyg dark\"><h2>Johns Hopkins University Physics Lab, Laurell, MD<\/h2>\n<p>1 247 tonnes<\/p>\n<\/div>\n\t\t\t\t\t\t<div class=\"b-projects-item-footing\">\n\t\t\t\t\t\t\t<div class=\"button-action button-action--light\">\n\t\t\t\t\t\t\t\t<span>Voir le projet<\/span>\n\t\t\t\t\t\t\t<\/div>\n\t\t\t\t\t\t<\/div>\n\t\t\t\t\t<\/div>\n\t\t\t\t<\/a>\n\n\t\t\t\n\t\t\t\t<a class=\"b-projects-item\" data-watch data-visible-class=\"item-visible-on-screen\" href=\"https:\/\/canatal.net\/fr\/realisations\/clarksburg-premium-outlets\/\">\n\t\t\t\t\t<div class=\"b-projects-item-background\"><div class=\"image\" style=\"background-image: url(https:\/\/canatal.net\/wp-content\/uploads\/2018\/11\/th_claksburg-468x0-c-default.jpg)\"><\/div><\/div>\n\t\t\t\t\t<div class=\"b-projects-item-foreground\">\n\t\t\t\t\t\t<div class=\"b-projects-item-excerpt wysiwyg dark\"><h2>Clarksburg Premium Outlets, Clarksburgh, MD<\/h2>\n<p>2 744 tonnes<\/p>\n<\/div>\n\t\t\t\t\t\t<div class=\"b-projects-item-footing\">\n\t\t\t\t\t\t\t<div class=\"button-action button-action--light\">\n\t\t\t\t\t\t\t\t<span>Voir le projet<\/span>\n\t\t\t\t\t\t\t<\/div>\n\t\t\t\t\t\t<\/div>\n\t\t\t\t\t<\/div>\n\t\t\t\t<\/a>\n\n\t\t\t\n\t\t<\/div>\n\n\t\t<div class=\"b-projects-footer\">\n\n\t\t\t\n\t\t\t\t\t\t\t<div class=\"b-projects-more\">\n\t\t\t\t\t<div class=\"loader\"><\/div>\n\t\t\t\t\t<div class=\"button-action button-action--down-dark\">\n\t\t\t\t\t\t<span data-more=\"https:\/\/canatal.net\/wp-admin\/admin-ajax.php?action=render_block&document=1670&id=1672&lang=fr&amp;p=2\">Voir plus<\/span>\n\t\t\t\t\t<\/div>\n\t\t\t\t<\/div>\n\t\t\t\n\t\t<\/div>\n\n\t<\/div>\n<\/section><section id=\"b-1673\" class=\"b b-cta  b-cta--darken \" data-watch data-trigger=\"0.4\" data-preload>\n\n\t<div class=\"b-cta-background\"><div class=\"image\" style=\"background-image: url(https:\/\/canatal.net\/wp-content\/uploads\/2018\/11\/Canatal-Boston-Structure7.jpg)\"><\/div><\/div>\n\t<div class=\"b-cta-foreground\">\n\t\t<div class=\"container\">\n\n\t\t\t<div class=\"b-cta-caption\">\n\n\t\t\t<div class=\"vertical vertical--bottom\">\n\t\t\t\t<div class=\"vertical-cell\">\n\n\t\t\t<div class=\"dash dash--light dash--normal\">\n\t\t\t\t<div class=\"dash-line\"><\/div>\n\t\t\t\t<div class=\"dash-text\">Nous joindre<\/div>\n\t\t\t<\/div><\/div>\n\t\t\t<\/div><\/div>\n\t\t\t<div class=\"b-cta-content wysiwyg dark\">\n\t\t\t\t<h2>\u00c0 la recherche d\u2019un partenaire pour vos structures d\u2019acier?<\/h2>\n\n\t\t\t<\/div>\n\n\t\t\t\t\t\t\t<div class=\"b-cta-action arrow-trigger\">\n\t\t\t\t\t<div class=\"b-cta-action-arrow\"><div class=\"arrow\"><\/div><\/div>\n\t\t\t\t\t<div class=\"b-cta-action-label\">\n\t\t\t\t\t\t\n\t\t\t<div class=\"button-action button-action--light\">\n\t\t\t\t<a href=\"https:\/\/canatal.net\/fr\/communiquez-avec-canatal\/\">Canatal vous aidera \u00e0 r\u00e9aliser vos projets<\/a>\n\t\t\t<\/div>\n\t\t\t\t\t<\/div>\n\t\t\t\t<\/div>\n\t\t\t\n\t\t<\/div>\n\t<\/div>\n\n<\/section>","protected":false},"excerpt":{"rendered":"<p>275 Albany Street, Boston, MA \/ 2 602 tonnes R\u00e9alisations Plus de 2 000 projets r\u00e9alis\u00e9s Vous devez r\u00e9aliser des projets \u00e0 ex\u00e9cution rapide, et ce, dans des d\u00e9lais serr\u00e9s? Canatal est l\u00e0 pour ses clients et s\u2019assurera que ces projets soient ex\u00e9cut\u00e9s de fa\u00e7on ing\u00e9nieuse et dans le respect des \u00e9ch\u00e9anciers. Pr\u00e9sente sur la &hellip; <a href=\"https:\/\/canatal.net\/fr\/realisations\/\">Continued<\/a><\/p>\n","protected":false},"author":1,"featured_media":0,"parent":0,"menu_order":0,"comment_status":"closed","ping_status":"closed","template":"","meta":{"_acf_changed":false,"footnotes":""},"class_list":["post-1670","page","type-page","status-publish","hentry"],"acf":[],"_links":{"self":[{"href":"https:\/\/canatal.net\/fr\/wp-json\/wp\/v2\/pages\/1670","targetHints":{"allow":["GET"]}}],"collection":[{"href":"https:\/\/canatal.net\/fr\/wp-json\/wp\/v2\/pages"}],"about":[{"href":"https:\/\/canatal.net\/fr\/wp-json\/wp\/v2\/types\/page"}],"author":[{"embeddable":true,"href":"https:\/\/canatal.net\/fr\/wp-json\/wp\/v2\/users\/1"}],"replies":[{"embeddable":true,"href":"https:\/\/canatal.net\/fr\/wp-json\/wp\/v2\/comments?post=1670"}],"version-history":[{"count":1,"href":"https:\/\/canatal.net\/fr\/wp-json\/wp\/v2\/pages\/1670\/revisions"}],"predecessor-version":[{"id":1882,"href":"https:\/\/canatal.net\/fr\/wp-json\/wp\/v2\/pages\/1670\/revisions\/1882"}],"wp:attachment":[{"href":"https:\/\/canatal.net\/fr\/wp-json\/wp\/v2\/media?parent=1670"}],"curies":[{"name":"wp","href":"https:\/\/api.w.org\/{rel}","templated":true}]}}