{"id":1675,"date":"2018-11-05T00:25:40","date_gmt":"2018-11-05T00:25:40","guid":{"rendered":"https:\/\/canatal.net\/careers\/"},"modified":"2019-04-17T08:01:31","modified_gmt":"2019-04-17T13:01:31","slug":"travailler-chez-canatal","status":"publish","type":"page","link":"https:\/\/canatal.net\/fr\/travailler-chez-canatal\/","title":{"rendered":"Carri\u00e8re"},"content":{"rendered":"<section id=\"b-1676\" class=\"b b-header-page  b-header-page--darken \" data-watch data-preload>\n\n\t<div class=\"b-header-page-background\">\n\t\t<div class=\"container\">\n\t\t\t<div class=\"b-header-page-image\">\n\t\t\t\t<div class=\"b-header-page-image-background\"><div class=\"image\" style=\"background-image: url(https:\/\/canatal.net\/wp-content\/uploads\/2018\/11\/Canatal-Soudeur-5-1024x0-c-default.jpg)\"><\/div><\/div>\n\t\t\t\t<div class=\"b-header-page-image-foreground\">\n\t\t\t\t\t\t\t\t\t<\/div>\n\t\t\t<\/div>\n\t\t<\/div>\n\t<\/div>\n\n\t<div class=\"container\">\n\n\t\t<div class=\"b-header-page-foreground\">\n\t\t\t<div class=\"b-header-page-content wysiwyg dark\">\n\t\t\t\t<h1>Travailler<br \/>\nchez Canatal<\/h1>\n<p class=\"emphasized\">Le temps passe vite lorsqu\u2019on b\u00e2tit de grandes choses<\/p>\n<p>Canatal est toujours \u00e0 la recherche de candidats dynamiques pour occuper diff\u00e9rents postes dans ses installations du Canada et des \u00c9tats-Unis.<\/p>\n<p>Notre \u00e9quipe exceptionnelle est constitu\u00e9e de plus de 525 individus talentueux, habiles et ing\u00e9nieux qui sont li\u00e9s par de fortes valeurs, un profond respect d\u2019autrui et une passion pour le travail bien accompli.<\/p>\n<p><a class=\"cta\" href=\"https:\/\/canatal.net\/fr\/travailler-chez-canatal\/#offres\">Consultez les postes disponibles maintenant!<\/a><\/p>\n\n\t\t\t<\/div>\n\t\t<\/div>\n\n\t\t<div class=\"b-header-page-rg-area\">\n\t\t\t<div class=\"phone-indicator phone-indicator--light\">\n\t\t\t\t\n\n\t\t\t<div class=\"vertical vertical--top\">\n\t\t\t\t<div class=\"vertical-cell\"><a href=\"tel:1 418 338-6044\">1 418 338-6044<\/a><\/div>\n\t\t\t<\/div>\n\t\t\t<\/div>\n\t\t<\/div>\n\n\t<\/div>\n\n<\/section><section id=\"b-5142\" class=\"b b-video  b-video--darken \" data-watch data-trigger=\"0.4\" data-preload>\n\n\t<div class=\"container\">\n\n\t\t<div class=\"b-video-background\"><div class=\"image\" style=\"background-image: url(https:\/\/canatal.net\/wp-content\/uploads\/2018\/11\/canatal-commitemnt-and-values-1275-1199.jpg)\"><\/div><\/div>\n\t\t<div class=\"b-video-foreground\">\n\n\t\t\t<a class=\"b-video-play\" href=\"https:\/\/vimeo.com\/314850199\" data-fancybox>\n\t\t\t\t<span class=\"b-video-play-label\">Jouer<\/span>\n\t\t\t<\/a>\n\n\t\t<\/div>\n\t<\/div>\n\n<\/section><section id=\"b-1677\" class=\"b b-about\" data-watch data-trigger=\"0.5\" data-preload>\n\t<div class=\"container\">\n\n\t\t<div\n\t\t\tclass=\"b-about-image b-about-image--under\"\n\t\t\tdata-scroll-animation=\"transform\"\n\t\t\tdata-scroll-animation-format=\"translateY(%vrem)\"\n\t\t\tdata-scroll-animation-min=\"+3\"\n\t\t\tdata-scroll-animation-max=\"-3\">\n\t\t<\/div>\n\n\t\t\t\t\t<div class=\"b-about-digit b-about-digit--middle-center\"\n\t\t\t\tdata-scroll-animation=\"transform\"\n\t\t\t\tdata-scroll-animation-format=\"translateY(%vrem) translateZ(0)\"\n\t\t\t\tdata-scroll-animation-min=\"+10\"\n\t\t\t\tdata-scroll-animation-max=\"-10\">\n\t\t\t\t<div class=\"image image--empty\">01<\/div>\n\t\t\t<\/div>\n\t\t\n\t\t\n\n\t\t<div class=\"b-about-main\">\n\n\t\t\t<div class=\"b-about-caption\">\n\n\t\t\t<div class=\"vertical vertical--bottom\">\n\t\t\t\t<div class=\"vertical-cell\">\n\n\t\t\t<div class=\"dash dash--dark dash--normal\">\n\t\t\t\t<div class=\"dash-line\"><\/div>\n\t\t\t\t<div class=\"dash-text\">Nos emplacements<\/div>\n\t\t\t<\/div><\/div>\n\t\t\t<\/div><\/div>\n\t\t\t<div class=\"b-about-content wysiwyg\">\n\t\t\t\t<p class=\"emphasized\">Au Canada, nous poss\u00e9dons des usines \u00e0 Thetford Mines (Qu\u00e9bec), de m\u00eame que des bureaux \u00e0 L\u00e9vis, \u00e0 Qu\u00e9bec et \u00e0 Ville Saint-Laurent. Aux \u00c9tats-Unis, nous sommes install\u00e9s dans une usine \u00e0 Roanoke, en Virginie.<\/p>\n\n\t\t\t<\/div>\n\n\t\t<\/div>\n\n\t<\/div>\n<\/section><section id=\"b-1678\" class=\"b b-text-sticky b-text-sticky--right\" data-watch data-trigger=\"0.4\" data-preload>\n\n\t<div class=\"container container--side\">\n\n\t\t<div class=\"b-text-sticky-side-area\">\n\t\t\t<div class=\"b-text-sticky-images\">\n\n\t\t\t\t \n\t\t\t\t\t <div class=\"b-text-sticky-image\">\n\t\t\t\t\t\t<div class=\"b-text-sticky-image-background\"><div class=\"image\" style=\"background-image: url(https:\/\/canatal.net\/wp-content\/uploads\/2018\/11\/Canatal-Soudeur-2.jpg)\"><\/div><\/div>\n\t\t\t\t\t\t<div class=\"b-text-sticky-image-foreground\">\n\n\t\t\t\t\t\t\t\n\t\t\t\t\t\t<\/div>\n\t\t\t\t\t<\/div>\n\n\t\t\t\t \n\t\t\t<\/div>\n\t\t<\/div>\n\n\t<\/div>\n\n\t<div class=\"container container--main\">\n\n\t\t<div class=\"b-text-sticky-main-area\">\n\n\t\t\t<div class=\"b-text-sticky-main\">\n\n\t\t\t\t\t\t\t\t\t<div class=\"b-text-sticky-caption\">\n\t\t\t\t\t\t\n\n\t\t\t<div class=\"dash dash--dark dash--normal\">\n\t\t\t\t<div class=\"dash-line\"><\/div>\n\t\t\t\t<div class=\"dash-text\">Travailler chez Canatal<\/div>\n\t\t\t<\/div>\n\t\t\t\t\t<\/div>\n\t\t\t\t\n\t\t\t\t<div class=\"b-text-sticky-items\">\n\n\t\t\t\t\t\n\t\t\t\t\t\t<div class=\"b-text-sticky-item\">\n\t\t\t\t\t\t\t<div class=\"b-text-sticky-item-content wysiwyg\">\n\t\t\t\t\t\t\t\t<h2>Un milieu de travail qui d\u00e9passe vos attentes<\/h2>\n<p>En plus de faire partie de quelque chose de grand, \u00eatre un membre de la famille Canatal vous permet d\u2019acc\u00e9der \u00e0 de nombreux avantages, notamment :<\/p>\n<ol>\n<li>Un environnement de travail s\u00e9curitaire et stimulant<\/li>\n<li>Un endroit dynamique o\u00f9 \u00e9voluer<\/li>\n<li>Un revenu et des avantages concurrentiels<\/li>\n<li>Du travail \u00e0 l\u2019ann\u00e9e et la possibilit\u00e9 de faire des heures suppl\u00e9mentaires<\/li>\n<li>Des journ\u00e9es de cong\u00e9 mobiles<\/li>\n<li>Un r\u00e9gime de retraite et d\u2019assurances collectives<\/li>\n<li>Un programme de formation encadr\u00e9<\/li>\n<li>Un programme d\u2019aide aux employ\u00e9s<\/li>\n<li>Un important sentiment d\u2019appartenance<\/li>\n<li>Un plan de formation et d\u2019am\u00e9lioration continue<\/li>\n<li>Une culture d\u2019entreprise en constante \u00e9volution<\/li>\n<\/ol>\n\n\t\t\t\t\t\t\t<\/div>\n\t\t\t\t\t\t<\/div>\n\n\t\t\t\t\t\n\t\t\t\t<\/div>\n\n\t\t\t<\/div>\n\n\t\t<\/div>\n\n\t<\/div>\n<\/section><section id=\"b-1679\" class=\"b b-quotes\" data-watch data-preload>\n\t<div class=\"container\">\n\n\t\t\t\t\t<div class=\"b-quotes-heading dark wysiwyg\">\n\t\t\t\t<h2>La stabilit\u00e9, la s\u00e9curit\u00e9 et la qualit\u00e9 de vie sont au c\u0153ur de ce que nous construisons chaque jour.<\/h2>\n\n\t\t\t<\/div>\n\t\t\n\t\t<div class=\"b-quotes-items\">\n\n\t\t\t\n\t\t\t\t\t\t\t\t\t\t\t\t\t\n\t\t\t\t<div class=\"b-quotes-item b-quotes-item--text-rg\" data-watch data-visible-class=\"item-visible-on-screen\">\n\n\t\t\t\t\t<div class=\"b-quotes-item-side-area\">\n\t\t\t\t\t\t<div class=\"b-quotes-item-image\">\n\t\t\t\t\t\t\t<div class=\"b-quotes-item-image-background\"><div class=\"image\" style=\"background-image: url(https:\/\/canatal.net\/wp-content\/uploads\/2018\/11\/Canatal-Career-Men1-640x0-c-default.jpg)\"><\/div><\/div>\n\t\t\t\t\t\t\t<div class=\"b-quotes-item-image-foreground\">\n\t\t\t\t\t\t\t\t\t\t\t\t\t\t\t<\/div>\n\t\t\t\t\t\t<\/div>\n\t\t\t\t\t<\/div>\n\n\t\t\t\t\t<div class=\"b-quotes-item-main-area\">\n\t\t\t\t\t\t<div class=\"b-quotes-item-content wysiwyg\"><p>L\u2019ambiance de travail est g\u00e9niale et les gens sont accueillants lorsque nous commen\u00e7ons. \u00c7a fait une \u00e9norme diff\u00e9rence. <\/p>\n<\/div>\n\t\t\t\t\t\t\t\t\t\t\t\t\t\t\t\t\t<\/div>\n\n\t\t\t\t<\/div>\n\n\t\t\t\n\t\t\t\t\t\t\t\t\t\t\t\t\t\n\t\t\t\t<div class=\"b-quotes-item b-quotes-item--text-lf\" data-watch data-visible-class=\"item-visible-on-screen\">\n\n\t\t\t\t\t<div class=\"b-quotes-item-side-area\">\n\t\t\t\t\t\t<div class=\"b-quotes-item-image\">\n\t\t\t\t\t\t\t<div class=\"b-quotes-item-image-background\"><div class=\"image\" style=\"background-image: url(https:\/\/canatal.net\/wp-content\/uploads\/2018\/11\/Canatal-Career-Men2-640x0-c-default.jpg)\"><\/div><\/div>\n\t\t\t\t\t\t\t<div class=\"b-quotes-item-image-foreground\">\n\t\t\t\t\t\t\t\t\t\t\t\t\t\t\t<\/div>\n\t\t\t\t\t\t<\/div>\n\t\t\t\t\t<\/div>\n\n\t\t\t\t\t<div class=\"b-quotes-item-main-area\">\n\t\t\t\t\t\t<div class=\"b-quotes-item-content wysiwyg\"><p>Je travaille toute l\u2019ann\u00e9e, dans de bonnes conditions avec une \u00e9quipe qui a le sens de la communaut\u00e9. On ne me met pas de pression inutile et il n\u2019y a pas de coupures d\u2019emplois\u2026 Je suis ici pour rester!<\/p>\n<\/div>\n\t\t\t\t\t\t\t\t\t\t\t\t\t\t\t\t\t<\/div>\n\n\t\t\t\t<\/div>\n\n\t\t\t\n\t\t\t\t\t\t\t\t\t\t\t\t\t\n\t\t\t\t<div class=\"b-quotes-item b-quotes-item--text-rg\" data-watch data-visible-class=\"item-visible-on-screen\">\n\n\t\t\t\t\t<div class=\"b-quotes-item-side-area\">\n\t\t\t\t\t\t<div class=\"b-quotes-item-image\">\n\t\t\t\t\t\t\t<div class=\"b-quotes-item-image-background\"><div class=\"image\" style=\"background-image: url(https:\/\/canatal.net\/wp-content\/uploads\/2018\/11\/Canatal-Career-Men3-640x0-c-default.jpg)\"><\/div><\/div>\n\t\t\t\t\t\t\t<div class=\"b-quotes-item-image-foreground\">\n\t\t\t\t\t\t\t\t\t\t\t\t\t\t\t<\/div>\n\t\t\t\t\t\t<\/div>\n\t\t\t\t\t<\/div>\n\n\t\t\t\t\t<div class=\"b-quotes-item-main-area\">\n\t\t\t\t\t\t<div class=\"b-quotes-item-content wysiwyg\"><p>Je travaille \u00e0 l\u2019assemblage et au soudage depuis trois ans, et la culture ici nous am\u00e8ne \u00e0 constamment nous am\u00e9liorer. Les gens nous aident beaucoup, je sens que j\u2019apprends vraiment mon m\u00e9tier. <\/p>\n<\/div>\n\t\t\t\t\t\t\t\t\t\t\t\t\t\t\t\t\t<\/div>\n\n\t\t\t\t<\/div>\n\n\t\t\t\n\t\t<\/div>\n\n\t\t\n\t<\/div>\n<\/section><section id=\"b-1680\" class=\"b b-about\" data-watch data-trigger=\"0.5\" data-preload>\n\t<div class=\"container\">\n\n\t\t<div\n\t\t\tclass=\"b-about-image b-about-image--over\"\n\t\t\tdata-scroll-animation=\"transform\"\n\t\t\tdata-scroll-animation-format=\"translateY(%vrem)\"\n\t\t\tdata-scroll-animation-min=\"+3\"\n\t\t\tdata-scroll-animation-max=\"-3\">\n\t\t<\/div>\n\n\t\t\t\t\t<div class=\"b-about-digit b-about-digit--middle-right\"\n\t\t\t\tdata-scroll-animation=\"transform\"\n\t\t\t\tdata-scroll-animation-format=\"translateY(%vrem) translateZ(0)\"\n\t\t\t\tdata-scroll-animation-min=\"+10\"\n\t\t\t\tdata-scroll-animation-max=\"-10\">\n\t\t\t\t<div class=\"image image--empty\">02<\/div>\n\t\t\t<\/div>\n\t\t\n\t\t\n\n\t\t<div class=\"b-about-main\">\n\n\t\t\t<div class=\"b-about-caption\">\n\n\t\t\t<div class=\"vertical vertical--bottom\">\n\t\t\t\t<div class=\"vertical-cell\">\n\n\t\t\t<div class=\"dash dash--dark dash--normal\">\n\t\t\t\t<div class=\"dash-line\"><\/div>\n\t\t\t\t<div class=\"dash-text\">Nos valeurs<\/div>\n\t\t\t<\/div><\/div>\n\t\t\t<\/div><\/div>\n\t\t\t<div class=\"b-about-content wysiwyg\">\n\t\t\t\t<p class=\"emphasized\">Les valeurs de Canatal ne sont pas qu\u2019une fa\u00e7ade. Elles sont au c\u0153ur de notre fonctionnement \u00e0 l\u2019interne et au coeur de nos relations avec tous les clients. Nous sommes fiers de notre mani\u00e8re d\u2019op\u00e9rer. Notre dialogue avec tous nos partenaires est ouvert, direct et honn\u00eate.<\/p>\n\n\t\t\t<\/div>\n\n\t\t<\/div>\n\n\t<\/div>\n<\/section><section id=\"b-1681\" class=\"b b-text-aside\" data-watch data-preload>\n\t<div class=\"container\">\n\n\t\t<div class=\"b-text-aside-main-area\">\n\n\t\t\t<div class=\"b-text-aside-content dark wysiwyg\">\n\t\t\t\t<h2>Notre promesse<\/h2>\n<blockquote><p>Nos employ\u00e9s sont la raison pour laquelle nous sommes reconnus pour notre adaptabilit\u00e9 et notre ing\u00e9niosit\u00e9. Nous promettons de placer nos valeurs au premier plan et au centre de nos activit\u00e9s, car elles d\u00e9finissent qui nous sommes et ce que nous r\u00e9alisons.<\/p><\/blockquote>\n<p><img loading=\"lazy\" decoding=\"async\" class=\"alignnone size-full wp-image-289\" src=\"https:\/\/canatal.net\/app\/uploads\/2018\/11\/signature.png\" alt=\"\" width=\"204\" height=\"90\" \/><\/p>\n\n\t\t\t<\/div>\n\n\t\t\t\n\t\t<\/div>\n\n\t\t<div class=\"b-text-aside-side-area\">\n\t\t\t<div class=\"b-text-aside-image\">\n\t\t\t\t<div class=\"b-text-aside-image-background\"><div class=\"image\" style=\"background-image: url(https:\/\/canatal.net\/wp-content\/uploads\/2018\/11\/quote-ralph-1024x0-c-default.jpg)\"><\/div><\/div>\n\t\t\t\t<div class=\"b-text-aside-image-foreground\">\n\t\t\t\t\t<div class=\"b-text-aside-image-legend\">\n\t\t\t\t\t\t\n\n\t\t\t<div class=\"vertical vertical--bottom\">\n\t\t\t\t<div class=\"vertical-cell\">\n\n\t\t\t<div class=\"dash dash--light dash--normal\">\n\t\t\t\t<div class=\"dash-line\"><\/div>\n\t\t\t\t<div class=\"dash-text\">Ralph Poulin, fondateur et pr\u00e9sident de Canatal<\/div>\n\t\t\t<\/div><\/div>\n\t\t\t<\/div>\n\t\t\t\t\t<\/div>\n\t\t\t\t<\/div>\n\t\t\t<\/div>\n\t\t<\/div>\n\n\t<\/div>\n<\/section><section id=\"b-1682\" class=\"b b-jobs\" data-watch data-preload>\n\t<div class=\"container\">\n\n\t\t<div class=\"b-jobs-main\">\n\n\t\t\t\t\t\t\t<div class=\"b-jobs-heading wysiwyg\">\n\t\t\t\t\t<h2>Emplois disponibles<\/h2>\n<p>Un poste chez Canatal, \u00e7a vous parle?<br \/>\nNous avons h\u00e2te de vous rencontrer!<\/p>\n\n\t\t\t\t<\/div>\n\t\t\t\n\t\t\t<div class=\"b-jobs-items\">\n\n\t\t\t\t\n\t\t\t\t\t<div class=\"b-jobs-item\">\n\t\t\t\t\t\t<div class=\"button-action button-action--dark\">\n\t\t\t\t\t\t\t<a href=\"https:\/\/canatal.net\/fr\/carrieres\/coordonnateur-projets-et-soumissions\/\">Coordonnateur &#8211; Projets et soumissions<\/a>\n\t\t\t\t\t\t<\/div>\n\t\t\t\t\t<\/div>\n\n\t\t\t\t\n\t\t\t\t\t<div class=\"b-jobs-item\">\n\t\t\t\t\t\t<div class=\"button-action button-action--dark\">\n\t\t\t\t\t\t\t<a href=\"https:\/\/canatal.net\/fr\/carrieres\/soudeur-soir-canada\/\">Soudeur &#8211; Soir (Canada)<\/a>\n\t\t\t\t\t\t<\/div>\n\t\t\t\t\t<\/div>\n\n\t\t\t\t\n\t\t\t\t\t<div class=\"b-jobs-item\">\n\t\t\t\t\t\t<div class=\"button-action button-action--dark\">\n\t\t\t\t\t\t\t<a href=\"https:\/\/canatal.net\/fr\/carrieres\/peintre-chargeur-soir\/\">Peintre-chargeur &#8211; Soir (Canada)<\/a>\n\t\t\t\t\t\t<\/div>\n\t\t\t\t\t<\/div>\n\n\t\t\t\t\n\t\t\t\t\t<div class=\"b-jobs-item\">\n\t\t\t\t\t\t<div class=\"button-action button-action--dark\">\n\t\t\t\t\t\t\t<a href=\"https:\/\/canatal.net\/fr\/carrieres\/fitters-welders\/\">Fitters-Welders\u00a0(United States)<\/a>\n\t\t\t\t\t\t<\/div>\n\t\t\t\t\t<\/div>\n\n\t\t\t\t\n\t\t\t\t\t<div class=\"b-jobs-item\">\n\t\t\t\t\t\t<div class=\"button-action button-action--dark\">\n\t\t\t\t\t\t\t<a href=\"https:\/\/canatal.net\/fr\/carrieres\/soudeurs-assembleurs-et-soudeurs\/\">Soudeur-assembleur &#8211; Soir (Canada)<\/a>\n\t\t\t\t\t\t<\/div>\n\t\t\t\t\t<\/div>\n\n\t\t\t\t\n\t\t\t<\/div>\n\n\t\t<\/div>\n\n\t<\/div>\n<\/section><section id=\"b-1683\" class=\"b b-job-application\" data-watch data-preload>\n\t<div class=\"container\">\n\t\t<div class=\"b-job-application-main\">\n\n\t\t\t<div class=\"b-job-application-caption dark\">\n\t\t\t\t\n\n\t\t\t<div class=\"dash dash--light dash--normal\">\n\t\t\t\t<div class=\"dash-line\"><\/div>\n\t\t\t\t<div class=\"dash-text\">Postulez<\/div>\n\t\t\t<\/div>\n\t\t\t<\/div>\n\n\t\t\t<div class=\"b-job-application-heading dark wysiwyg\">\n\t\t\t\t<h2>Vous souhaitez poser votre candidature pour un poste chez Canatal?<\/h2>\n<p>Nous sommes toujours ouverts \u00e0 accueillir de nouveaux talents.<br \/>\nEnvoyez votre demande ici<\/p>\n\n\t\t\t<\/div>\n\n\t\t\t<div class=\"b-job-application-form\">\n\t\t\t\t\n<div class=\"wpcf7 no-js\" id=\"wpcf7-f2203-o1\" lang=\"en-US\" dir=\"ltr\" data-wpcf7-id=\"2203\">\n<div class=\"screen-reader-response\"><p role=\"status\" aria-live=\"polite\" aria-atomic=\"true\"><\/p> <ul><\/ul><\/div>\n<form action=\"\/fr\/wp-json\/wp\/v2\/pages\/1675#wpcf7-f2203-o1\" method=\"post\" class=\"wpcf7-form init\" aria-label=\"Contact form\" enctype=\"multipart\/form-data\" novalidate=\"novalidate\" data-status=\"init\">\n<div style=\"display: none;\">\n<input type=\"hidden\" name=\"_wpcf7\" value=\"2203\" \/>\n<input type=\"hidden\" name=\"_wpcf7_version\" value=\"6.0.6\" \/>\n<input type=\"hidden\" name=\"_wpcf7_locale\" value=\"en_US\" \/>\n<input type=\"hidden\" name=\"_wpcf7_unit_tag\" value=\"wpcf7-f2203-o1\" \/>\n<input type=\"hidden\" name=\"_wpcf7_container_post\" value=\"0\" \/>\n<input type=\"hidden\" name=\"_wpcf7_posted_data_hash\" value=\"\" \/>\n<\/div>\n<div class=\"form-section\">\n\t<div class=\"form-row\">\n\t\t<div class=\"form-field\">\n\t\t\t<p><label for=\"firstname\">Pr\u00e9nom *<\/label><br \/>\n<span class=\"wpcf7-form-control-wrap\" data-name=\"firstname\"><input size=\"40\" maxlength=\"400\" class=\"wpcf7-form-control wpcf7-text wpcf7-validates-as-required\" aria-required=\"true\" aria-invalid=\"false\" value=\"\" type=\"text\" name=\"firstname\" \/><\/span>\n\t\t\t<\/p>\n\t\t<\/div>\n\t\t<div class=\"form-field\">\n\t\t\t<p><label for=\"lastname\">Nom *<\/label><br \/>\n<span class=\"wpcf7-form-control-wrap\" data-name=\"lastname\"><input size=\"40\" maxlength=\"400\" class=\"wpcf7-form-control wpcf7-text wpcf7-validates-as-required\" aria-required=\"true\" aria-invalid=\"false\" value=\"\" type=\"text\" name=\"lastname\" \/><\/span>\n\t\t\t<\/p>\n\t\t<\/div>\n\t<\/div>\n\t<div class=\"form-row\">\n\t\t<div class=\"form-field\">\n\t\t\t<p><label for=\"email-address\">Courriel *<\/label><br \/>\n<span class=\"wpcf7-form-control-wrap\" data-name=\"email-address\"><input size=\"40\" maxlength=\"400\" class=\"wpcf7-form-control wpcf7-text wpcf7-validates-as-required\" aria-required=\"true\" aria-invalid=\"false\" value=\"\" type=\"text\" name=\"email-address\" \/><\/span>\n\t\t\t<\/p>\n\t\t<\/div>\n\t\t<div class=\"form-field\">\n\t\t\t<p><label for=\"phone-number\">T\u00e9l\u00e9phone *<\/label><br \/>\n<span class=\"wpcf7-form-control-wrap\" data-name=\"phone-number\"><input size=\"40\" maxlength=\"400\" class=\"wpcf7-form-control wpcf7-text wpcf7-validates-as-required\" aria-required=\"true\" aria-invalid=\"false\" value=\"\" type=\"text\" name=\"phone-number\" \/><\/span>\n\t\t\t<\/p>\n\t\t<\/div>\n\t<\/div>\n\t<div class=\"form-row\">\n\t\t<div class=\"form-field\">\n\t\t\t<p><label for=\"position\">Position *<\/label><br \/>\n<span class=\"wpcf7-form-control-wrap\" data-name=\"position\"><input size=\"40\" maxlength=\"400\" class=\"wpcf7-form-control wpcf7-text wpcf7-validates-as-required\" aria-required=\"true\" aria-invalid=\"false\" value=\"\" type=\"text\" name=\"position\" \/><\/span>\n\t\t\t<\/p>\n\t\t<\/div>\n\t\t<div class=\"form-field form-field--empty\">\n\t\t<\/div>\n\t<\/div>\n<\/div>\n<div class=\"form-section\">\n\t<div class=\"form-row\">\n\t\t<div class=\"form-field form-field--textarea\">\n\t\t\t<p><label for=\"message\">Message ou pr\u00e9sentation<\/label><br \/>\n<span class=\"wpcf7-form-control-wrap\" data-name=\"message\"><textarea cols=\"40\" rows=\"10\" maxlength=\"2000\" class=\"wpcf7-form-control wpcf7-textarea\" aria-invalid=\"false\" name=\"message\"><\/textarea><\/span>\n\t\t\t<\/p>\n\t\t<\/div>\n\t<\/div>\n\t<div class=\"form-row\">\n\t\t<div class=\"form-field form-field--file\">\n\t\t\t<div class=\"form-file-value\">\n\t\t\t\t<p><span class=\"form-file-value-text\">CV&nbsp;<em>(document Word ou PDF seulement)<\/em><\/span><br \/>\n<span class=\"wpcf7-form-control-wrap\" data-name=\"attached\"><input size=\"40\" class=\"wpcf7-form-control wpcf7-file\" accept=\".doc,.docx,.pdf\" aria-invalid=\"false\" type=\"file\" name=\"attached\" \/><\/span>\n\t\t\t\t<\/p>\n\t\t\t<\/div>\n\t\t<\/div>\n\t<\/div>\n<\/div>\n<div class=\"form-footer\">\n\t<div class=\"form-footer-action\">\n\t\t<p><input type=\"submit\" value=\"Envoyer\" \/>\n\t\t<\/p>\n\t<\/div>\n<\/div><div class=\"wpcf7-response-output\" aria-hidden=\"true\"><\/div>\n<\/form>\n<\/div>\n\n\t\t\t<\/div>\n\n\t\t<\/div>\n\t<\/div>\n<\/section><section id=\"b-2843\" class=\"b b-text\" data-watch data-preload>\n\t<div class=\"container\">\n\t\t<div class=\"b-text-content wysiwyg\">\n\t\t\t<p><img decoding=\"async\" class=\"alignnone size-full wp-image-2779\" src=\"https:\/\/canatal.net\/app\/uploads\/2018\/12\/525-emplois_FR.jpg\" alt=\"\" width=\"100%\" \/> <\/p>\n\n\t\t<\/div>\n\t<\/div>\n<\/section><section id=\"b-1684\" class=\"b b-text-sticky b-text-sticky--right\" data-watch data-trigger=\"0.4\" data-preload>\n\n\t<div class=\"container container--side\">\n\n\t\t<div class=\"b-text-sticky-side-area\">\n\t\t\t<div class=\"b-text-sticky-images\">\n\n\t\t\t\t \n\t\t\t\t\t <div class=\"b-text-sticky-image\">\n\t\t\t\t\t\t<div class=\"b-text-sticky-image-background\"><div class=\"image\" style=\"background-image: url(https:\/\/canatal.net\/wp-content\/uploads\/2018\/11\/Canatal-Soudeur-Team.jpg)\"><\/div><\/div>\n\t\t\t\t\t\t<div class=\"b-text-sticky-image-foreground\">\n\n\t\t\t\t\t\t\t\n\t\t\t\t\t\t<\/div>\n\t\t\t\t\t<\/div>\n\n\t\t\t\t \n\t\t\t<\/div>\n\t\t<\/div>\n\n\t<\/div>\n\n\t<div class=\"container container--main\">\n\n\t\t<div class=\"b-text-sticky-main-area\">\n\n\t\t\t<div class=\"b-text-sticky-main\">\n\n\t\t\t\t\n\t\t\t\t<div class=\"b-text-sticky-items\">\n\n\t\t\t\t\t\n\t\t\t\t\t\t<div class=\"b-text-sticky-item\">\n\t\t\t\t\t\t\t<div class=\"b-text-sticky-item-content wysiwyg\">\n\t\t\t\t\t\t\t\t<h2>Une approche ax\u00e9e sur des valeurs communes<\/h2>\n<p class=\"emphasized\">Les valeurs de Canatal concernent tout le monde : tant les clients que les employ\u00e9s.<\/p>\n<h4>Fiabilit\u00e9<\/h4>\n<p>Nous sommes reconnus comme des gens fiables et nous sommes fiers de l\u2019\u00eatre. Honorer nos engagements fait partie de notre culture.<\/p>\n<h4>Agilit\u00e9<\/h4>\n<p>\u00c0 une \u00e9poque o\u00f9 les changements deviennent la norme, notre adaptabilit\u00e9 fait toute la diff\u00e9rence.<\/p>\n<h4>Talent<\/h4>\n<p>Nous avons la capacit\u00e9 de reconna\u00eetre les talents et la volont\u00e9 de les faire \u00e9clore.<\/p>\n<h4>Collaboration<\/h4>\n<p>Nous cultivons des liens privil\u00e9gi\u00e9s avec nos partenaires d\u2019affaires puisque nous savons qu\u2019ils sont indispensables aux solutions offertes \u00e0 nos clients.<\/p>\n<h4>Succ\u00e8s<\/h4>\n<p>La p\u00e9rennit\u00e9 de Canatal repose sur les assises suivantes : le go\u00fbt du d\u00e9passement pour chacun de nous, le travail d\u2019\u00e9quipe et l\u2019engagement corporatif de s\u2019investir.<\/p>\n\n\t\t\t\t\t\t\t<\/div>\n\t\t\t\t\t\t<\/div>\n\n\t\t\t\t\t\n\t\t\t\t<\/div>\n\n\t\t\t<\/div>\n\n\t\t<\/div>\n\n\t<\/div>\n<\/section><section id=\"b-1685\" class=\"b b-cta  b-cta--darken \" data-watch data-trigger=\"0.4\" data-preload>\n\n\t<div class=\"b-cta-background\"><div class=\"image\" style=\"background-image: url(https:\/\/canatal.net\/wp-content\/uploads\/2018\/11\/Canatal-Soudeur-2.jpg)\"><\/div><\/div>\n\t<div class=\"b-cta-foreground\">\n\t\t<div class=\"container\">\n\n\t\t\t<div class=\"b-cta-caption\">\n\n\t\t\t<div class=\"vertical vertical--bottom\">\n\t\t\t\t<div class=\"vertical-cell\">\n\n\t\t\t<div class=\"dash dash--light dash--normal\">\n\t\t\t\t<div class=\"dash-line\"><\/div>\n\t\t\t\t<div class=\"dash-text\">Carri\u00e8res<\/div>\n\t\t\t<\/div><\/div>\n\t\t\t<\/div><\/div>\n\t\t\t<div class=\"b-cta-content wysiwyg dark\">\n\t\t\t\t<h2>B\u00e2tissons quelque chose d\u2019ing\u00e9nieux\u00a0ensemble<\/h2>\n<p>\u00c0 la recherche d\u2019une vraie carri\u00e8re?<\/p>\n\n\t\t\t<\/div>\n\n\t\t\t\t\t\t\t<div class=\"b-cta-action arrow-trigger\">\n\t\t\t\t\t<div class=\"b-cta-action-arrow\"><div class=\"arrow\"><\/div><\/div>\n\t\t\t\t\t<div class=\"b-cta-action-label\">\n\t\t\t\t\t\t\n\t\t\t<div class=\"button-action button-action--light\">\n\t\t\t\t<a href=\"https:\/\/canatal.net\/fr\/travailler-chez-canatal\/#postulez\">Postulez maintenant<\/a>\n\t\t\t<\/div>\n\t\t\t\t\t<\/div>\n\t\t\t\t<\/div>\n\t\t\t\n\t\t<\/div>\n\t<\/div>\n\n<\/section>","protected":false},"excerpt":{"rendered":"<p>Travailler chez Canatal Le temps passe vite lorsqu\u2019on b\u00e2tit de grandes choses Canatal est toujours \u00e0 la recherche de candidats dynamiques pour occuper diff\u00e9rents postes dans ses installations du Canada et des \u00c9tats-Unis. Notre \u00e9quipe exceptionnelle est constitu\u00e9e de plus de 525 individus talentueux, habiles et ing\u00e9nieux qui sont li\u00e9s par de fortes valeurs, un &hellip; <a href=\"https:\/\/canatal.net\/fr\/travailler-chez-canatal\/\">Continued<\/a><\/p>\n","protected":false},"author":1,"featured_media":0,"parent":0,"menu_order":0,"comment_status":"closed","ping_status":"closed","template":"","meta":{"_acf_changed":false,"footnotes":""},"class_list":["post-1675","page","type-page","status-publish","hentry"],"acf":[],"_links":{"self":[{"href":"https:\/\/canatal.net\/fr\/wp-json\/wp\/v2\/pages\/1675","targetHints":{"allow":["GET"]}}],"collection":[{"href":"https:\/\/canatal.net\/fr\/wp-json\/wp\/v2\/pages"}],"about":[{"href":"https:\/\/canatal.net\/fr\/wp-json\/wp\/v2\/types\/page"}],"author":[{"embeddable":true,"href":"https:\/\/canatal.net\/fr\/wp-json\/wp\/v2\/users\/1"}],"replies":[{"embeddable":true,"href":"https:\/\/canatal.net\/fr\/wp-json\/wp\/v2\/comments?post=1675"}],"version-history":[{"count":2,"href":"https:\/\/canatal.net\/fr\/wp-json\/wp\/v2\/pages\/1675\/revisions"}],"predecessor-version":[{"id":2146,"href":"https:\/\/canatal.net\/fr\/wp-json\/wp\/v2\/pages\/1675\/revisions\/2146"}],"wp:attachment":[{"href":"https:\/\/canatal.net\/fr\/wp-json\/wp\/v2\/media?parent=1675"}],"curies":[{"name":"wp","href":"https:\/\/api.w.org\/{rel}","templated":true}]}}