{"id":1687,"date":"2018-11-05T00:25:47","date_gmt":"2018-11-05T00:25:47","guid":{"rendered":"https:\/\/canatal.net\/contact-us\/"},"modified":"2022-11-14T08:09:17","modified_gmt":"2022-11-14T13:09:17","slug":"communiquez-avec-canatal","status":"publish","type":"page","link":"https:\/\/canatal.net\/fr\/communiquez-avec-canatal\/","title":{"rendered":"Nous joindre"},"content":{"rendered":"<section id=\"b-1688\" class=\"b b-header-page  b-header-page--darken \" data-watch data-preload>\n\n\t<div class=\"b-header-page-background\">\n\t\t<div class=\"container\">\n\t\t\t<div class=\"b-header-page-image\">\n\t\t\t\t<div class=\"b-header-page-image-background\"><div class=\"image\" style=\"background-image: url(https:\/\/canatal.net\/wp-content\/uploads\/2018\/11\/Canatal-seaport8792-1024x0-c-default.jpg)\"><\/div><\/div>\n\t\t\t\t<div class=\"b-header-page-image-foreground\">\n\t\t\t\t\t\t\t\t\t\t\t<div class=\"b-header-page-image-legend\">\n\t\t\t\t\t\t\t\n\n\t\t\t<div class=\"vertical vertical--bottom\">\n\t\t\t\t<div class=\"vertical-cell\">\n\n\t\t\t<div class=\"dash dash--dark dash--normal\">\n\t\t\t\t<div class=\"dash-line\"><\/div>\n\t\t\t\t<div class=\"dash-text\">Seaport Parcel B-C, Boston, MA \/ 10 000 tonnes<\/div>\n\t\t\t<\/div><\/div>\n\t\t\t<\/div>\n\t\t\t\t\t\t<\/div>\n\t\t\t\t\t\t\t\t\t<\/div>\n\t\t\t<\/div>\n\t\t<\/div>\n\t<\/div>\n\n\t<div class=\"container\">\n\n\t\t<div class=\"b-header-page-foreground\">\n\t\t\t<div class=\"b-header-page-content wysiwyg dark\">\n\t\t\t\t<h1>Tout commence ici!<\/h1>\n<p class=\"emphasized\">Communiquez avec Canatal<\/p>\n<p>Peu importe votre d\u00e9fi, Canatal sera \u00e0 la hauteur.<br \/>\nNous serions heureux de discuter de votre projet et de r\u00e9pondre \u00e0 vos questions :<\/p>\n<p><a class=\"cta\" href=\"mailto:info@canatal.net\">Renseignement g\u00e9n\u00e9raux<\/a><\/p>\n<p><a class=\"cta\" href=\"mailto:emplois@canatal.net\">Services de ressources humaines<\/a><\/p>\n\n\t\t\t<\/div>\n\t\t<\/div>\n\n\t\t<div class=\"b-header-page-rg-area\">\n\t\t\t<div class=\"phone-indicator phone-indicator--light\">\n\t\t\t\t\n\n\t\t\t<div class=\"vertical vertical--top\">\n\t\t\t\t<div class=\"vertical-cell\"><a href=\"tel:1 418 338-6044\">1 418 338-6044<\/a><\/div>\n\t\t\t<\/div>\n\t\t\t<\/div>\n\t\t<\/div>\n\n\t<\/div>\n\n<\/section><section id=\"b-1689\" class=\"b-reps\" data-watch data-trigger=\"0.4\" data-preload>\n\t<div class=\"container\">\n\n\t\t\t\t\t<div class=\"b-reps-heading wysiwyg\">\n\t\t\t\t<h2>Communiquez avec<br \/>\nnos repr\u00e9sentants r\u00e9gionaux<\/h2>\n\n\t\t\t<\/div>\n\t\t\n\t\t<div class=\"b-reps-items\">\n\n\t\t\t\n\t\t\t\t<div class=\"b-reps-item\">\n\n\t\t\t\t\t<h3 class=\"b-reps-item-name\">Danny Lapointe, Eng<\/h3>\n\t\t\t\t\t<h4 class=\"b-reps-item-region\"><br><b>Directeur ventes et estimations<\/b> <br><br> R\u00e9gion de Boston<\/h4>\n\n\t\t\t\t\t<div class=\"b-reps-item-image\">\n\t\t\t\t\t\t<div class=\"image\" style=\"background-image: url(https:\/\/canatal.net\/wp-content\/uploads\/2018\/11\/Canatal-Danny_Lapointe-468x0-c-default.jpg)\"><\/div>\n\t\t\t\t\t<\/div>\n\n\t\t\t\t\t<div class=\"b-reps-item-phone\"><a href=\"tel:N\/A\">N\/A<\/a><\/div>\n\t\t\t\t\t<div class=\"b-reps-item-email\"><a href=\"mailto:dlapointe@canatal.net\">\u00c9crivez-moi<\/a><\/div>\n\n\t\t\t\t<\/div>\n\n\t\t\t\n\t\t\t\t<div class=\"b-reps-item\">\n\n\t\t\t\t\t<h3 class=\"b-reps-item-name\">Luc Grenier<\/h3>\n\t\t\t\t\t<h4 class=\"b-reps-item-region\"><br><b>Repr\u00e9sentant des ventes<\/b> <br><br> R\u00e9gion Mid-Atlantic et Nouvelle-Angleterre<\/h4>\n\n\t\t\t\t\t<div class=\"b-reps-item-image\">\n\t\t\t\t\t\t<div class=\"image\" style=\"background-image: url(https:\/\/canatal.net\/wp-content\/uploads\/2018\/11\/Canatal-Luc_Grenier-468x0-c-default.jpg)\"><\/div>\n\t\t\t\t\t<\/div>\n\n\t\t\t\t\t<div class=\"b-reps-item-phone\"><a href=\"tel:N\/A\">N\/A<\/a><\/div>\n\t\t\t\t\t<div class=\"b-reps-item-email\"><a href=\"mailto:lgrenier@canatal.net\">\u00c9crivez-moi<\/a><\/div>\n\n\t\t\t\t<\/div>\n\n\t\t\t\n\t\t\t\t<div class=\"b-reps-item\">\n\n\t\t\t\t\t<h3 class=\"b-reps-item-name\">Mel Grillo<\/h3>\n\t\t\t\t\t<h4 class=\"b-reps-item-region\"><br><b>Repr\u00e9sentant des ventes<\/b><br><br> New York, New Jersey et Pennsylvanie<\/h4>\n\n\t\t\t\t\t<div class=\"b-reps-item-image\">\n\t\t\t\t\t\t<div class=\"image\" style=\"background-image: url(https:\/\/canatal.net\/wp-content\/uploads\/2018\/11\/Canatal-Mel_Grillo-468x0-c-default.jpg)\"><\/div>\n\t\t\t\t\t<\/div>\n\n\t\t\t\t\t<div class=\"b-reps-item-phone\"><a href=\"tel:347 886 8215\">347 886 8215<\/a><\/div>\n\t\t\t\t\t<div class=\"b-reps-item-email\"><a href=\"mailto:mgrillo@canatal.net\">\u00c9crivez-moi<\/a><\/div>\n\n\t\t\t\t<\/div>\n\n\t\t\t\n\t\t<\/div>\n\n\t<\/div>\n<\/section><section id=\"b-1690\" class=\"b-offices\" data-watch data-trigger=\"0.4\" data-preload>\n\t<div class=\"container\">\n\n\t\t\t\t\t<div class=\"b-offices-heading wysiwyg\">\n\t\t\t\t<h2>La force d\u2019une \u00e9quipe<br \/>\nr\u00e9partie dans 2 pays<\/h2>\n\n\t\t\t<\/div>\n\t\t\n\t\t<div class=\"b-offices-items\">\n\n\t\t\t\n\t\t\t\t<div class=\"b-offices-item\">\n\n\t\t\t\t\t<h4 class=\"b-offices-item-location\">CANADA<\/h4>\n\t\t\t\t\t<h3 class=\"b-offices-item-name\">Canatal Industries Inc.<\/h3>\n\n\t\t\t\t\t<div class=\"b-offices-item-image\">\n\t\t\t\t\t\t<div class=\"image\" style=\"background-image: url(https:\/\/canatal.net\/wp-content\/uploads\/2018\/11\/canatal_nps-30-1-468x0-c-default.jpg)\"><\/div>\n\t\t\t\t\t<\/div>\n\n\t\t\t\t\t<div class=\"b-offices-item-infos\">\n\t\t\t\t\t\t<div class=\"b-offices-item-address\">2885, boul. Frontenac Est<br \/>\r\nThetford Mines, Qu\u00e9bec, Canada<br \/>\r\nG6G 6P6<br \/>\r\n418 338-6044<\/div>\n\t\t\t\t\t\t\t\t\t\t\t\t\t<div class=\"b-offices-item-certification\">\n\t\t\t\t\t\t\t\t<img decoding=\"async\" class=\"image\" src=\"https:\/\/canatal.net\/wp-content\/uploads\/2018\/11\/ASIC-Canatal.jpg\">\n\n\t\t\t\t\t\t<\/div>\n\n\t\t\t\t\t\t\t\t\t\t\t<\/div>\n\n\t\t\t\t<\/div>\n\n\t\t\t\n\t\t\t\t<div class=\"b-offices-item\">\n\n\t\t\t\t\t<h4 class=\"b-offices-item-location\">USA<\/h4>\n\t\t\t\t\t<h3 class=\"b-offices-item-name\">Canatal Steel USA<\/h3>\n\n\t\t\t\t\t<div class=\"b-offices-item-image\">\n\t\t\t\t\t\t<div class=\"image\" style=\"background-image: url(https:\/\/canatal.net\/wp-content\/uploads\/2018\/11\/canatal-office-ranoke-v1-468x0-c-default.jpg)\"><\/div>\n\t\t\t\t\t<\/div>\n\n\t\t\t\t\t<div class=\"b-offices-item-infos\">\n\t\t\t\t\t\t<div class=\"b-offices-item-address\">459 Industrial Drive<br \/>\r\nRoanoke, VA 24019<br \/>\r\n540 966-6218<\/div>\n\t\t\t\t\t\t\t\t\t\t\t\t\t<div class=\"b-offices-item-certification\">\n\t\t\t\t\t\t\t\t<img decoding=\"async\" class=\"image\" src=\"https:\/\/canatal.net\/wp-content\/uploads\/2018\/11\/ASIC-Contactus-Canatal.jpg\">\n\n\t\t\t\t\t\t<\/div>\n\n\t\t\t\t\t\t\t\t\t\t\t<\/div>\n\n\t\t\t\t<\/div>\n\n\t\t\t\n\t\t<\/div>\n\n\t<\/div>\n<\/section><section id=\"b-1691\" class=\"b b-text\" data-watch data-preload>\n\t<div class=\"container\">\n\t\t<div class=\"b-text-content wysiwyg\">\n\t\t\t<h2>Impatient de commencer<br \/>\nle travail avec Canatal?<\/h2>\n\n\t\t<\/div>\n\t<\/div>\n<\/section><section id=\"b-1692\" class=\"b b-cta-group\" data-watch data-trigger=\"0.4\" data-preload>\n\t<div class=\"container\">\n\n\t\t\n\t<div class=\"b-cta-group-main-area\">\n\t\t<div class=\"b-cta-group-item\">\n\n\t\t\t<div class=\"b-cta-group-item-background\">\n\t\t\t\t<div class=\"b-cta-group-item-image\"><div class=\"image\" style=\"background-image: url(https:\/\/canatal.net\/wp-content\/uploads\/2018\/11\/Canatal-Taunton-Trial-Court-720x0-c-default.jpg)\"><\/div><\/div>\n\t\t\t<\/div>\n\n\t\t\t<div class=\"b-cta-group-item-foreground\">\n\n\t\t\t\t<div class=\"b-cta-group-item-caption\">\n\n\t\t\t<div class=\"vertical vertical--bottom\">\n\t\t\t\t<div class=\"vertical-cell\">\n\n\t\t\t<div class=\"dash dash--dark dash--normal\">\n\t\t\t\t<div class=\"dash-line\"><\/div>\n\t\t\t\t<div class=\"dash-text\">Services<\/div>\n\t\t\t<\/div><\/div>\n\t\t\t<\/div><\/div>\n\t\t\t\t<div class=\"b-cta-group-item-content wysiwyg\">\n\t\t\t\t\t<h2>Voyez de quoi Canatal est capable<\/h2>\n\n\t\t\t\t<\/div>\n\n\t\t\t\t<div class=\"b-cta-group-item-action\">\n\t\t\t\t\t\n\t\t\t<div class=\"button-action button-action--dark\">\n\t\t\t\t<a href=\"https:\/\/canatal.net\/fr\/services\/fabrication\/\">Fabrication de charpentes d\u2019acier<\/a>\n\t\t\t<\/div>\n\t\t\t\t<\/div>\n\n\t\t\t<\/div>\n\t\t<\/div>\n\t<\/div>\n\n\t<div class=\"b-cta-group-side-area\">\n\t\t<div class=\"b-cta-group-item\">\n\n\t\t\t<div class=\"b-cta-group-item-background\">\n\t\t\t\t<div class=\"b-cta-group-item-image\"><div class=\"image\" style=\"background-image: url(https:\/\/canatal.net\/wp-content\/uploads\/2018\/11\/Canatal-Roanoke-Soudeur-720x0-c-default.jpg)\"><\/div><\/div>\n\t\t\t<\/div>\n\n\t\t\t<div class=\"b-cta-group-item-foreground\">\n\n\t\t\t\t<div class=\"b-cta-group-item-caption\">\n\n\t\t\t<div class=\"vertical vertical--bottom\">\n\t\t\t\t<div class=\"vertical-cell\">\n\n\t\t\t<div class=\"dash dash--light dash--reverse\">\n\t\t\t\t<div class=\"dash-line\"><\/div>\n\t\t\t\t<div class=\"dash-text\">Carri\u00e8re<\/div>\n\t\t\t<\/div><\/div>\n\t\t\t<\/div><\/div>\n\t\t\t\t<div class=\"b-cta-group-item-content wysiwyg dark\">\n\t\t\t\t\t<h2>\u00c0 la recherche d\u2019une v\u00e9ritable carri\u00e8re?<\/h2>\n<p>Un environnement de travail stable et sympathique o\u00f9 apprendre des meilleurs de l\u2019industrie?<\/p>\n<p>N\u2019attendez pas, l\u2019\u00e9quipe de Canatal accueille toutes les candidatures<\/p>\n\n\t\t\t\t<\/div>\n\n\t\t\t\t<div class=\"b-cta-group-item-action\">\n\t\t\t\t\t\n\t\t\t<div class=\"button-action button-action--light\">\n\t\t\t\t<a href=\"https:\/\/canatal.net\/fr\/travailler-chez-canatal\/\">Postulez ici<\/a>\n\t\t\t<\/div>\n\t\t\t\t<\/div>\n\n\t\t\t<\/div>\n\t\t<\/div>\n\t<\/div>\n\n<\/section>","protected":false},"excerpt":{"rendered":"<p>Seaport Parcel B-C, Boston, MA \/ 10 000 tonnes Tout commence ici! Communiquez avec Canatal Peu importe votre d\u00e9fi, Canatal sera \u00e0 la hauteur. Nous serions heureux de discuter de votre projet et de r\u00e9pondre \u00e0 vos questions : Renseignement g\u00e9n\u00e9raux Services de ressources humaines 1 418 338-6044 Communiquez avec nos repr\u00e9sentants r\u00e9gionaux Danny Lapointe, &hellip; <a href=\"https:\/\/canatal.net\/fr\/communiquez-avec-canatal\/\">Continued<\/a><\/p>\n","protected":false},"author":1,"featured_media":0,"parent":0,"menu_order":0,"comment_status":"closed","ping_status":"closed","template":"","meta":{"_acf_changed":false,"footnotes":""},"class_list":["post-1687","page","type-page","status-publish","hentry"],"acf":[],"_links":{"self":[{"href":"https:\/\/canatal.net\/fr\/wp-json\/wp\/v2\/pages\/1687","targetHints":{"allow":["GET"]}}],"collection":[{"href":"https:\/\/canatal.net\/fr\/wp-json\/wp\/v2\/pages"}],"about":[{"href":"https:\/\/canatal.net\/fr\/wp-json\/wp\/v2\/types\/page"}],"author":[{"embeddable":true,"href":"https:\/\/canatal.net\/fr\/wp-json\/wp\/v2\/users\/1"}],"replies":[{"embeddable":true,"href":"https:\/\/canatal.net\/fr\/wp-json\/wp\/v2\/comments?post=1687"}],"version-history":[{"count":4,"href":"https:\/\/canatal.net\/fr\/wp-json\/wp\/v2\/pages\/1687\/revisions"}],"predecessor-version":[{"id":5180,"href":"https:\/\/canatal.net\/fr\/wp-json\/wp\/v2\/pages\/1687\/revisions\/5180"}],"wp:attachment":[{"href":"https:\/\/canatal.net\/fr\/wp-json\/wp\/v2\/media?parent=1687"}],"curies":[{"name":"wp","href":"https:\/\/api.w.org\/{rel}","templated":true}]}}