{"id":1705,"date":"2018-11-05T00:23:15","date_gmt":"2018-11-05T00:23:15","guid":{"rendered":"https:\/\/canatal.net\/services\/"},"modified":"2019-04-16T10:41:33","modified_gmt":"2019-04-16T15:41:33","slug":"services","status":"publish","type":"page","link":"https:\/\/canatal.net\/fr\/services\/","title":{"rendered":"Services"},"content":{"rendered":"<section id=\"b-1706\" class=\"b b-header-page  b-header-page--darken \" data-watch data-preload>\n\n\t<div class=\"b-header-page-background\">\n\t\t<div class=\"container\">\n\t\t\t<div class=\"b-header-page-image\">\n\t\t\t\t<div class=\"b-header-page-image-background\"><div class=\"image\" style=\"background-image: url(https:\/\/canatal.net\/wp-content\/uploads\/2018\/11\/Canatal-AlbanySt-1024x0-c-default.jpg)\"><\/div><\/div>\n\t\t\t\t<div class=\"b-header-page-image-foreground\">\n\t\t\t\t\t\t\t\t\t\t\t<div class=\"b-header-page-image-legend\">\n\t\t\t\t\t\t\t\n\n\t\t\t<div class=\"vertical vertical--bottom\">\n\t\t\t\t<div class=\"vertical-cell\">\n\n\t\t\t<div class=\"dash dash--dark dash--normal\">\n\t\t\t\t<div class=\"dash-line\"><\/div>\n\t\t\t\t<div class=\"dash-text\">275 Albany Street, Boston, MA \/ 2 602 tonnes<\/div>\n\t\t\t<\/div><\/div>\n\t\t\t<\/div>\n\t\t\t\t\t\t<\/div>\n\t\t\t\t\t\t\t\t\t<\/div>\n\t\t\t<\/div>\n\t\t<\/div>\n\t<\/div>\n\n\t<div class=\"container\">\n\n\t\t<div class=\"b-header-page-foreground\">\n\t\t\t<div class=\"b-header-page-content wysiwyg dark\">\n\t\t\t\t<h1>Services<\/h1>\n<p class=\"emphasized\">Des solutions cl\u00e9 en main<\/p>\n<p>Chez Canatal, l\u2019ing\u00e9niosit\u00e9 va bien au-del\u00e0 des connaissances et des ressources, elle est bas\u00e9e sur une communication constante et une \u00e9coute des besoins de nos clients. C\u2019est notre mani\u00e8re de constamment repousser les limites de l\u2019excellence. Nous fabriquons des structures d\u2019acier de haute qualit\u00e9 et chaque facette de notre entreprise est align\u00e9e pour r\u00e9pondre aux besoins de nos clients.<\/p>\n<p class=\"emphasized\">Votre chemin critique maintenu sur la bonne voie<\/p>\n\n\t\t\t<\/div>\n\t\t<\/div>\n\n\t\t<div class=\"b-header-page-rg-area\">\n\t\t\t<div class=\"phone-indicator phone-indicator--light\">\n\t\t\t\t\n\n\t\t\t<div class=\"vertical vertical--top\">\n\t\t\t\t<div class=\"vertical-cell\"><a href=\"tel:1 418 338-6044\">1 418 338-6044<\/a><\/div>\n\t\t\t<\/div>\n\t\t\t<\/div>\n\t\t<\/div>\n\n\t<\/div>\n\n<\/section><section id=\"b-3455\" class=\"b b-text-sticky b-text-sticky--right\" data-watch data-trigger=\"0.4\" data-preload>\n\n\t<div class=\"container container--side\">\n\n\t\t<div class=\"b-text-sticky-side-area\">\n\t\t\t<div class=\"b-text-sticky-images\">\n\n\t\t\t\t \n\t\t\t\t\t <div class=\"b-text-sticky-image\">\n\t\t\t\t\t\t<div class=\"b-text-sticky-image-background\"><div class=\"image\" style=\"background-image: url(https:\/\/canatal.net\/wp-content\/uploads\/2018\/11\/Canatal-Pre-construction.jpg)\"><\/div><\/div>\n\t\t\t\t\t\t<div class=\"b-text-sticky-image-foreground\">\n\n\t\t\t\t\t\t\t\n\t\t\t\t\t\t<\/div>\n\t\t\t\t\t<\/div>\n\n\t\t\t\t \n\t\t\t<\/div>\n\t\t<\/div>\n\n\t<\/div>\n\n\t<div class=\"container container--main\">\n\n\t\t<div class=\"b-text-sticky-main-area\">\n\n\t\t\t<div class=\"b-text-sticky-main\">\n\n\t\t\t\t\t\t\t\t\t<div class=\"b-text-sticky-caption\">\n\t\t\t\t\t\t\n\n\t\t\t<div class=\"dash dash--dark dash--normal\">\n\t\t\t\t<div class=\"dash-line\"><\/div>\n\t\t\t\t<div class=\"dash-text\">Processus<\/div>\n\t\t\t<\/div>\n\t\t\t\t\t<\/div>\n\t\t\t\t\n\t\t\t\t<div class=\"b-text-sticky-items\">\n\n\t\t\t\t\t\n\t\t\t\t\t\t<div class=\"b-text-sticky-item\">\n\t\t\t\t\t\t\t<div class=\"b-text-sticky-item-content wysiwyg\">\n\t\t\t\t\t\t\t\t<h3>L\u2019efficience est essentielle, notre agilit\u00e9 nous permet ainsi de tenir nos promesses et d\u2019avancer de mani\u00e8re strat\u00e9gique.<\/h3>\n<p>Canatal comprend que pour chaque projet, l\u2019atteinte de l\u2019objectif repose sur une s\u00e9quence \u00e0 la fois pr\u00e9cise et ajustable.<\/p>\n<p>Contrairement aux processus de fabrication en s\u00e9quences, nos m\u00e9thodes ing\u00e9nieuses nous permettent de travailler en parall\u00e8le afin de r\u00e9duire les goulots d\u2019\u00e9tranglement, de m\u00eame que les temps d\u2019assemblage, de mani\u00e8re significative.<\/p>\n<p>Les reconfigurations sont donc mises en place plus rapidement et la production gagne en efficience.<\/p>\n\n\t\t\t\t\t\t\t<\/div>\n\t\t\t\t\t\t<\/div>\n\n\t\t\t\t\t\n\t\t\t\t<\/div>\n\n\t\t\t<\/div>\n\n\t\t<\/div>\n\n\t<\/div>\n<\/section><section id=\"b-1707\" class=\"b b-text\" data-watch data-preload>\n\t<div class=\"container\">\n\t\t<div class=\"b-text-content wysiwyg\">\n\t\t\t<h2>Canatal; une vaste expertise \u00e0 votre disposition<\/h2>\n<p class=\"emphasized\">L\u2019offre de service de Canatal est non seulement exhaustive, elle \u00e9volue constamment selon les attentes. <\/p>\n\n\t\t<\/div>\n\t<\/div>\n<\/section><section id=\"b-1708\" class=\"b b-text-sticky b-text-sticky--right\" data-watch data-trigger=\"0.4\" data-preload>\n\n\t<div class=\"container container--side\">\n\n\t\t<div class=\"b-text-sticky-side-area\">\n\t\t\t<div class=\"b-text-sticky-images\">\n\n\t\t\t\t \n\t\t\t\t\t <div class=\"b-text-sticky-image\">\n\t\t\t\t\t\t<div class=\"b-text-sticky-image-background\"><div class=\"image\" style=\"background-image: url(https:\/\/canatal.net\/wp-content\/uploads\/2018\/11\/Raynham3227.jpg)\"><\/div><\/div>\n\t\t\t\t\t\t<div class=\"b-text-sticky-image-foreground\">\n\n\t\t\t\t\t\t\t\t\t\t\t\t\t\t\t<div class=\"b-text-sticky-image-legend\">\n\t\t\t\t\t\t\t\t\t\n\n\t\t\t<div class=\"vertical vertical--bottom\">\n\t\t\t\t<div class=\"vertical-cell\">\n\n\t\t\t<div class=\"dash dash--light dash--normal\">\n\t\t\t\t<div class=\"dash-line\"><\/div>\n\t\t\t\t<div class=\"dash-text\">NMR Buddhist Center, Raynham, MA \/ 1 410 tonnes<\/div>\n\t\t\t<\/div><\/div>\n\t\t\t<\/div>\n\t\t\t\t\t\t\t\t<\/div>\n\t\t\t\t\t\t\t\n\t\t\t\t\t\t<\/div>\n\t\t\t\t\t<\/div>\n\n\t\t\t\t \n\t\t\t\t\t <div class=\"b-text-sticky-image\">\n\t\t\t\t\t\t<div class=\"b-text-sticky-image-background\"><div class=\"image\" style=\"background-image: url(https:\/\/canatal.net\/wp-content\/uploads\/2018\/11\/canatal-3d-modeling-sticky-text.jpg)\"><\/div><\/div>\n\t\t\t\t\t\t<div class=\"b-text-sticky-image-foreground\">\n\n\t\t\t\t\t\t\t\n\t\t\t\t\t\t<\/div>\n\t\t\t\t\t<\/div>\n\n\t\t\t\t \n\t\t\t<\/div>\n\t\t<\/div>\n\n\t<\/div>\n\n\t<div class=\"container container--main\">\n\n\t\t<div class=\"b-text-sticky-main-area\">\n\n\t\t\t<div class=\"b-text-sticky-main\">\n\n\t\t\t\t\t\t\t\t\t<div class=\"b-text-sticky-caption\">\n\t\t\t\t\t\t\n\n\t\t\t<div class=\"dash dash--dark dash--normal\">\n\t\t\t\t<div class=\"dash-line\"><\/div>\n\t\t\t\t<div class=\"dash-text\">Services<\/div>\n\t\t\t<\/div>\n\t\t\t\t\t<\/div>\n\t\t\t\t\n\t\t\t\t<div class=\"b-text-sticky-items\">\n\n\t\t\t\t\t\n\t\t\t\t\t\t<div class=\"b-text-sticky-item\">\n\t\t\t\t\t\t\t<div class=\"b-text-sticky-item-content wysiwyg\">\n\t\t\t\t\t\t\t\t<h2>Pr\u00e9construction et estimation<\/h2>\n<p>Canatal sait que les \u00e9tapes initiales de tout projet influencent grandement son succ\u00e8s. Notre \u00e9quipe fournit donc un soutien de tous les instants \u00e0 nos clients afin de valider chaque entente minutieusement et de d\u00e9ployer un plan qui convient \u00e0 toutes les parties.<\/p>\n<p><a class=\"cta\" href=\"https:\/\/canatal.net\/fr\/services\/estimations\/\">Voyez comment nous anticipons l\u2019impr\u00e9visible<\/a><\/p>\n<h2>Ing\u00e9nierie<\/h2>\n<p>Pour effectuer les calculs qui m\u00e8nent aux grandes r\u00e9alisations, il faut des gens d\u2019exp\u00e9rience qui savent maximiser les ressources. L\u2019\u00e9quipe d\u2019ing\u00e9nieurs de Canatal carbure aux d\u00e9fis de ce genre.<\/p>\n<p><a class=\"cta\" href=\"https:\/\/canatal.net\/fr\/services\/ingenierie\/\">En savoir plus sur nos habilet\u00e9s en ing\u00e9nierie<\/a><\/p>\n\n\t\t\t\t\t\t\t<\/div>\n\t\t\t\t\t\t<\/div>\n\n\t\t\t\t\t\n\t\t\t\t\t\t<div class=\"b-text-sticky-item\">\n\t\t\t\t\t\t\t<div class=\"b-text-sticky-item-content wysiwyg\">\n\t\t\t\t\t\t\t\t<h2>Dessin et mod\u00e9lisation 3D<\/h2>\n<p>Une fois les plans \u00e9tablis, nos dessinateurs passent en revue chaque d\u00e9tail afin de produire des dessins pr\u00e9cis pour la fabrication et l\u2019\u00e9rection.<\/p>\n<p><a class=\"cta\" href=\"https:\/\/canatal.net\/fr\/services\/dessin-et-modelisation-3d\/\">En voir plus maintenant<\/a><\/p>\n\n\t\t\t\t\t\t\t<\/div>\n\t\t\t\t\t\t<\/div>\n\n\t\t\t\t\t\n\t\t\t\t<\/div>\n\n\t\t\t<\/div>\n\n\t\t<\/div>\n\n\t<\/div>\n<\/section><section id=\"b-1709\" class=\"b b-text-sticky b-text-sticky--left\" data-watch data-trigger=\"0.4\" data-preload>\n\n\t<div class=\"container container--side\">\n\n\t\t<div class=\"b-text-sticky-side-area\">\n\t\t\t<div class=\"b-text-sticky-images\">\n\n\t\t\t\t \n\t\t\t\t\t <div class=\"b-text-sticky-image\">\n\t\t\t\t\t\t<div class=\"b-text-sticky-image-background\"><div class=\"image\" style=\"background-image: url(https:\/\/canatal.net\/wp-content\/uploads\/2018\/11\/Canatal-Soudeur-1.jpg)\"><\/div><\/div>\n\t\t\t\t\t\t<div class=\"b-text-sticky-image-foreground\">\n\n\t\t\t\t\t\t\t\n\t\t\t\t\t\t<\/div>\n\t\t\t\t\t<\/div>\n\n\t\t\t\t \n\t\t\t<\/div>\n\t\t<\/div>\n\n\t<\/div>\n\n\t<div class=\"container container--main\">\n\n\t\t<div class=\"b-text-sticky-main-area\">\n\n\t\t\t<div class=\"b-text-sticky-main\">\n\n\t\t\t\t\t\t\t\t\t<div class=\"b-text-sticky-caption\">\n\t\t\t\t\t\t\n\n\t\t\t<div class=\"dash dash--dark dash--normal\">\n\t\t\t\t<div class=\"dash-line\"><\/div>\n\t\t\t\t<div class=\"dash-text\">Services<\/div>\n\t\t\t<\/div>\n\t\t\t\t\t<\/div>\n\t\t\t\t\n\t\t\t\t<div class=\"b-text-sticky-items\">\n\n\t\t\t\t\t\n\t\t\t\t\t\t<div class=\"b-text-sticky-item\">\n\t\t\t\t\t\t\t<div class=\"b-text-sticky-item-content wysiwyg\">\n\t\t\t\t\t\t\t\t<h2>Fabrication<\/h2>\n<p>D\u2019embl\u00e9e, l\u2019avantage Canatal est \u00e9vident. Notre capacit\u00e9 et nos \u00e9quipements de fabrication sont impressionnants et notre processus est bien perfectionn\u00e9. Toutefois, notre attribut le plus diff\u00e9renciateur se manifeste surtout par notre agilit\u00e9.<\/p>\n<p><a class=\"cta\" href=\"https:\/\/canatal.net\/fr\/services\/fabrication\/\">Voyez comment Canatal performe <\/a><\/p>\n<h2>Gestion de projets<\/h2>\n<p>Pour les petites comme pour les grandes choses, notre approche reste la m\u00eame : nous faisons tout avec le plus grand soin. Ce sont majoritairement des ing\u00e9nieurs qui dirigent nos \u00e9quipes; ces experts coordonnent chaque \u00e9tape du processus pour que tout tombe en place au bon moment.<\/p>\n<p><a class=\"cta\" href=\"https:\/\/canatal.net\/fr\/services\/gestion-de-projets\/\">Voyez comment Canatal op\u00e8re<\/a><\/p>\n\n\t\t\t\t\t\t\t<\/div>\n\t\t\t\t\t\t<\/div>\n\n\t\t\t\t\t\n\t\t\t\t<\/div>\n\n\t\t\t<\/div>\n\n\t\t<\/div>\n\n\t<\/div>\n<\/section><section id=\"b-1710\" class=\"b b-text-sticky b-text-sticky--right\" data-watch data-trigger=\"0.4\" data-preload>\n\n\t<div class=\"container container--side\">\n\n\t\t<div class=\"b-text-sticky-side-area\">\n\t\t\t<div class=\"b-text-sticky-images\">\n\n\t\t\t\t \n\t\t\t\t\t <div class=\"b-text-sticky-image\">\n\t\t\t\t\t\t<div class=\"b-text-sticky-image-background\"><div class=\"image\" style=\"background-image: url(https:\/\/canatal.net\/wp-content\/uploads\/2018\/11\/Canatal-One-Canal.jpg)\"><\/div><\/div>\n\t\t\t\t\t\t<div class=\"b-text-sticky-image-foreground\">\n\n\t\t\t\t\t\t\t\t\t\t\t\t\t\t\t<div class=\"b-text-sticky-image-legend\">\n\t\t\t\t\t\t\t\t\t\n\n\t\t\t<div class=\"vertical vertical--bottom\">\n\t\t\t\t<div class=\"vertical-cell\">\n\n\t\t\t<div class=\"dash dash--light dash--normal\">\n\t\t\t\t<div class=\"dash-line\"><\/div>\n\t\t\t\t<div class=\"dash-text\">One Canal Street, Boston, MA \/ 4 017 tonnes<\/div>\n\t\t\t<\/div><\/div>\n\t\t\t<\/div>\n\t\t\t\t\t\t\t\t<\/div>\n\t\t\t\t\t\t\t\n\t\t\t\t\t\t<\/div>\n\t\t\t\t\t<\/div>\n\n\t\t\t\t \n\t\t\t\t\t <div class=\"b-text-sticky-image\">\n\t\t\t\t\t\t<div class=\"b-text-sticky-image-background\"><div class=\"image\" style=\"background-image: url(https:\/\/canatal.net\/wp-content\/uploads\/2018\/11\/Canatal-Transportation.jpg)\"><\/div><\/div>\n\t\t\t\t\t\t<div class=\"b-text-sticky-image-foreground\">\n\n\t\t\t\t\t\t\t\n\t\t\t\t\t\t<\/div>\n\t\t\t\t\t<\/div>\n\n\t\t\t\t \n\t\t\t<\/div>\n\t\t<\/div>\n\n\t<\/div>\n\n\t<div class=\"container container--main\">\n\n\t\t<div class=\"b-text-sticky-main-area\">\n\n\t\t\t<div class=\"b-text-sticky-main\">\n\n\t\t\t\t\t\t\t\t\t<div class=\"b-text-sticky-caption\">\n\t\t\t\t\t\t\n\n\t\t\t<div class=\"dash dash--dark dash--normal\">\n\t\t\t\t<div class=\"dash-line\"><\/div>\n\t\t\t\t<div class=\"dash-text\">Services<\/div>\n\t\t\t<\/div>\n\t\t\t\t\t<\/div>\n\t\t\t\t\n\t\t\t\t<div class=\"b-text-sticky-items\">\n\n\t\t\t\t\t\n\t\t\t\t\t\t<div class=\"b-text-sticky-item\">\n\t\t\t\t\t\t\t<div class=\"b-text-sticky-item-content wysiwyg\">\n\t\t\t\t\t\t\t\t<h2>\u00c9rection de structures d\u2019acier<\/h2>\n<p>Juste avant le point culminant menant \u00e0 l\u2019\u00e9rection d\u2019une structure, il est imp\u00e9ratif que tout ait \u00e9t\u00e9 mis en place pour assurer la r\u00e9ussite du projet. Pour garantir cette confiance, Canatal collabore exclusivement avec les meilleures entreprises pour l\u2019\u00e9rection d\u2019acier. Cet engagement nous permet de respecter nos valeurs envers la s\u00e9curit\u00e9 et la qualit\u00e9.<\/p>\n<p><a class=\"cta\" href=\"https:\/\/canatal.net\/fr\/services\/erection-de-charpentes-dacier\/\">D\u00e9couvrez notre processus<\/a><\/p>\n\n\t\t\t\t\t\t\t<\/div>\n\t\t\t\t\t\t<\/div>\n\n\t\t\t\t\t\n\t\t\t\t\t\t<div class=\"b-text-sticky-item\">\n\t\t\t\t\t\t\t<div class=\"b-text-sticky-item-content wysiwyg\">\n\t\t\t\t\t\t\t\t<h2>Transport<\/h2>\n<p>Pour la coordination et la livraison s\u00e9curitaire de mat\u00e9riel ou de produits finis, peu importe leurs dimensions, faites confiance \u00e0 nos professionnels fiables et bien \u00e9quip\u00e9s.<\/p>\n\n\t\t\t\t\t\t\t<\/div>\n\t\t\t\t\t\t<\/div>\n\n\t\t\t\t\t\n\t\t\t\t<\/div>\n\n\t\t\t<\/div>\n\n\t\t<\/div>\n\n\t<\/div>\n<\/section><section id=\"b-1711\" class=\"b b-text-aside\" data-watch data-preload>\n\t<div class=\"container\">\n\n\t\t<div class=\"b-text-aside-main-area\">\n\n\t\t\t<div class=\"b-text-aside-content dark wysiwyg\">\n\t\t\t\t<h2>Produits et services compl\u00e9mentaires<\/h2>\n<p>Certaines composantes et certains services ne sont pas assur\u00e9s directement par les \u00e9quipes de Canatal, c\u2019est-\u00e0-dire, la fabrication de poutrelles d\u2019acier et de pontage m\u00e9tallique, de m\u00eame que les \u00e9crous, la galvanisation, la peinture et les finis sp\u00e9ciaux. Toutefois, gr\u00e2ce \u00e0 notre r\u00e9seau d\u2019approvisionnement, nous avons les ressources n\u00e9cessaires pour r\u00e9pondre aux besoins de notre client\u00e8le, juste au bon moment.<\/p>\n\n\t\t\t<\/div>\n\n\t\t\t\n\t\t<\/div>\n\n\t\t<div class=\"b-text-aside-side-area\">\n\t\t\t<div class=\"b-text-aside-image\">\n\t\t\t\t<div class=\"b-text-aside-image-background\"><div class=\"image\" style=\"background-image: url(https:\/\/canatal.net\/wp-content\/uploads\/2018\/11\/12-05MA5024-3-1024x0-c-default.jpg)\"><\/div><\/div>\n\t\t\t\t<div class=\"b-text-aside-image-foreground\">\n\t\t\t\t\t<div class=\"b-text-aside-image-legend\">\n\t\t\t\t\t\t\n\n\t\t\t<div class=\"vertical vertical--bottom\">\n\t\t\t\t<div class=\"vertical-cell\">\n\n\t\t\t<div class=\"dash dash--light dash--normal\">\n\t\t\t\t<div class=\"dash-line\"><\/div>\n\t\t\t\t<div class=\"dash-text\">Westfield State University, Westfield, MA \/ 964 tonnes<\/div>\n\t\t\t<\/div><\/div>\n\t\t\t<\/div>\n\t\t\t\t\t<\/div>\n\t\t\t\t<\/div>\n\t\t\t<\/div>\n\t\t<\/div>\n\n\t<\/div>\n<\/section><section id=\"b-1712\" class=\"b b-cta  b-cta--darken \" data-watch data-trigger=\"0.4\" data-preload>\n\n\t<div class=\"b-cta-background\"><div class=\"image\" style=\"background-image: url(https:\/\/canatal.net\/wp-content\/uploads\/2018\/11\/Canatal-Boston-Structure_5.jpg)\"><\/div><\/div>\n\t<div class=\"b-cta-foreground\">\n\t\t<div class=\"container\">\n\n\t\t\t<div class=\"b-cta-caption\">\n\n\t\t\t<div class=\"vertical vertical--bottom\">\n\t\t\t\t<div class=\"vertical-cell\">\n\n\t\t\t<div class=\"dash dash--light dash--normal\">\n\t\t\t\t<div class=\"dash-line\"><\/div>\n\t\t\t\t<div class=\"dash-text\">Nous joindre<\/div>\n\t\t\t<\/div><\/div>\n\t\t\t<\/div><\/div>\n\t\t\t<div class=\"b-cta-content wysiwyg dark\">\n\t\t\t\t<h2>Pr\u00eat \u00e0 discuter<br \/>\nde votre prochain projet?<\/h2>\n<p>Canatal peut vous aider \u00e0 accomplir la mission<\/p>\n\n\t\t\t<\/div>\n\n\t\t\t\t\t\t\t<div class=\"b-cta-action arrow-trigger\">\n\t\t\t\t\t<div class=\"b-cta-action-arrow\"><div class=\"arrow\"><\/div><\/div>\n\t\t\t\t\t<div class=\"b-cta-action-label\">\n\t\t\t\t\t\t\n\t\t\t<div class=\"button-action button-action--light\">\n\t\t\t\t<a href=\"https:\/\/canatal.net\/fr\/communiquez-avec-canatal\/\">Parlez \u00e0 un expert chez Canatal<\/a>\n\t\t\t<\/div>\n\t\t\t\t\t<\/div>\n\t\t\t\t<\/div>\n\t\t\t\n\t\t<\/div>\n\t<\/div>\n\n<\/section>","protected":false},"excerpt":{"rendered":"<p>275 Albany Street, Boston, MA \/ 2 602 tonnes Services Des solutions cl\u00e9 en main Chez Canatal, l\u2019ing\u00e9niosit\u00e9 va bien au-del\u00e0 des connaissances et des ressources, elle est bas\u00e9e sur une communication constante et une \u00e9coute des besoins de nos clients. C\u2019est notre mani\u00e8re de constamment repousser les limites de l\u2019excellence. Nous fabriquons des structures &hellip; <a href=\"https:\/\/canatal.net\/fr\/services\/\">Continued<\/a><\/p>\n","protected":false},"author":1,"featured_media":0,"parent":0,"menu_order":0,"comment_status":"closed","ping_status":"closed","template":"","meta":{"_acf_changed":false,"footnotes":""},"class_list":["post-1705","page","type-page","status-publish","hentry"],"acf":[],"_links":{"self":[{"href":"https:\/\/canatal.net\/fr\/wp-json\/wp\/v2\/pages\/1705","targetHints":{"allow":["GET"]}}],"collection":[{"href":"https:\/\/canatal.net\/fr\/wp-json\/wp\/v2\/pages"}],"about":[{"href":"https:\/\/canatal.net\/fr\/wp-json\/wp\/v2\/types\/page"}],"author":[{"embeddable":true,"href":"https:\/\/canatal.net\/fr\/wp-json\/wp\/v2\/users\/1"}],"replies":[{"embeddable":true,"href":"https:\/\/canatal.net\/fr\/wp-json\/wp\/v2\/comments?post=1705"}],"version-history":[{"count":1,"href":"https:\/\/canatal.net\/fr\/wp-json\/wp\/v2\/pages\/1705\/revisions"}],"predecessor-version":[{"id":1900,"href":"https:\/\/canatal.net\/fr\/wp-json\/wp\/v2\/pages\/1705\/revisions\/1900"}],"wp:attachment":[{"href":"https:\/\/canatal.net\/fr\/wp-json\/wp\/v2\/media?parent=1705"}],"curies":[{"name":"wp","href":"https:\/\/api.w.org\/{rel}","templated":true}]}}