{"id":1714,"date":"2018-11-05T00:23:48","date_gmt":"2018-11-05T00:23:48","guid":{"rendered":"https:\/\/canatal.net\/services\/detailing-3d-modeling\/"},"modified":"2018-12-21T15:24:39","modified_gmt":"2018-12-21T20:24:39","slug":"dessin-et-modelisation-3d","status":"publish","type":"page","link":"https:\/\/canatal.net\/fr\/services\/dessin-et-modelisation-3d\/","title":{"rendered":"Dessin et mod\u00e9lisation 3D"},"content":{"rendered":"<section id=\"b-1715\" class=\"b b-header-page  b-header-page--darken \" data-watch data-preload>\n\n\t<div class=\"b-header-page-background\">\n\t\t<div class=\"container\">\n\t\t\t<div class=\"b-header-page-image\">\n\t\t\t\t<div class=\"b-header-page-image-background\"><div class=\"image\" style=\"background-image: url(https:\/\/canatal.net\/wp-content\/uploads\/2018\/11\/Canatal-Boston-Structure3-2-1024x0-c-default.jpg)\"><\/div><\/div>\n\t\t\t\t<div class=\"b-header-page-image-foreground\">\n\t\t\t\t\t\t\t\t\t\t\t<div class=\"b-header-page-image-legend\">\n\t\t\t\t\t\t\t\n\n\t\t\t<div class=\"vertical vertical--bottom\">\n\t\t\t\t<div class=\"vertical-cell\">\n\n\t\t\t<div class=\"dash dash--dark dash--normal\">\n\t\t\t\t<div class=\"dash-line\"><\/div>\n\t\t\t\t<div class=\"dash-text\">New Balance, Boston, MA \/ 3 606 tonnes<\/div>\n\t\t\t<\/div><\/div>\n\t\t\t<\/div>\n\t\t\t\t\t\t<\/div>\n\t\t\t\t\t\t\t\t\t<\/div>\n\t\t\t<\/div>\n\t\t<\/div>\n\t<\/div>\n\n\t<div class=\"container\">\n\n\t\t<div class=\"b-header-page-foreground\">\n\t\t\t<div class=\"b-header-page-content wysiwyg dark\">\n\t\t\t\t<h1>Dessin et<br \/>\nmod\u00e9lisation 3D<\/h1>\n<p>Une fois les plans \u00e9tablis, nos dessinateurs passent en revue chaque d\u00e9tail afin de produire des dessins pr\u00e9cis pour la fabrication et l\u2019\u00e9rection.<\/p>\n<h3>Projets effectu\u00e9s enti\u00e8rement \u00e0 l&#8217;interne<\/h3>\n<p>Les comp\u00e9tences, les talents et les outils<\/p>\n<p>&nbsp;<\/p>\n\n\t\t\t<\/div>\n\t\t<\/div>\n\n\t\t<div class=\"b-header-page-rg-area\">\n\t\t\t<div class=\"phone-indicator phone-indicator--light\">\n\t\t\t\t\n\n\t\t\t<div class=\"vertical vertical--top\">\n\t\t\t\t<div class=\"vertical-cell\"><a href=\"tel:1 418 338-6044\">1 418 338-6044<\/a><\/div>\n\t\t\t<\/div>\n\t\t\t<\/div>\n\t\t<\/div>\n\n\t<\/div>\n\n<\/section><section id=\"b-1717\" class=\"b b-text-sticky b-text-sticky--right\" data-watch data-trigger=\"0.4\" data-preload>\n\n\t<div class=\"container container--side\">\n\n\t\t<div class=\"b-text-sticky-side-area\">\n\t\t\t<div class=\"b-text-sticky-images\">\n\n\t\t\t\t \n\t\t\t\t\t <div class=\"b-text-sticky-image\">\n\t\t\t\t\t\t<div class=\"b-text-sticky-image-background\"><div class=\"image\" style=\"background-image: url(https:\/\/canatal.net\/wp-content\/uploads\/2018\/11\/canatal-3d-modeling-sticky-text.jpg)\"><\/div><\/div>\n\t\t\t\t\t\t<div class=\"b-text-sticky-image-foreground\">\n\n\t\t\t\t\t\t\t\n\t\t\t\t\t\t<\/div>\n\t\t\t\t\t<\/div>\n\n\t\t\t\t \n\t\t\t<\/div>\n\t\t<\/div>\n\n\t<\/div>\n\n\t<div class=\"container container--main\">\n\n\t\t<div class=\"b-text-sticky-main-area\">\n\n\t\t\t<div class=\"b-text-sticky-main\">\n\n\t\t\t\t\n\t\t\t\t<div class=\"b-text-sticky-items\">\n\n\t\t\t\t\t\n\t\t\t\t\t\t<div class=\"b-text-sticky-item\">\n\t\t\t\t\t\t\t<div class=\"b-text-sticky-item-content wysiwyg\">\n\t\t\t\t\t\t\t\t<h2>Dessin<\/h2>\n<p>L\u2019\u00e9quipe de Canatal sp\u00e9cialis\u00e9e en dessin est compos\u00e9e de plus de 115 employ\u00e9s qualifi\u00e9s qui utilisent les plus r\u00e9centes technologies afin de pr\u00e9parer des dessins d\u2019atelier et d\u2019\u00e9rection pour les structures d\u2019acier complexes.<\/p>\n<h2>Mod\u00e9lisation 3D<\/h2>\n<p>Pour tous nos projets, notre \u00e9quipe se sert de logiciels BIM (Building Information Modeling) de mod\u00e9lisation 3D afin de valider la faisabilit\u00e9 et l\u2019optimisation de chaque \u00e9l\u00e9ment de construction.<\/p>\n<p>Canatal fournit p\u00e9riodiquement ces mod\u00e8les aux collaborateurs du projet, ce qui permet de d\u00e9tecter et r\u00e9soudre les probl\u00e8mes de conception d\u00e8s le d\u00e9part et ainsi d\u2019\u00e9viter les probl\u00e8mes au chantier.<\/p>\n<p>\u00c0 partir de ces repr\u00e9sentations virtuelles en 3D des structures d\u2019acier, une analyse est possible avant m\u00eame qu\u2019une seule pi\u00e8ce ne soit fabriqu\u00e9e. La mod\u00e9lisation 3D permet une mise en commun de la planification et une collaboration optimale afin de d\u00e9tecter les possibles interf\u00e9rences des diff\u00e9rentes composantes d\u2019un projet, sans compter les \u00e9conomies en temps et en ressources que permettent ces pr\u00e9visions.<\/p>\n\n\t\t\t\t\t\t\t<\/div>\n\t\t\t\t\t\t<\/div>\n\n\t\t\t\t\t\n\t\t\t\t<\/div>\n\n\t\t\t<\/div>\n\n\t\t<\/div>\n\n\t<\/div>\n<\/section><section id=\"b-2811\" class=\"b b-text\" data-watch data-preload>\n\t<div class=\"container\">\n\t\t<div class=\"b-text-content wysiwyg\">\n\t\t\t<p><img decoding=\"async\" class=\"alignnone size-full wp-image-2779\" src=\"https:\/\/canatal.net\/app\/uploads\/2018\/12\/115_in_house_FR.jpg\" alt=\"\" width=\"100%\" \/><\/p>\n\n\t\t<\/div>\n\t<\/div>\n<\/section><section id=\"b-1718\" class=\"b b-cta  b-cta--darken \" data-watch data-trigger=\"0.4\" data-preload>\n\n\t<div class=\"b-cta-background\"><div class=\"image\" style=\"background-image: url(https:\/\/canatal.net\/wp-content\/uploads\/2018\/11\/Canatal-Boston-Structure-7.jpg)\"><\/div><\/div>\n\t<div class=\"b-cta-foreground\">\n\t\t<div class=\"container\">\n\n\t\t\t<div class=\"b-cta-caption\">\n\n\t\t\t<div class=\"vertical vertical--bottom\">\n\t\t\t\t<div class=\"vertical-cell\">\n\n\t\t\t<div class=\"dash dash--light dash--normal\">\n\t\t\t\t<div class=\"dash-line\"><\/div>\n\t\t\t\t<div class=\"dash-text\">Nous joindre<\/div>\n\t\t\t<\/div><\/div>\n\t\t\t<\/div><\/div>\n\t\t\t<div class=\"b-cta-content wysiwyg dark\">\n\t\t\t\t<h2>Vous voulez voir votre projet prendre\u00a0forme?<\/h2>\n\n\t\t\t<\/div>\n\n\t\t\t\t\t\t\t<div class=\"b-cta-action arrow-trigger\">\n\t\t\t\t\t<div class=\"b-cta-action-arrow\"><div class=\"arrow\"><\/div><\/div>\n\t\t\t\t\t<div class=\"b-cta-action-label\">\n\t\t\t\t\t\t\n\t\t\t<div class=\"button-action button-action--light\">\n\t\t\t\t<a href=\"https:\/\/canatal.net\/fr\/communiquez-avec-canatal\/\">Parlez \u00e0 un expert<\/a>\n\t\t\t<\/div>\n\t\t\t\t\t<\/div>\n\t\t\t\t<\/div>\n\t\t\t\n\t\t<\/div>\n\t<\/div>\n\n<\/section>","protected":false},"excerpt":{"rendered":"<p>New Balance, Boston, MA \/ 3 606 tonnes Dessin et mod\u00e9lisation 3D Une fois les plans \u00e9tablis, nos dessinateurs passent en revue chaque d\u00e9tail afin de produire des dessins pr\u00e9cis pour la fabrication et l\u2019\u00e9rection. Projets effectu\u00e9s enti\u00e8rement \u00e0 l&#8217;interne Les comp\u00e9tences, les talents et les outils &nbsp; 1 418 338-6044 Dessin L\u2019\u00e9quipe de Canatal &hellip; <a href=\"https:\/\/canatal.net\/fr\/services\/dessin-et-modelisation-3d\/\">Continued<\/a><\/p>\n","protected":false},"author":1,"featured_media":0,"parent":1705,"menu_order":0,"comment_status":"closed","ping_status":"closed","template":"","meta":{"_acf_changed":false,"footnotes":""},"class_list":["post-1714","page","type-page","status-publish","hentry"],"acf":[],"_links":{"self":[{"href":"https:\/\/canatal.net\/fr\/wp-json\/wp\/v2\/pages\/1714","targetHints":{"allow":["GET"]}}],"collection":[{"href":"https:\/\/canatal.net\/fr\/wp-json\/wp\/v2\/pages"}],"about":[{"href":"https:\/\/canatal.net\/fr\/wp-json\/wp\/v2\/types\/page"}],"author":[{"embeddable":true,"href":"https:\/\/canatal.net\/fr\/wp-json\/wp\/v2\/users\/1"}],"replies":[{"embeddable":true,"href":"https:\/\/canatal.net\/fr\/wp-json\/wp\/v2\/comments?post=1714"}],"version-history":[{"count":1,"href":"https:\/\/canatal.net\/fr\/wp-json\/wp\/v2\/pages\/1714\/revisions"}],"predecessor-version":[{"id":1888,"href":"https:\/\/canatal.net\/fr\/wp-json\/wp\/v2\/pages\/1714\/revisions\/1888"}],"up":[{"embeddable":true,"href":"https:\/\/canatal.net\/fr\/wp-json\/wp\/v2\/pages\/1705"}],"wp:attachment":[{"href":"https:\/\/canatal.net\/fr\/wp-json\/wp\/v2\/media?parent=1714"}],"curies":[{"name":"wp","href":"https:\/\/api.w.org\/{rel}","templated":true}]}}