{"id":1720,"date":"2018-11-05T00:23:37","date_gmt":"2018-11-05T00:23:37","guid":{"rendered":"https:\/\/canatal.net\/services\/engineering\/"},"modified":"2018-12-21T15:12:33","modified_gmt":"2018-12-21T20:12:33","slug":"ingenierie","status":"publish","type":"page","link":"https:\/\/canatal.net\/fr\/services\/ingenierie\/","title":{"rendered":"Ing\u00e9nierie"},"content":{"rendered":"<section id=\"b-1721\" class=\"b b-header-page  b-header-page--darken \" data-watch data-preload>\n\n\t<div class=\"b-header-page-background\">\n\t\t<div class=\"container\">\n\t\t\t<div class=\"b-header-page-image\">\n\t\t\t\t<div class=\"b-header-page-image-background\"><div class=\"image\" style=\"background-image: url(https:\/\/canatal.net\/wp-content\/uploads\/2018\/11\/Canatal-MNR-1024x0-c-default.jpg)\"><\/div><\/div>\n\t\t\t\t<div class=\"b-header-page-image-foreground\">\n\t\t\t\t\t\t\t\t\t\t\t<div class=\"b-header-page-image-legend\">\n\t\t\t\t\t\t\t\n\n\t\t\t<div class=\"vertical vertical--bottom\">\n\t\t\t\t<div class=\"vertical-cell\">\n\n\t\t\t<div class=\"dash dash--dark dash--normal\">\n\t\t\t\t<div class=\"dash-line\"><\/div>\n\t\t\t\t<div class=\"dash-text\">NMR, Raynham, MA \/ 1 410 tonnes<\/div>\n\t\t\t<\/div><\/div>\n\t\t\t<\/div>\n\t\t\t\t\t\t<\/div>\n\t\t\t\t\t\t\t\t\t<\/div>\n\t\t\t<\/div>\n\t\t<\/div>\n\t<\/div>\n\n\t<div class=\"container\">\n\n\t\t<div class=\"b-header-page-foreground\">\n\t\t\t<div class=\"b-header-page-content wysiwyg dark\">\n\t\t\t\t<h1>Ing\u00e9nierie<\/h1>\n<p class=\"emphasized\">Faire preuve d&#8217;ing\u00e9niosit\u00e9 pour concr\u00e9tiser votre vision<\/p>\n<p>Les ressources, le savoir-faire, les r\u00e9sultats<\/p>\n<p>L\u2019\u00e9quipe interne de Canatal est compos\u00e9e d\u2019ing\u00e9nieurs et de dessinateurs qui partagent le m\u00eame objectif : livrer l\u2019excellence \u00e0 chaque projet.<\/p>\n<h3>Un partenaire fiable<br \/>\ndu d\u00e9but \u00e0 la fin.<\/h3>\n\n\t\t\t<\/div>\n\t\t<\/div>\n\n\t\t<div class=\"b-header-page-rg-area\">\n\t\t\t<div class=\"phone-indicator phone-indicator--light\">\n\t\t\t\t\n\n\t\t\t<div class=\"vertical vertical--top\">\n\t\t\t\t<div class=\"vertical-cell\"><a href=\"tel:1 418 338-6044\">1 418 338-6044<\/a><\/div>\n\t\t\t<\/div>\n\t\t\t<\/div>\n\t\t<\/div>\n\n\t<\/div>\n\n<\/section><section id=\"b-1722\" class=\"b b-text-sticky b-text-sticky--right\" data-watch data-trigger=\"0.4\" data-preload>\n\n\t<div class=\"container container--side\">\n\n\t\t<div class=\"b-text-sticky-side-area\">\n\t\t\t<div class=\"b-text-sticky-images\">\n\n\t\t\t\t \n\t\t\t\t\t <div class=\"b-text-sticky-image\">\n\t\t\t\t\t\t<div class=\"b-text-sticky-image-background\"><div class=\"image\" style=\"background-image: url(https:\/\/canatal.net\/wp-content\/uploads\/2018\/11\/Canatal-Clarksburg-Premium-Outlets.jpg)\"><\/div><\/div>\n\t\t\t\t\t\t<div class=\"b-text-sticky-image-foreground\">\n\n\t\t\t\t\t\t\t\t\t\t\t\t\t\t\t<div class=\"b-text-sticky-image-legend\">\n\t\t\t\t\t\t\t\t\t\n\n\t\t\t<div class=\"vertical vertical--bottom\">\n\t\t\t\t<div class=\"vertical-cell\">\n\n\t\t\t<div class=\"dash dash--light dash--normal\">\n\t\t\t\t<div class=\"dash-line\"><\/div>\n\t\t\t\t<div class=\"dash-text\">Clarksburg Premium Outlets\tClarksburgh, MD \/ 2 744 tonnes<\/div>\n\t\t\t<\/div><\/div>\n\t\t\t<\/div>\n\t\t\t\t\t\t\t\t<\/div>\n\t\t\t\t\t\t\t\n\t\t\t\t\t\t<\/div>\n\t\t\t\t\t<\/div>\n\n\t\t\t\t \n\t\t\t\t\t <div class=\"b-text-sticky-image\">\n\t\t\t\t\t\t<div class=\"b-text-sticky-image-background\"><div class=\"image\" style=\"background-image: url(https:\/\/canatal.net\/wp-content\/uploads\/2018\/11\/Canatal-Dartmouth-College-Hanover-2.jpg)\"><\/div><\/div>\n\t\t\t\t\t\t<div class=\"b-text-sticky-image-foreground\">\n\n\t\t\t\t\t\t\t\t\t\t\t\t\t\t\t<div class=\"b-text-sticky-image-legend\">\n\t\t\t\t\t\t\t\t\t\n\n\t\t\t<div class=\"vertical vertical--bottom\">\n\t\t\t\t<div class=\"vertical-cell\">\n\n\t\t\t<div class=\"dash dash--light dash--normal\">\n\t\t\t\t<div class=\"dash-line\"><\/div>\n\t\t\t\t<div class=\"dash-text\">Dartmouth College, Hanover, NH \/ 447 tonnes<\/div>\n\t\t\t<\/div><\/div>\n\t\t\t<\/div>\n\t\t\t\t\t\t\t\t<\/div>\n\t\t\t\t\t\t\t\n\t\t\t\t\t\t<\/div>\n\t\t\t\t\t<\/div>\n\n\t\t\t\t \n\t\t\t<\/div>\n\t\t<\/div>\n\n\t<\/div>\n\n\t<div class=\"container container--main\">\n\n\t\t<div class=\"b-text-sticky-main-area\">\n\n\t\t\t<div class=\"b-text-sticky-main\">\n\n\t\t\t\t\n\t\t\t\t<div class=\"b-text-sticky-items\">\n\n\t\t\t\t\t\n\t\t\t\t\t\t<div class=\"b-text-sticky-item\">\n\t\t\t\t\t\t\t<div class=\"b-text-sticky-item-content wysiwyg\">\n\t\t\t\t\t\t\t\t<h2>Ing\u00e9nierie et design<\/h2>\n<p>Puisque les \u00e9ch\u00e9anciers serr\u00e9s font partie de notre r\u00e9alit\u00e9, notre \u00e9quipe d\u2019ing\u00e9nierie int\u00e8gre rapidement des modifications lorsque de nouvelles exigences se manifestent.<\/p>\n<p>Nos employ\u00e9s sp\u00e9cialis\u00e9s en ing\u00e9nierie de connexion poss\u00e8dent une expertise de haut niveau en mati\u00e8re de connexions pour structures d\u2019acier. Ils scrutent les plans des structures \u00e0 cr\u00e9er et con\u00e7oivent des connexions qui r\u00e9pondront aux normes de l\u2019industrie.<\/p>\n\n\t\t\t\t\t\t\t<\/div>\n\t\t\t\t\t\t<\/div>\n\n\t\t\t\t\t\n\t\t\t\t\t\t<div class=\"b-text-sticky-item\">\n\t\t\t\t\t\t\t<div class=\"b-text-sticky-item-content wysiwyg\">\n\t\t\t\t\t\t\t\t<h2>Experts en produits sp\u00e9ciaux et complexes<\/h2>\n<p>Lorsque des projets requi\u00e8rent des \u00e9l\u00e9ments ou des s\u00e9quences d\u2019assemblage complexes, l\u2019\u00e9quipe de Canatal est en mesure de mettre en branle des solutions ing\u00e9nieuses. Les structures complexes viennent avec leurs lots de d\u00e9fis. Nos ing\u00e9nieurs, nos dessinateurs et nos sp\u00e9cialistes en approvisionnement sont tous des experts pour faire le suivi des projets et s\u2019assurer que leur d\u00e9roulement est optimis\u00e9.<\/p>\n\n\t\t\t\t\t\t\t<\/div>\n\t\t\t\t\t\t<\/div>\n\n\t\t\t\t\t\n\t\t\t\t<\/div>\n\n\t\t\t<\/div>\n\n\t\t<\/div>\n\n\t<\/div>\n<\/section><section id=\"b-1723\" class=\"b b-quotes\" data-watch data-preload>\n\t<div class=\"container\">\n\n\t\t\n\t\t<div class=\"b-quotes-items\">\n\n\t\t\t\n\t\t\t\t\t\t\t\t\t\t\t\t\t\n\t\t\t\t<div class=\"b-quotes-item b-quotes-item--text-rg\" data-watch data-visible-class=\"item-visible-on-screen\">\n\n\t\t\t\t\t<div class=\"b-quotes-item-side-area\">\n\t\t\t\t\t\t<div class=\"b-quotes-item-image\">\n\t\t\t\t\t\t\t<div class=\"b-quotes-item-image-background\"><div class=\"image\" style=\"background-image: url(https:\/\/canatal.net\/wp-content\/uploads\/2018\/11\/5165_header-e1543269471663-640x0-c-default.jpg)\"><\/div><\/div>\n\t\t\t\t\t\t\t<div class=\"b-quotes-item-image-foreground\">\n\t\t\t\t\t\t\t\t\t\t\t\t\t\t\t\t\t<div class=\"b-quotes-item-image-legend\">\n\t\t\t\t\t\t\t\t\t\t\n\n\t\t\t<div class=\"vertical vertical--bottom\">\n\t\t\t\t<div class=\"vertical-cell\">\n\n\t\t\t<div class=\"dash dash--light dash--normal\">\n\t\t\t\t<div class=\"dash-line\"><\/div>\n\t\t\t\t<div class=\"dash-text\">Lovejoy, Boston, MA<br \/>\r\n549 tonnes<\/div>\n\t\t\t<\/div><\/div>\n\t\t\t<\/div>\n\t\t\t\t\t\t\t\t\t<\/div>\n\t\t\t\t\t\t\t\t\t\t\t\t\t\t\t<\/div>\n\t\t\t\t\t\t<\/div>\n\t\t\t\t\t<\/div>\n\n\t\t\t\t\t<div class=\"b-quotes-item-main-area\">\n\t\t\t\t\t\t<div class=\"b-quotes-item-content wysiwyg\"><p>L\u2019approche de Canatal red\u00e9finit l\u2019accompagnement lors des \u00e9tapes du design.<\/p>\n<\/div>\n\t\t\t\t\t\t<div class=\"b-quotes-item-author-name\">Jim Grossman<\/div>\t\t\t\t\t\t<div class=\"b-quotes-item-author-role\">Direction national des op\u00e9rations, Construction<br \/>\r\nSuffolk Construction<br \/>\r\n<\/div>\t\t\t\t\t<\/div>\n\n\t\t\t\t<\/div>\n\n\t\t\t\n\t\t<\/div>\n\n\t\t\n\t<\/div>\n<\/section><section id=\"b-1724\" class=\"b b-cta  b-cta--darken \" data-watch data-trigger=\"0.4\" data-preload>\n\n\t<div class=\"b-cta-background\"><div class=\"image\" style=\"background-image: url(https:\/\/canatal.net\/wp-content\/uploads\/2018\/11\/Canatal-Boston-Structure_5.jpg)\"><\/div><\/div>\n\t<div class=\"b-cta-foreground\">\n\t\t<div class=\"container\">\n\n\t\t\t<div class=\"b-cta-caption\">\n\n\t\t\t<div class=\"vertical vertical--bottom\">\n\t\t\t\t<div class=\"vertical-cell\">\n\n\t\t\t<div class=\"dash dash--light dash--normal\">\n\t\t\t\t<div class=\"dash-line\"><\/div>\n\t\t\t\t<div class=\"dash-text\">Nous joindre<\/div>\n\t\t\t<\/div><\/div>\n\t\t\t<\/div><\/div>\n\t\t\t<div class=\"b-cta-content wysiwyg dark\">\n\t\t\t\t<h2>Besoin d\u2019une solide \u00e9quipe \u00e0 vos c\u00f4t\u00e9s?<\/h2>\n<p>Voyez pourquoi Canatal est \u00e0 la hauteur<\/p>\n\n\t\t\t<\/div>\n\n\t\t\t\t\t\t\t<div class=\"b-cta-action arrow-trigger\">\n\t\t\t\t\t<div class=\"b-cta-action-arrow\"><div class=\"arrow\"><\/div><\/div>\n\t\t\t\t\t<div class=\"b-cta-action-label\">\n\t\t\t\t\t\t\n\t\t\t<div class=\"button-action button-action--light\">\n\t\t\t\t<a href=\"https:\/\/canatal.net\/fr\/communiquez-avec-canatal\/\">Communiquez avec Canatal<\/a>\n\t\t\t<\/div>\n\t\t\t\t\t<\/div>\n\t\t\t\t<\/div>\n\t\t\t\n\t\t<\/div>\n\t<\/div>\n\n<\/section>","protected":false},"excerpt":{"rendered":"<p>NMR, Raynham, MA \/ 1 410 tonnes Ing\u00e9nierie Faire preuve d&#8217;ing\u00e9niosit\u00e9 pour concr\u00e9tiser votre vision Les ressources, le savoir-faire, les r\u00e9sultats L\u2019\u00e9quipe interne de Canatal est compos\u00e9e d\u2019ing\u00e9nieurs et de dessinateurs qui partagent le m\u00eame objectif : livrer l\u2019excellence \u00e0 chaque projet. Un partenaire fiable du d\u00e9but \u00e0 la fin. 1 418 338-6044 Clarksburg Premium &hellip; <a href=\"https:\/\/canatal.net\/fr\/services\/ingenierie\/\">Continued<\/a><\/p>\n","protected":false},"author":1,"featured_media":0,"parent":1705,"menu_order":0,"comment_status":"closed","ping_status":"closed","template":"","meta":{"_acf_changed":false,"footnotes":""},"class_list":["post-1720","page","type-page","status-publish","hentry"],"acf":[],"_links":{"self":[{"href":"https:\/\/canatal.net\/fr\/wp-json\/wp\/v2\/pages\/1720","targetHints":{"allow":["GET"]}}],"collection":[{"href":"https:\/\/canatal.net\/fr\/wp-json\/wp\/v2\/pages"}],"about":[{"href":"https:\/\/canatal.net\/fr\/wp-json\/wp\/v2\/types\/page"}],"author":[{"embeddable":true,"href":"https:\/\/canatal.net\/fr\/wp-json\/wp\/v2\/users\/1"}],"replies":[{"embeddable":true,"href":"https:\/\/canatal.net\/fr\/wp-json\/wp\/v2\/comments?post=1720"}],"version-history":[{"count":1,"href":"https:\/\/canatal.net\/fr\/wp-json\/wp\/v2\/pages\/1720\/revisions"}],"predecessor-version":[{"id":1889,"href":"https:\/\/canatal.net\/fr\/wp-json\/wp\/v2\/pages\/1720\/revisions\/1889"}],"up":[{"embeddable":true,"href":"https:\/\/canatal.net\/fr\/wp-json\/wp\/v2\/pages\/1705"}],"wp:attachment":[{"href":"https:\/\/canatal.net\/fr\/wp-json\/wp\/v2\/media?parent=1720"}],"curies":[{"name":"wp","href":"https:\/\/api.w.org\/{rel}","templated":true}]}}