{"id":1726,"date":"2018-11-05T00:23:59","date_gmt":"2018-11-05T00:23:59","guid":{"rendered":"https:\/\/canatal.net\/services\/fabrication\/"},"modified":"2018-12-21T15:29:14","modified_gmt":"2018-12-21T20:29:14","slug":"fabrication","status":"publish","type":"page","link":"https:\/\/canatal.net\/fr\/services\/fabrication\/","title":{"rendered":"Fabrication"},"content":{"rendered":"<section id=\"b-1727\" class=\"b b-header-page  b-header-page--darken \" data-watch data-preload>\n\n\t<div class=\"b-header-page-background\">\n\t\t<div class=\"container\">\n\t\t\t<div class=\"b-header-page-image\">\n\t\t\t\t<div class=\"b-header-page-image-background\"><div class=\"image\" style=\"background-image: url(https:\/\/canatal.net\/wp-content\/uploads\/2018\/11\/General-Dynamics-Electric-Boat-1024x0-c-default.jpg)\"><\/div><\/div>\n\t\t\t\t<div class=\"b-header-page-image-foreground\">\n\t\t\t\t\t\t\t\t\t\t\t<div class=\"b-header-page-image-legend\">\n\t\t\t\t\t\t\t\n\n\t\t\t<div class=\"vertical vertical--bottom\">\n\t\t\t\t<div class=\"vertical-cell\">\n\n\t\t\t<div class=\"dash dash--dark dash--normal\">\n\t\t\t\t<div class=\"dash-line\"><\/div>\n\t\t\t\t<div class=\"dash-text\">General Dynamics, North Kingston, RI \/ 4 600 tonnes<\/div>\n\t\t\t<\/div><\/div>\n\t\t\t<\/div>\n\t\t\t\t\t\t<\/div>\n\t\t\t\t\t\t\t\t\t<\/div>\n\t\t\t<\/div>\n\t\t<\/div>\n\t<\/div>\n\n\t<div class=\"container\">\n\n\t\t<div class=\"b-header-page-foreground\">\n\t\t\t<div class=\"b-header-page-content wysiwyg dark\">\n\t\t\t\t<h1>Fabrication<\/h1>\n<p>D\u2019embl\u00e9e, l\u2019avantage Canatal est \u00e9vident. Notre capacit\u00e9 et nos \u00e9quipements de fabrication sont impressionnants et notre processus est bien perfectionn\u00e9. Toutefois, notre attribut le plus diff\u00e9renciateur se manifeste surtout par notre agilit\u00e9.<\/p>\n<p>Notre offre ne se limite pas \u00e0 la fabrication et \u00e0 l\u2019\u00e9rection de structures d\u2019acier; nous proposons une vaste gamme de services. Peu importe le volume ou le type de production, Canatal livre la marchandise.<\/p>\n<h3>Alignement parfait<br \/>\npour b\u00e2tir votre succ\u00e8s<\/h3>\n<p>&nbsp;<\/p>\n\n\t\t\t<\/div>\n\t\t<\/div>\n\n\t\t<div class=\"b-header-page-rg-area\">\n\t\t\t<div class=\"phone-indicator phone-indicator--light\">\n\t\t\t\t\n\n\t\t\t<div class=\"vertical vertical--top\">\n\t\t\t\t<div class=\"vertical-cell\"><a href=\"tel:1 418 338-6044\">1 418 338-6044<\/a><\/div>\n\t\t\t<\/div>\n\t\t\t<\/div>\n\t\t<\/div>\n\n\t<\/div>\n\n<\/section><section id=\"b-1728\" class=\"b b-text-sticky b-text-sticky--right\" data-watch data-trigger=\"0.4\" data-preload>\n\n\t<div class=\"container container--side\">\n\n\t\t<div class=\"b-text-sticky-side-area\">\n\t\t\t<div class=\"b-text-sticky-images\">\n\n\t\t\t\t \n\t\t\t\t\t <div class=\"b-text-sticky-image\">\n\t\t\t\t\t\t<div class=\"b-text-sticky-image-background\"><div class=\"image\" style=\"background-image: url(https:\/\/canatal.net\/wp-content\/uploads\/2018\/11\/canatal_nps-30.jpg)\"><\/div><\/div>\n\t\t\t\t\t\t<div class=\"b-text-sticky-image-foreground\">\n\n\t\t\t\t\t\t\t\n\t\t\t\t\t\t<\/div>\n\t\t\t\t\t<\/div>\n\n\t\t\t\t \n\t\t\t\t\t <div class=\"b-text-sticky-image\">\n\t\t\t\t\t\t<div class=\"b-text-sticky-image-background\"><div class=\"image\" style=\"background-image: url(https:\/\/canatal.net\/wp-content\/uploads\/2018\/11\/Canatal-Equipement.jpg)\"><\/div><\/div>\n\t\t\t\t\t\t<div class=\"b-text-sticky-image-foreground\">\n\n\t\t\t\t\t\t\t\n\t\t\t\t\t\t<\/div>\n\t\t\t\t\t<\/div>\n\n\t\t\t\t \n\t\t\t<\/div>\n\t\t<\/div>\n\n\t<\/div>\n\n\t<div class=\"container container--main\">\n\n\t\t<div class=\"b-text-sticky-main-area\">\n\n\t\t\t<div class=\"b-text-sticky-main\">\n\n\t\t\t\t\t\t\t\t\t<div class=\"b-text-sticky-caption\">\n\t\t\t\t\t\t\n\n\t\t\t<div class=\"dash dash--dark dash--normal\">\n\t\t\t\t<div class=\"dash-line\"><\/div>\n\t\t\t\t<div class=\"dash-text\">Capacit\u00e9 in\u00e9gal\u00e9e<\/div>\n\t\t\t<\/div>\n\t\t\t\t\t<\/div>\n\t\t\t\t\n\t\t\t\t<div class=\"b-text-sticky-items\">\n\n\t\t\t\t\t\n\t\t\t\t\t\t<div class=\"b-text-sticky-item\">\n\t\t\t\t\t\t\t<div class=\"b-text-sticky-item-content wysiwyg\">\n\t\t\t\t\t\t\t\t<h2>Une performance et une versatilit\u00e9 qui surplombent la concurrence<\/h2>\n<p>Canatal peut humblement affirmer que ses capacit\u00e9s d\u00e9passent largement celles de la grande majorit\u00e9 de ses concurrents. Nous avons l\u2019\u00e9quipement et les gens pour mener \u00e0 bien plusieurs types de productions, des projets qui requi\u00e8rent l\u2019usage de multiples grues et m\u00eame pour faire avancer plusieurs chantiers simultan\u00e9ment.<\/p>\n<p>Notre offre ne se limite pas \u00e0 la fabrication et \u00e0 l\u2019\u00e9rection de structures d\u2019acier; nous proposons une vaste gamme de services. Peu importe le volume ou le type de production, Canatal livre la marchandise.<\/p>\n\n\t\t\t\t\t\t\t<\/div>\n\t\t\t\t\t\t<\/div>\n\n\t\t\t\t\t\n\t\t\t\t\t\t<div class=\"b-text-sticky-item\">\n\t\t\t\t\t\t\t<div class=\"b-text-sticky-item-content wysiwyg\">\n\t\t\t\t\t\t\t\t<h2>\u00c9quipement de fabrication<\/h2>\n<p class=\"emphasized\">Parce que la technologie de pointe, c\u2019est essentiel.<\/p>\n<p>L\u2019utilisation d\u2019\u00e9quipement avanc\u00e9 technologiquement est cruciale pour maintenir notre niveau \u00e9lev\u00e9 d\u2019adaptabilit\u00e9 et de flexibilit\u00e9. Nos lignes de production automatis\u00e9es permettent des reconfigurations tr\u00e8s rapides des syst\u00e8mes de contr\u00f4le num\u00e9rique, et des robots et autres syst\u00e8mes de soudure sont agenc\u00e9s ing\u00e9nieusement afin d\u2019acc\u00e9l\u00e9rer la production et l\u2019assemblage des membrures de structures d\u2019acier.<\/p>\n<p>De plus, un r\u00e9seau de ponts roulants \u00e0 forte capacit\u00e9 adapt\u00e9 \u00e0 des applications sp\u00e9cifiques maintient notre haut niveau d\u2019adaptabilit\u00e9.<\/p>\n<p>Tous ces avantages s\u2019unissent afin de contribuer \u00e0 notre capacit\u00e9 d\u2019accommoder les demandes de nos clients. Voil\u00e0 la diff\u00e9rence Canatal!<\/p>\n\n\t\t\t\t\t\t\t<\/div>\n\t\t\t\t\t\t<\/div>\n\n\t\t\t\t\t\n\t\t\t\t<\/div>\n\n\t\t\t<\/div>\n\n\t\t<\/div>\n\n\t<\/div>\n<\/section><section id=\"b-2827\" class=\"b b-text\" data-watch data-preload>\n\t<div class=\"container\">\n\t\t<div class=\"b-text-content wysiwyg\">\n\t\t\t<p><img decoding=\"async\" class=\"alignnone size-full wp-image-2779\" src=\"https:\/\/canatal.net\/app\/uploads\/2018\/12\/60000_tons_FR.jpg\" alt=\"\" width=\"100%\" \/><img\n<\/p>\n\n\t\t<\/div>\n\t<\/div>\n<\/section><section id=\"b-1729\" class=\"b b-text-sticky b-text-sticky--left\" data-watch data-trigger=\"0.4\" data-preload>\n\n\t<div class=\"container container--side\">\n\n\t\t<div class=\"b-text-sticky-side-area\">\n\t\t\t<div class=\"b-text-sticky-images\">\n\n\t\t\t\t \n\t\t\t\t\t <div class=\"b-text-sticky-image\">\n\t\t\t\t\t\t<div class=\"b-text-sticky-image-background\"><div class=\"image\" style=\"background-image: url(https:\/\/canatal.net\/wp-content\/uploads\/2018\/11\/Canatal-Thetford-Mines-Soudeur.jpg)\"><\/div><\/div>\n\t\t\t\t\t\t<div class=\"b-text-sticky-image-foreground\">\n\n\t\t\t\t\t\t\t\n\t\t\t\t\t\t<\/div>\n\t\t\t\t\t<\/div>\n\n\t\t\t\t \n\t\t\t<\/div>\n\t\t<\/div>\n\n\t<\/div>\n\n\t<div class=\"container container--main\">\n\n\t\t<div class=\"b-text-sticky-main-area\">\n\n\t\t\t<div class=\"b-text-sticky-main\">\n\n\t\t\t\t\t\t\t\t\t<div class=\"b-text-sticky-caption\">\n\t\t\t\t\t\t\n\n\t\t\t<div class=\"dash dash--dark dash--normal\">\n\t\t\t\t<div class=\"dash-line\"><\/div>\n\t\t\t\t<div class=\"dash-text\">Politique de qualit\u00e9<\/div>\n\t\t\t<\/div>\n\t\t\t\t\t<\/div>\n\t\t\t\t\n\t\t\t\t<div class=\"b-text-sticky-items\">\n\n\t\t\t\t\t\n\t\t\t\t\t\t<div class=\"b-text-sticky-item\">\n\t\t\t\t\t\t\t<div class=\"b-text-sticky-item-content wysiwyg\">\n\t\t\t\t\t\t\t\t<h2>Adopter les normes les plus \u00e9lev\u00e9es de l\u2019industrie<\/h2>\n<p>Canatal s\u2019impose les normes de qualit\u00e9 les plus strictes dans l\u2019industrie des structures d\u2019acier. Aux yeux des membres de la direction et des \u00e9quipes de travail, cette mentalit\u00e9 est essentielle. Ceux-ci soutiennent activement cette politique et l\u2019intention qui en est \u00e0 l\u2019origine : garantir le summum de la qualit\u00e9.<\/p>\n<p><b>Les principes directeurs<\/b><\/p>\n<ol>\n<li>Fournir des produits et des services \u00e0 prix concurrentiels qui r\u00e9pondent aux besoins de nos clients dans le respect des \u00e9ch\u00e9anciers, des normes reconnues et des exigences contractuelles.<\/li>\n<li>Respecter les exigences de certification ISO 9001 et de l\u2019AISC dans tous nos processus de r\u00e9alisation.<\/li>\n<li>Partager cette politique avec les diff\u00e9rents intervenants des projets afin de faciliter la compr\u00e9hension de nos objectifs en lien avec la qualit\u00e9.<\/li>\n<li>\u00c9valuer r\u00e9guli\u00e8rement notre performance en mati\u00e8re de qualit\u00e9 par des audits, des rapports et des sondages aupr\u00e8s de la client\u00e8le.<\/li>\n<\/ol>\n\n\t\t\t\t\t\t\t<\/div>\n\t\t\t\t\t\t<\/div>\n\n\t\t\t\t\t\n\t\t\t\t<\/div>\n\n\t\t\t<\/div>\n\n\t\t<\/div>\n\n\t<\/div>\n<\/section><section id=\"b-1730\" class=\"b b-cta  b-cta--darken \" data-watch data-trigger=\"0.4\" data-preload>\n\n\t<div class=\"b-cta-background\"><div class=\"image\" style=\"background-image: url(https:\/\/canatal.net\/wp-content\/uploads\/2018\/11\/Raynham-header.jpg)\"><\/div><\/div>\n\t<div class=\"b-cta-foreground\">\n\t\t<div class=\"container\">\n\n\t\t\t<div class=\"b-cta-caption\">\n\n\t\t\t<div class=\"vertical vertical--bottom\">\n\t\t\t\t<div class=\"vertical-cell\">\n\n\t\t\t<div class=\"dash dash--light dash--normal\">\n\t\t\t\t<div class=\"dash-line\"><\/div>\n\t\t\t\t<div class=\"dash-text\">Nous joindre<\/div>\n\t\t\t<\/div><\/div>\n\t\t\t<\/div><\/div>\n\t\t\t<div class=\"b-cta-content wysiwyg dark\">\n\t\t\t\t<h2>Pr\u00eat \u00e0 voir votre projet prendre vie?<\/h2>\n<p>Voyez pourquoi Canatal est \u00e0 la hauteur<\/p>\n\n\t\t\t<\/div>\n\n\t\t\t\t\t\t\t<div class=\"b-cta-action arrow-trigger\">\n\t\t\t\t\t<div class=\"b-cta-action-arrow\"><div class=\"arrow\"><\/div><\/div>\n\t\t\t\t\t<div class=\"b-cta-action-label\">\n\t\t\t\t\t\t\n\t\t\t<div class=\"button-action button-action--light\">\n\t\t\t\t<a href=\"https:\/\/canatal.net\/fr\/communiquez-avec-canatal\/\">Parlez \u00e0 un expert<\/a>\n\t\t\t<\/div>\n\t\t\t\t\t<\/div>\n\t\t\t\t<\/div>\n\t\t\t\n\t\t<\/div>\n\t<\/div>\n\n<\/section>","protected":false},"excerpt":{"rendered":"<p>General Dynamics, North Kingston, RI \/ 4 600 tonnes Fabrication D\u2019embl\u00e9e, l\u2019avantage Canatal est \u00e9vident. Notre capacit\u00e9 et nos \u00e9quipements de fabrication sont impressionnants et notre processus est bien perfectionn\u00e9. Toutefois, notre attribut le plus diff\u00e9renciateur se manifeste surtout par notre agilit\u00e9. Notre offre ne se limite pas \u00e0 la fabrication et \u00e0 l\u2019\u00e9rection de &hellip; <a href=\"https:\/\/canatal.net\/fr\/services\/fabrication\/\">Continued<\/a><\/p>\n","protected":false},"author":1,"featured_media":0,"parent":1705,"menu_order":0,"comment_status":"closed","ping_status":"closed","template":"","meta":{"_acf_changed":false,"footnotes":""},"class_list":["post-1726","page","type-page","status-publish","hentry"],"acf":[],"_links":{"self":[{"href":"https:\/\/canatal.net\/fr\/wp-json\/wp\/v2\/pages\/1726","targetHints":{"allow":["GET"]}}],"collection":[{"href":"https:\/\/canatal.net\/fr\/wp-json\/wp\/v2\/pages"}],"about":[{"href":"https:\/\/canatal.net\/fr\/wp-json\/wp\/v2\/types\/page"}],"author":[{"embeddable":true,"href":"https:\/\/canatal.net\/fr\/wp-json\/wp\/v2\/users\/1"}],"replies":[{"embeddable":true,"href":"https:\/\/canatal.net\/fr\/wp-json\/wp\/v2\/comments?post=1726"}],"version-history":[{"count":1,"href":"https:\/\/canatal.net\/fr\/wp-json\/wp\/v2\/pages\/1726\/revisions"}],"predecessor-version":[{"id":1921,"href":"https:\/\/canatal.net\/fr\/wp-json\/wp\/v2\/pages\/1726\/revisions\/1921"}],"up":[{"embeddable":true,"href":"https:\/\/canatal.net\/fr\/wp-json\/wp\/v2\/pages\/1705"}],"wp:attachment":[{"href":"https:\/\/canatal.net\/fr\/wp-json\/wp\/v2\/media?parent=1726"}],"curies":[{"name":"wp","href":"https:\/\/api.w.org\/{rel}","templated":true}]}}