{"id":1732,"date":"2018-11-05T00:23:24","date_gmt":"2018-11-05T00:23:24","guid":{"rendered":"https:\/\/canatal.net\/services\/pre-construction-and-estimates\/"},"modified":"2018-12-21T15:08:26","modified_gmt":"2018-12-21T20:08:26","slug":"estimations","status":"publish","type":"page","link":"https:\/\/canatal.net\/fr\/services\/estimations\/","title":{"rendered":"Estimations"},"content":{"rendered":"<section id=\"b-1733\" class=\"b b-header-page  b-header-page--darken \" data-watch data-preload>\n\n\t<div class=\"b-header-page-background\">\n\t\t<div class=\"container\">\n\t\t\t<div class=\"b-header-page-image\">\n\t\t\t\t<div class=\"b-header-page-image-background\"><div class=\"image\" style=\"background-image: url(https:\/\/canatal.net\/wp-content\/uploads\/2018\/11\/Canatal-Boston-Structure3-3-1024x0-c-default.jpg)\"><\/div><\/div>\n\t\t\t\t<div class=\"b-header-page-image-foreground\">\n\t\t\t\t\t\t\t\t\t\t\t<div class=\"b-header-page-image-legend\">\n\t\t\t\t\t\t\t\n\n\t\t\t<div class=\"vertical vertical--bottom\">\n\t\t\t\t<div class=\"vertical-cell\">\n\n\t\t\t<div class=\"dash dash--dark dash--normal\">\n\t\t\t\t<div class=\"dash-line\"><\/div>\n\t\t\t\t<div class=\"dash-text\">New Balance, Boston, MA \/ 3 606 tonnes<\/div>\n\t\t\t<\/div><\/div>\n\t\t\t<\/div>\n\t\t\t\t\t\t<\/div>\n\t\t\t\t\t\t\t\t\t<\/div>\n\t\t\t<\/div>\n\t\t<\/div>\n\t<\/div>\n\n\t<div class=\"container\">\n\n\t\t<div class=\"b-header-page-foreground\">\n\t\t\t<div class=\"b-header-page-content wysiwyg dark\">\n\t\t\t\t<h1>Estimations<\/h1>\n<p class=\"emphasized\">Un soutien int\u00e9gral durant les \u00e9tapes initiales du projet<\/p>\n<p>\u00c0 l\u2019amorce d\u2019un projet, les experts de notre service d\u2019estimation mettent leurs connaissances au profit de nos clients. Cette \u00e9quipe est d\u00e9vou\u00e9e \u00e0 mettre en lumi\u00e8re l\u2019ensemble des phases du projet, sans n\u00e9gliger la panoplie de complexit\u00e9s et de subtilit\u00e9s. Nous sommes en mesure de mener plusieurs projets de front simultan\u00e9ment tout en procurant un soutien constant \u00e0 chaque client.<\/p>\n<p>Peu de temps apr\u00e8s la r\u00e9ception des plans, nos clients obtiennent rapidement une soumission et une \u00e9valuation de l\u2019ensemble de la port\u00e9e du projet. Afin d\u2019arriver \u00e0 une entente finale et unanime, le processus se doit d\u2019\u00eatre clair en tout temps et pour tous. C\u2019est par cette relation de confiance que Canatal se d\u00e9marque.<\/p>\n\n\t\t\t<\/div>\n\t\t<\/div>\n\n\t\t<div class=\"b-header-page-rg-area\">\n\t\t\t<div class=\"phone-indicator phone-indicator--light\">\n\t\t\t\t\n\n\t\t\t<div class=\"vertical vertical--top\">\n\t\t\t\t<div class=\"vertical-cell\"><a href=\"tel:1 418 338-6044\">1 418 338-6044<\/a><\/div>\n\t\t\t<\/div>\n\t\t\t<\/div>\n\t\t<\/div>\n\n\t<\/div>\n\n<\/section><section id=\"b-1734\" class=\"b b-text\" data-watch data-preload>\n\t<div class=\"container\">\n\t\t<div class=\"b-text-content wysiwyg\">\n\t\t\t<h2>La vaste expertise <br \/>\nde Canatal \u00e0 votre disposition<\/h2>\n\n\t\t<\/div>\n\t<\/div>\n<\/section><section id=\"b-1735\" class=\"b b-text-sticky b-text-sticky--right\" data-watch data-trigger=\"0.4\" data-preload>\n\n\t<div class=\"container container--side\">\n\n\t\t<div class=\"b-text-sticky-side-area\">\n\t\t\t<div class=\"b-text-sticky-images\">\n\n\t\t\t\t \n\t\t\t\t\t <div class=\"b-text-sticky-image\">\n\t\t\t\t\t\t<div class=\"b-text-sticky-image-background\"><div class=\"image\" style=\"background-image: url(https:\/\/canatal.net\/wp-content\/uploads\/2018\/11\/Canatal-Preposal.jpg)\"><\/div><\/div>\n\t\t\t\t\t\t<div class=\"b-text-sticky-image-foreground\">\n\n\t\t\t\t\t\t\t\n\t\t\t\t\t\t<\/div>\n\t\t\t\t\t<\/div>\n\n\t\t\t\t \n\t\t\t\t\t <div class=\"b-text-sticky-image\">\n\t\t\t\t\t\t<div class=\"b-text-sticky-image-background\"><div class=\"image\" style=\"background-image: url(https:\/\/canatal.net\/wp-content\/uploads\/2018\/11\/Canatal-Kick-off.jpg)\"><\/div><\/div>\n\t\t\t\t\t\t<div class=\"b-text-sticky-image-foreground\">\n\n\t\t\t\t\t\t\t\n\t\t\t\t\t\t<\/div>\n\t\t\t\t\t<\/div>\n\n\t\t\t\t \n\t\t\t<\/div>\n\t\t<\/div>\n\n\t<\/div>\n\n\t<div class=\"container container--main\">\n\n\t\t<div class=\"b-text-sticky-main-area\">\n\n\t\t\t<div class=\"b-text-sticky-main\">\n\n\t\t\t\t\t\t\t\t\t<div class=\"b-text-sticky-caption\">\n\t\t\t\t\t\t\n\n\t\t\t<div class=\"dash dash--dark dash--normal\">\n\t\t\t\t<div class=\"dash-line\"><\/div>\n\t\t\t\t<div class=\"dash-text\">Nos m\u00e9thodes de travail optimis\u00e9es<\/div>\n\t\t\t<\/div>\n\t\t\t\t\t<\/div>\n\t\t\t\t\n\t\t\t\t<div class=\"b-text-sticky-items\">\n\n\t\t\t\t\t\n\t\t\t\t\t\t<div class=\"b-text-sticky-item\">\n\t\t\t\t\t\t\t<div class=\"b-text-sticky-item-content wysiwyg\">\n\t\t\t\t\t\t\t\t<h2>Proposition<br \/>\nd\u2019un projet<\/h2>\n<p class=\"emphasized\">Analyse et budget pr\u00e9liminaire<\/p>\n<ul>\n<li>Comprendre les objectifs et les exigences sp\u00e9cifiques du projet, passer en revue les plans et devis<\/li>\n<li>\u00c9tablir un \u00e9ch\u00e9ancier provisoire<\/li>\n<li>Fournir une estimation de co\u00fbt d\u00e9taill\u00e9e et pr\u00e9cise<\/li>\n<li>Scruter l\u2019ensemble des plans avec les estimateurs, les responsables des achats et les diverses \u00e9quipes du projet<\/li>\n<\/ul>\n\n\t\t\t\t\t\t\t<\/div>\n\t\t\t\t\t\t<\/div>\n\n\t\t\t\t\t\n\t\t\t\t\t\t<div class=\"b-text-sticky-item\">\n\t\t\t\t\t\t\t<div class=\"b-text-sticky-item-content wysiwyg\">\n\t\t\t\t\t\t\t\t<h2>Lancement du projet<\/h2>\n<p class=\"emphasized\">Planification et lancement<\/p>\n<ul>\n<li>Examiner les plans dans leur ensemble pour identifier les rectifications \u00e0 apporter, le cas \u00e9ch\u00e9ant<\/li>\n<li>D\u00e9velopper les s\u00e9quences de planification, de fabrication et d\u2019\u00e9rection<\/li>\n<li>D\u00e9terminer les modifications potentielles et proposer une <strong><a href=\"https:\/\/canatal.net\/fr\/pourquoi-canatal\/les-avantages-de-lingeniosite\/\">planification ing\u00e9nieuse<\/a><\/strong><\/li>\n<li>Regrouper les personnes cl\u00e9s dans une rencontre de lancement<\/li>\n<li>R\u00e9viser l\u2019\u00e9nonc\u00e9 de travaux et identifier les goulots d\u2019\u00e9tranglement potentiels<\/li>\n<\/ul>\n\n\t\t\t\t\t\t\t<\/div>\n\t\t\t\t\t\t<\/div>\n\n\t\t\t\t\t\n\t\t\t\t<\/div>\n\n\t\t\t<\/div>\n\n\t\t<\/div>\n\n\t<\/div>\n<\/section><section id=\"b-1736\" class=\"b b-cta  b-cta--darken \" data-watch data-trigger=\"0.4\" data-preload>\n\n\t<div class=\"b-cta-background\"><div class=\"image\" style=\"background-image: url(https:\/\/canatal.net\/wp-content\/uploads\/2018\/11\/Canatal-Boston-Structure-7-1.jpg)\"><\/div><\/div>\n\t<div class=\"b-cta-foreground\">\n\t\t<div class=\"container\">\n\n\t\t\t<div class=\"b-cta-caption\">\n\n\t\t\t<div class=\"vertical vertical--bottom\">\n\t\t\t\t<div class=\"vertical-cell\">\n\n\t\t\t<div class=\"dash dash--light dash--normal\">\n\t\t\t\t<div class=\"dash-line\"><\/div>\n\t\t\t\t<div class=\"dash-text\">Contact us<\/div>\n\t\t\t<\/div><\/div>\n\t\t\t<\/div><\/div>\n\t\t\t<div class=\"b-cta-content wysiwyg dark\">\n\t\t\t\t<h2>Vous avez un projet devant vous?<\/h2>\n<p>Canatal vous aidera \u00e0 le mettre en marche.<\/p>\n\n\t\t\t<\/div>\n\n\t\t\t\t\t\t\t<div class=\"b-cta-action arrow-trigger\">\n\t\t\t\t\t<div class=\"b-cta-action-arrow\"><div class=\"arrow\"><\/div><\/div>\n\t\t\t\t\t<div class=\"b-cta-action-label\">\n\t\t\t\t\t\t\n\t\t\t<div class=\"button-action button-action--light\">\n\t\t\t\t<a href=\"https:\/\/canatal.net\/fr\/communiquez-avec-canatal\/\">Mettez-nous \u00e0 l\u2019\u00e9preuve<\/a>\n\t\t\t<\/div>\n\t\t\t\t\t<\/div>\n\t\t\t\t<\/div>\n\t\t\t\n\t\t<\/div>\n\t<\/div>\n\n<\/section>","protected":false},"excerpt":{"rendered":"<p>New Balance, Boston, MA \/ 3 606 tonnes Estimations Un soutien int\u00e9gral durant les \u00e9tapes initiales du projet \u00c0 l\u2019amorce d\u2019un projet, les experts de notre service d\u2019estimation mettent leurs connaissances au profit de nos clients. Cette \u00e9quipe est d\u00e9vou\u00e9e \u00e0 mettre en lumi\u00e8re l\u2019ensemble des phases du projet, sans n\u00e9gliger la panoplie de complexit\u00e9s &hellip; <a href=\"https:\/\/canatal.net\/fr\/services\/estimations\/\">Continued<\/a><\/p>\n","protected":false},"author":1,"featured_media":0,"parent":1705,"menu_order":0,"comment_status":"closed","ping_status":"closed","template":"","meta":{"_acf_changed":false,"footnotes":""},"class_list":["post-1732","page","type-page","status-publish","hentry"],"acf":[],"_links":{"self":[{"href":"https:\/\/canatal.net\/fr\/wp-json\/wp\/v2\/pages\/1732","targetHints":{"allow":["GET"]}}],"collection":[{"href":"https:\/\/canatal.net\/fr\/wp-json\/wp\/v2\/pages"}],"about":[{"href":"https:\/\/canatal.net\/fr\/wp-json\/wp\/v2\/types\/page"}],"author":[{"embeddable":true,"href":"https:\/\/canatal.net\/fr\/wp-json\/wp\/v2\/users\/1"}],"replies":[{"embeddable":true,"href":"https:\/\/canatal.net\/fr\/wp-json\/wp\/v2\/comments?post=1732"}],"version-history":[{"count":1,"href":"https:\/\/canatal.net\/fr\/wp-json\/wp\/v2\/pages\/1732\/revisions"}],"predecessor-version":[{"id":1890,"href":"https:\/\/canatal.net\/fr\/wp-json\/wp\/v2\/pages\/1732\/revisions\/1890"}],"up":[{"embeddable":true,"href":"https:\/\/canatal.net\/fr\/wp-json\/wp\/v2\/pages\/1705"}],"wp:attachment":[{"href":"https:\/\/canatal.net\/fr\/wp-json\/wp\/v2\/media?parent=1732"}],"curies":[{"name":"wp","href":"https:\/\/api.w.org\/{rel}","templated":true}]}}