{"id":1738,"date":"2018-11-05T00:24:10","date_gmt":"2018-11-05T00:24:10","guid":{"rendered":"https:\/\/canatal.net\/services\/project-management\/"},"modified":"2019-01-03T09:54:01","modified_gmt":"2019-01-03T14:54:01","slug":"gestion-de-projets","status":"publish","type":"page","link":"https:\/\/canatal.net\/fr\/services\/gestion-de-projets\/","title":{"rendered":"Gestion de projets"},"content":{"rendered":"<section id=\"b-1739\" class=\"b b-header-page  b-header-page--darken \" data-watch data-preload>\n\n\t<div class=\"b-header-page-background\">\n\t\t<div class=\"container\">\n\t\t\t<div class=\"b-header-page-image\">\n\t\t\t\t<div class=\"b-header-page-image-background\"><div class=\"image\" style=\"background-image: url(https:\/\/canatal.net\/wp-content\/uploads\/2018\/11\/Canatal-Clarksburg-Premium-Outlets-1024x0-c-default.jpg)\"><\/div><\/div>\n\t\t\t\t<div class=\"b-header-page-image-foreground\">\n\t\t\t\t\t\t\t\t\t\t\t<div class=\"b-header-page-image-legend\">\n\t\t\t\t\t\t\t\n\n\t\t\t<div class=\"vertical vertical--bottom\">\n\t\t\t\t<div class=\"vertical-cell\">\n\n\t\t\t<div class=\"dash dash--dark dash--normal\">\n\t\t\t\t<div class=\"dash-line\"><\/div>\n\t\t\t\t<div class=\"dash-text\">Clarksburg Premium Outlets, Clarksburgh, MD \/ 2 744 tonnes<\/div>\n\t\t\t<\/div><\/div>\n\t\t\t<\/div>\n\t\t\t\t\t\t<\/div>\n\t\t\t\t\t\t\t\t\t<\/div>\n\t\t\t<\/div>\n\t\t<\/div>\n\t<\/div>\n\n\t<div class=\"container\">\n\n\t\t<div class=\"b-header-page-foreground\">\n\t\t\t<div class=\"b-header-page-content wysiwyg dark\">\n\t\t\t\t<h1>Gestion de<br \/>\nprojets<\/h1>\n<p class=\"emphasized\">Ex\u00e9cution perfectionn\u00e9e<\/p>\n<p>Une gestion de projets m\u00e9ticuleuse est sans contredit un facteur qui fait une grande diff\u00e9rence dans l\u2019avancement des mandats. Cette importante responsabilit\u00e9 incombe aux \u00e9quipes en charge de concevoir une planification rigoureuse pour ensuite la mettre en \u0276uvre. Chez Canatal, nos gestionnaires et superviseurs de chantier chevronn\u00e9s sont tous, \u00e0 la base, des ing\u00e9nieurs ou des monteurs de charpentes d\u2019acier qui ont pass\u00e9 de nombreuses ann\u00e9es sur les chantiers de construction. Ils ont ainsi acquis des habilet\u00e9s qui font maintenant d\u2019eux les experts tous d\u00e9sign\u00e9s pour la r\u00e9alisation de vos projets.<\/p>\n<p>\u00c0 cette expertise s\u2019ajoute la planification lors de laquelle toutes les \u00e9tapes de travail sont clairement d\u00e9finies pour \u00eatre ensuite ex\u00e9cut\u00e9es et valid\u00e9es selon les normes les plus strictes.<\/p>\n\n\t\t\t<\/div>\n\t\t<\/div>\n\n\t\t<div class=\"b-header-page-rg-area\">\n\t\t\t<div class=\"phone-indicator phone-indicator--light\">\n\t\t\t\t\n\n\t\t\t<div class=\"vertical vertical--top\">\n\t\t\t\t<div class=\"vertical-cell\"><a href=\"tel:1 418 338-6044\">1 418 338-6044<\/a><\/div>\n\t\t\t<\/div>\n\t\t\t<\/div>\n\t\t<\/div>\n\n\t<\/div>\n\n<\/section><section id=\"b-3506\" class=\"b b-about\" data-watch data-trigger=\"0.5\" data-preload>\n\t<div class=\"container\">\n\n\t\t<div\n\t\t\tclass=\"b-about-image b-about-image--under\"\n\t\t\tdata-scroll-animation=\"transform\"\n\t\t\tdata-scroll-animation-format=\"translateY(%vrem)\"\n\t\t\tdata-scroll-animation-min=\"+3\"\n\t\t\tdata-scroll-animation-max=\"-3\">\n\t\t<\/div>\n\n\t\t\n\t\t\n\n\t\t<div class=\"b-about-main\">\n\n\t\t\t<div class=\"b-about-caption\">\n\n\t\t\t<div class=\"vertical vertical--bottom\">\n\t\t\t\t<div class=\"vertical-cell\">\n\n\t\t\t<div class=\"dash dash--dark dash--normal\">\n\t\t\t\t<div class=\"dash-line\"><\/div>\n\t\t\t\t<div class=\"dash-text\">Savoir-faire<\/div>\n\t\t\t<\/div><\/div>\n\t\t\t<\/div><\/div>\n\t\t\t<div class=\"b-about-content wysiwyg\">\n\t\t\t\t<p class=\"emphasized\">Le savoir-faire de nos \u00e9quipes n\u2019est pas seulement un gage de qualit\u00e9, c\u2019est ce qui permet \u00e0 Canatal de toujours garder une longueur d\u2019avance.<\/p>\n\n\t\t\t<\/div>\n\n\t\t<\/div>\n\n\t<\/div>\n<\/section><section id=\"b-1740\" class=\"b b-text-sticky b-text-sticky--right\" data-watch data-trigger=\"0.4\" data-preload>\n\n\t<div class=\"container container--side\">\n\n\t\t<div class=\"b-text-sticky-side-area\">\n\t\t\t<div class=\"b-text-sticky-images\">\n\n\t\t\t\t \n\t\t\t\t\t <div class=\"b-text-sticky-image\">\n\t\t\t\t\t\t<div class=\"b-text-sticky-image-background\"><div class=\"image\" style=\"background-image: url(https:\/\/canatal.net\/wp-content\/uploads\/2018\/11\/Canatal-Project-management.jpg)\"><\/div><\/div>\n\t\t\t\t\t\t<div class=\"b-text-sticky-image-foreground\">\n\n\t\t\t\t\t\t\t\n\t\t\t\t\t\t<\/div>\n\t\t\t\t\t<\/div>\n\n\t\t\t\t \n\t\t\t\t\t <div class=\"b-text-sticky-image\">\n\t\t\t\t\t\t<div class=\"b-text-sticky-image-background\"><div class=\"image\" style=\"background-image: url(https:\/\/canatal.net\/wp-content\/uploads\/2018\/11\/Canatal-Long-Island-Building-2.jpg)\"><\/div><\/div>\n\t\t\t\t\t\t<div class=\"b-text-sticky-image-foreground\">\n\n\t\t\t\t\t\t\t\t\t\t\t\t\t\t\t<div class=\"b-text-sticky-image-legend\">\n\t\t\t\t\t\t\t\t\t\n\n\t\t\t<div class=\"vertical vertical--bottom\">\n\t\t\t\t<div class=\"vertical-cell\">\n\n\t\t\t<div class=\"dash dash--light dash--normal\">\n\t\t\t\t<div class=\"dash-line\"><\/div>\n\t\t\t\t<div class=\"dash-text\">Queens Plaza, Long Island City, NY \/ 485 tonnes<\/div>\n\t\t\t<\/div><\/div>\n\t\t\t<\/div>\n\t\t\t\t\t\t\t\t<\/div>\n\t\t\t\t\t\t\t\n\t\t\t\t\t\t<\/div>\n\t\t\t\t\t<\/div>\n\n\t\t\t\t \n\t\t\t<\/div>\n\t\t<\/div>\n\n\t<\/div>\n\n\t<div class=\"container container--main\">\n\n\t\t<div class=\"b-text-sticky-main-area\">\n\n\t\t\t<div class=\"b-text-sticky-main\">\n\n\t\t\t\t\n\t\t\t\t<div class=\"b-text-sticky-items\">\n\n\t\t\t\t\t\n\t\t\t\t\t\t<div class=\"b-text-sticky-item\">\n\t\t\t\t\t\t\t<div class=\"b-text-sticky-item-content wysiwyg\">\n\t\t\t\t\t\t\t\t<h2>Livr\u00e9 \u00e0 temps. Rien de\u00a0moins.<\/h2>\n<p>La planification fait partie de l\u2019ADN de Canatal. Quand vient le temps de r\u00e9fl\u00e9chir et de planifier, rien ne bat l\u2019exp\u00e9rience. Nos \u00e9quipes r\u00e9ussissent ainsi \u00e0 r\u00e9pondre aux\u00a0attentes.<\/p>\n<p>Notre mod\u00e8le de planification est un syst\u00e8me hautement dynamique con\u00e7u pour bien int\u00e9grer les modifications. Gr\u00e2ce \u00e0 celui-ci, nous sommes en mesure de surveiller facilement l\u2019\u00e9volution des projets. Chaque \u00e9tape est suivie en temps r\u00e9el pour que nous puissions r\u00e9organiser les t\u00e2ches selon les priorit\u00e9s, avec une grande\u00a0efficacit\u00e9.<\/p>\n<p>Nous utilisons des technologies et des outils de pointe, des parties int\u00e9grantes de l\u2019agilit\u00e9 et de la flexibilit\u00e9 qui font notre\u00a0renomm\u00e9e.<\/p>\n\n\t\t\t\t\t\t\t<\/div>\n\t\t\t\t\t\t<\/div>\n\n\t\t\t\t\t\n\t\t\t\t\t\t<div class=\"b-text-sticky-item\">\n\t\t\t\t\t\t\t<div class=\"b-text-sticky-item-content wysiwyg\">\n\t\t\t\t\t\t\t\t<h2>La force de\u00a0Canatal?<\/h2>\n<h3>Ses \u00e9quipes ing\u00e9nieuses.<\/h3>\n<p>Avant qu\u2019un plan d\u2019action ne soit \u00e9labor\u00e9, la direction de Canatal forme minutieusement l\u2019\u00e9quipe de\u00a0travail.<\/p>\n<p>Chaque personne s\u00e9lectionn\u00e9e fait partie de l\u2019\u00e9quipe en raison de ses talents, de ses connaissances et de sa capacit\u00e9 \u00e0 relever le d\u00e9fi en\u00a0question.<\/p>\n<p>Lorsque des mises \u00e0 jour s\u2019imposent dans l\u2019horaire de production, les employ\u00e9s sont r\u00e9assign\u00e9s afin de satisfaire aux requ\u00eates le plus fluidement\u00a0possible.<\/p>\n<p>Pour sa part, l\u2019\u00e9quipe de direction travaille sans rel\u00e2che pour que la production poursuive son cours et que l\u2019approvisionnement demeure\u00a0constant.<\/p>\n<p>Nos gestionnaires en approvisionnement honorent leur engagement envers vous : vous procurer le bon acier, au bon prix, au bon\u00a0moment.<\/p>\n\n\t\t\t\t\t\t\t<\/div>\n\t\t\t\t\t\t<\/div>\n\n\t\t\t\t\t\n\t\t\t\t<\/div>\n\n\t\t\t<\/div>\n\n\t\t<\/div>\n\n\t<\/div>\n<\/section><section id=\"b-1741\" class=\"b b-quotes\" data-watch data-preload>\n\t<div class=\"container\">\n\n\t\t\n\t\t<div class=\"b-quotes-items\">\n\n\t\t\t\n\t\t\t\t\t\t\t\t\t\t\t\t\t\n\t\t\t\t<div class=\"b-quotes-item b-quotes-item--text-rg\" data-watch data-visible-class=\"item-visible-on-screen\">\n\n\t\t\t\t\t<div class=\"b-quotes-item-side-area\">\n\t\t\t\t\t\t<div class=\"b-quotes-item-image\">\n\t\t\t\t\t\t\t<div class=\"b-quotes-item-image-background\"><div class=\"image\" style=\"background-image: url(https:\/\/canatal.net\/wp-content\/uploads\/2018\/11\/Canatal-Albany-640x0-c-default.jpg)\"><\/div><\/div>\n\t\t\t\t\t\t\t<div class=\"b-quotes-item-image-foreground\">\n\t\t\t\t\t\t\t\t\t\t\t\t\t\t\t\t\t<div class=\"b-quotes-item-image-legend\">\n\t\t\t\t\t\t\t\t\t\t\n\n\t\t\t<div class=\"vertical vertical--bottom\">\n\t\t\t\t<div class=\"vertical-cell\">\n\n\t\t\t<div class=\"dash dash--light dash--normal\">\n\t\t\t\t<div class=\"dash-line\"><\/div>\n\t\t\t\t<div class=\"dash-text\">275 Albany Street, Boston, MA<br \/>\r\n2 602 tonnes<\/div>\n\t\t\t<\/div><\/div>\n\t\t\t<\/div>\n\t\t\t\t\t\t\t\t\t<\/div>\n\t\t\t\t\t\t\t\t\t\t\t\t\t\t\t<\/div>\n\t\t\t\t\t\t<\/div>\n\t\t\t\t\t<\/div>\n\n\t\t\t\t\t<div class=\"b-quotes-item-main-area\">\n\t\t\t\t\t\t<div class=\"b-quotes-item-content wysiwyg\"><p>J\u2019ai travaill\u00e9 sur plus de 15 projets avec Canatal, et chaque fois, le service \u00e0 la client\u00e8le est de classe mondiale.<\/p>\n<\/div>\n\t\t\t\t\t\t<div class=\"b-quotes-item-author-name\">Jim Grossman<\/div>\t\t\t\t\t\t<div class=\"b-quotes-item-author-role\">Direction national des op\u00e9rations, Construction<br \/>\r\nSuffolk Construction<\/div>\t\t\t\t\t<\/div>\n\n\t\t\t\t<\/div>\n\n\t\t\t\n\t\t\t\t\t\t\t\t\t\t\t\t\t\n\t\t\t\t<div class=\"b-quotes-item b-quotes-item--text-lf\" data-watch data-visible-class=\"item-visible-on-screen\">\n\n\t\t\t\t\t<div class=\"b-quotes-item-side-area\">\n\t\t\t\t\t\t<div class=\"b-quotes-item-image\">\n\t\t\t\t\t\t\t<div class=\"b-quotes-item-image-background\"><div class=\"image\" style=\"background-image: url(https:\/\/canatal.net\/wp-content\/uploads\/2018\/11\/Screen-Shot-2018-11-27-at-9.07.04-AM-640x0-c-default.png)\"><\/div><\/div>\n\t\t\t\t\t\t\t<div class=\"b-quotes-item-image-foreground\">\n\t\t\t\t\t\t\t\t\t\t\t\t\t\t\t\t\t<div class=\"b-quotes-item-image-legend\">\n\t\t\t\t\t\t\t\t\t\t\n\n\t\t\t<div class=\"vertical vertical--bottom\">\n\t\t\t\t<div class=\"vertical-cell\">\n\n\t\t\t<div class=\"dash dash--light dash--normal\">\n\t\t\t\t<div class=\"dash-line\"><\/div>\n\t\t\t\t<div class=\"dash-text\">3201 Race Street, Philadelphia, PA<br \/>\r\n1 180 tonnes<\/div>\n\t\t\t<\/div><\/div>\n\t\t\t<\/div>\n\t\t\t\t\t\t\t\t\t<\/div>\n\t\t\t\t\t\t\t\t\t\t\t\t\t\t\t<\/div>\n\t\t\t\t\t\t<\/div>\n\t\t\t\t\t<\/div>\n\n\t\t\t\t\t<div class=\"b-quotes-item-main-area\">\n\t\t\t\t\t\t<div class=\"b-quotes-item-content wysiwyg\"><p>L\u2019\u00e9quipe Canatal a \u00e9t\u00e9 proactive; une aide inestimable pour nous permettre de r\u00e9soudre les d\u00e9fis qui se sont manifest\u00e9s sur le terrain.<\/p>\n<\/div>\n\t\t\t\t\t\t<div class=\"b-quotes-item-author-name\">Brandon Gussoni<\/div>\t\t\t\t\t\t<div class=\"b-quotes-item-author-role\">Gestionnaire de projets<br \/>\r\nTN Ward Company<\/div>\t\t\t\t\t<\/div>\n\n\t\t\t\t<\/div>\n\n\t\t\t\n\t\t\t\t\t\t\t\t\t\t\t\t\t\n\t\t\t\t<div class=\"b-quotes-item b-quotes-item--text-rg\" data-watch data-visible-class=\"item-visible-on-screen\">\n\n\t\t\t\t\t<div class=\"b-quotes-item-side-area\">\n\t\t\t\t\t\t<div class=\"b-quotes-item-image\">\n\t\t\t\t\t\t\t<div class=\"b-quotes-item-image-background\"><div class=\"image\" style=\"background-image: url(https:\/\/canatal.net\/wp-content\/uploads\/2018\/11\/Screen-Shot-2018-11-27-at-9.09.59-AM-640x0-c-default.png)\"><\/div><\/div>\n\t\t\t\t\t\t\t<div class=\"b-quotes-item-image-foreground\">\n\t\t\t\t\t\t\t\t\t\t\t\t\t\t\t\t\t<div class=\"b-quotes-item-image-legend\">\n\t\t\t\t\t\t\t\t\t\t\n\n\t\t\t<div class=\"vertical vertical--bottom\">\n\t\t\t\t<div class=\"vertical-cell\">\n\n\t\t\t<div class=\"dash dash--light dash--normal\">\n\t\t\t\t<div class=\"dash-line\"><\/div>\n\t\t\t\t<div class=\"dash-text\">50-60 Binney Street, Cambridge, MA<br \/>\r\n6 100 tonnes<\/div>\n\t\t\t<\/div><\/div>\n\t\t\t<\/div>\n\t\t\t\t\t\t\t\t\t<\/div>\n\t\t\t\t\t\t\t\t\t\t\t\t\t\t\t<\/div>\n\t\t\t\t\t\t<\/div>\n\t\t\t\t\t<\/div>\n\n\t\t\t\t\t<div class=\"b-quotes-item-main-area\">\n\t\t\t\t\t\t<div class=\"b-quotes-item-content wysiwyg\"><p>L\u2019\u00e9quipe Canatal avec laquelle nous avons travaill\u00e9 s\u2019est d\u00e9plac\u00e9e chaque semaine sur le chantier, en plein c\u0276ur d\u2019un hiver rigoureux. Leur niveau d\u2019engagement et de coop\u00e9ration a grandement contribu\u00e9 \u00e0 l\u2019esprit de collaboration pendant ce projet<\/p>\n<\/div>\n\t\t\t\t\t\t<div class=\"b-quotes-item-author-name\">Brian B. Chase<\/div>\t\t\t\t\t\t<div class=\"b-quotes-item-author-role\">Chef de chantier<br \/>\r\nTurner Construction Company<br \/>\r\n<\/div>\t\t\t\t\t<\/div>\n\n\t\t\t\t<\/div>\n\n\t\t\t\n\t\t<\/div>\n\n\t\t\n\t<\/div>\n<\/section><section id=\"b-1742\" class=\"b b-cta  b-cta--darken \" data-watch data-trigger=\"0.4\" data-preload>\n\n\t<div class=\"b-cta-background\"><div class=\"image\" style=\"background-image: url(https:\/\/canatal.net\/wp-content\/uploads\/2018\/11\/Canatal-Boston-Structure_5.jpg)\"><\/div><\/div>\n\t<div class=\"b-cta-foreground\">\n\t\t<div class=\"container\">\n\n\t\t\t<div class=\"b-cta-caption\">\n\n\t\t\t<div class=\"vertical vertical--bottom\">\n\t\t\t\t<div class=\"vertical-cell\">\n\n\t\t\t<div class=\"dash dash--light dash--normal\">\n\t\t\t\t<div class=\"dash-line\"><\/div>\n\t\t\t\t<div class=\"dash-text\">Nous joindre<\/div>\n\t\t\t<\/div><\/div>\n\t\t\t<\/div><\/div>\n\t\t\t<div class=\"b-cta-content wysiwyg dark\">\n\t\t\t\t<h2>Vous avez une vision? <br \/>\nVoyez comment Canatal <br \/>\npeut vous aider<\/h2>\n\n\t\t\t<\/div>\n\n\t\t\t\t\t\t\t<div class=\"b-cta-action arrow-trigger\">\n\t\t\t\t\t<div class=\"b-cta-action-arrow\"><div class=\"arrow\"><\/div><\/div>\n\t\t\t\t\t<div class=\"b-cta-action-label\">\n\t\t\t\t\t\t\n\t\t\t<div class=\"button-action button-action--light\">\n\t\t\t\t<a href=\"https:\/\/canatal.net\/fr\/communiquez-avec-canatal\/\">Rencontrez nos experts<\/a>\n\t\t\t<\/div>\n\t\t\t\t\t<\/div>\n\t\t\t\t<\/div>\n\t\t\t\n\t\t<\/div>\n\t<\/div>\n\n<\/section>","protected":false},"excerpt":{"rendered":"<p>Clarksburg Premium Outlets, Clarksburgh, MD \/ 2 744 tonnes Gestion de projets Ex\u00e9cution perfectionn\u00e9e Une gestion de projets m\u00e9ticuleuse est sans contredit un facteur qui fait une grande diff\u00e9rence dans l\u2019avancement des mandats. Cette importante responsabilit\u00e9 incombe aux \u00e9quipes en charge de concevoir une planification rigoureuse pour ensuite la mettre en \u0276uvre. Chez Canatal, nos &hellip; <a href=\"https:\/\/canatal.net\/fr\/services\/gestion-de-projets\/\">Continued<\/a><\/p>\n","protected":false},"author":1,"featured_media":0,"parent":1705,"menu_order":0,"comment_status":"closed","ping_status":"closed","template":"","meta":{"_acf_changed":false,"footnotes":""},"class_list":["post-1738","page","type-page","status-publish","hentry"],"acf":[],"_links":{"self":[{"href":"https:\/\/canatal.net\/fr\/wp-json\/wp\/v2\/pages\/1738","targetHints":{"allow":["GET"]}}],"collection":[{"href":"https:\/\/canatal.net\/fr\/wp-json\/wp\/v2\/pages"}],"about":[{"href":"https:\/\/canatal.net\/fr\/wp-json\/wp\/v2\/types\/page"}],"author":[{"embeddable":true,"href":"https:\/\/canatal.net\/fr\/wp-json\/wp\/v2\/users\/1"}],"replies":[{"embeddable":true,"href":"https:\/\/canatal.net\/fr\/wp-json\/wp\/v2\/comments?post=1738"}],"version-history":[{"count":1,"href":"https:\/\/canatal.net\/fr\/wp-json\/wp\/v2\/pages\/1738\/revisions"}],"predecessor-version":[{"id":1891,"href":"https:\/\/canatal.net\/fr\/wp-json\/wp\/v2\/pages\/1738\/revisions\/1891"}],"up":[{"embeddable":true,"href":"https:\/\/canatal.net\/fr\/wp-json\/wp\/v2\/pages\/1705"}],"wp:attachment":[{"href":"https:\/\/canatal.net\/fr\/wp-json\/wp\/v2\/media?parent=1738"}],"curies":[{"name":"wp","href":"https:\/\/api.w.org\/{rel}","templated":true}]}}