{"id":1744,"date":"2018-11-05T00:24:20","date_gmt":"2018-11-05T00:24:20","guid":{"rendered":"https:\/\/canatal.net\/services\/steel-erection\/"},"modified":"2019-04-16T10:44:01","modified_gmt":"2019-04-16T15:44:01","slug":"erection-de-charpentes-dacier","status":"publish","type":"page","link":"https:\/\/canatal.net\/fr\/services\/erection-de-charpentes-dacier\/","title":{"rendered":"\u00c9rection de charpentes d\u2019acier"},"content":{"rendered":"<section id=\"b-1745\" class=\"b b-header-page  b-header-page--darken \" data-watch data-preload>\n\n\t<div class=\"b-header-page-background\">\n\t\t<div class=\"container\">\n\t\t\t<div class=\"b-header-page-image\">\n\t\t\t\t<div class=\"b-header-page-image-background\"><div class=\"image\" style=\"background-image: url(https:\/\/canatal.net\/wp-content\/uploads\/2018\/11\/Steel-erection-Canatal-1024x0-c-default.jpg)\"><\/div><\/div>\n\t\t\t\t<div class=\"b-header-page-image-foreground\">\n\t\t\t\t\t\t\t\t\t\t\t<div class=\"b-header-page-image-legend\">\n\t\t\t\t\t\t\t\n\n\t\t\t<div class=\"vertical vertical--bottom\">\n\t\t\t\t<div class=\"vertical-cell\">\n\n\t\t\t<div class=\"dash dash--dark dash--normal\">\n\t\t\t\t<div class=\"dash-line\"><\/div>\n\t\t\t\t<div class=\"dash-text\">Paul VI High School, South Riding, VA \/ 998 tonnes<\/div>\n\t\t\t<\/div><\/div>\n\t\t\t<\/div>\n\t\t\t\t\t\t<\/div>\n\t\t\t\t\t\t\t\t\t<\/div>\n\t\t\t<\/div>\n\t\t<\/div>\n\t<\/div>\n\n\t<div class=\"container\">\n\n\t\t<div class=\"b-header-page-foreground\">\n\t\t\t<div class=\"b-header-page-content wysiwyg dark\">\n\t\t\t\t<h1>\u00c9rection<br \/>\nde charpentes d\u2019acier<\/h1>\n<p>Juste avant le point culminant menant \u00e0 l\u2019\u00e9rection d\u2019une structure, il est imp\u00e9ratif que tout ait \u00e9t\u00e9 mis en place pour assurer la r\u00e9ussite du projet. Pour garantir cette confiance, Canatal collabore exclusivement avec les meilleures entreprises pour l\u2019\u00e9rection d\u2019acier. Cet engagement nous permet de respecter nos valeurs envers la s\u00e9curit\u00e9 et la qualit\u00e9.<\/p>\n<h3>Un partenaire fiable<br \/>\ndu d\u00e9but \u00e0 la fin.<\/h3>\n\n\t\t\t<\/div>\n\t\t<\/div>\n\n\t\t<div class=\"b-header-page-rg-area\">\n\t\t\t<div class=\"phone-indicator phone-indicator--light\">\n\t\t\t\t\n\n\t\t\t<div class=\"vertical vertical--top\">\n\t\t\t\t<div class=\"vertical-cell\"><a href=\"tel:1 418 338-6044\">1 418 338-6044<\/a><\/div>\n\t\t\t<\/div>\n\t\t\t<\/div>\n\t\t<\/div>\n\n\t<\/div>\n\n<\/section><section id=\"b-1746\" class=\"b b-text\" data-watch data-preload>\n\t<div class=\"container\">\n\t\t<div class=\"b-text-content wysiwyg\">\n\t\t\t<h2>La voie la plus rapide <br \/>\nvers des r\u00e9sultats exceptionnels<\/h2>\n<p class=\"emphasized\">Les bonnes ressources pour faire les choses de la bonne mani\u00e8re<\/p>\n\n\t\t<\/div>\n\t<\/div>\n<\/section><section id=\"b-1747\" class=\"b b-text-sticky b-text-sticky--right\" data-watch data-trigger=\"0.4\" data-preload>\n\n\t<div class=\"container container--side\">\n\n\t\t<div class=\"b-text-sticky-side-area\">\n\t\t\t<div class=\"b-text-sticky-images\">\n\n\t\t\t\t \n\t\t\t\t\t <div class=\"b-text-sticky-image\">\n\t\t\t\t\t\t<div class=\"b-text-sticky-image-background\"><div class=\"image\" style=\"background-image: url(https:\/\/canatal.net\/wp-content\/uploads\/2018\/11\/Canatal-Canal1.jpg)\"><\/div><\/div>\n\t\t\t\t\t\t<div class=\"b-text-sticky-image-foreground\">\n\n\t\t\t\t\t\t\t\t\t\t\t\t\t\t\t<div class=\"b-text-sticky-image-legend\">\n\t\t\t\t\t\t\t\t\t\n\n\t\t\t<div class=\"vertical vertical--bottom\">\n\t\t\t\t<div class=\"vertical-cell\">\n\n\t\t\t<div class=\"dash dash--light dash--normal\">\n\t\t\t\t<div class=\"dash-line\"><\/div>\n\t\t\t\t<div class=\"dash-text\">One Canal Street, Boston, ME \/ 4 017 tonnes<\/div>\n\t\t\t<\/div><\/div>\n\t\t\t<\/div>\n\t\t\t\t\t\t\t\t<\/div>\n\t\t\t\t\t\t\t\n\t\t\t\t\t\t<\/div>\n\t\t\t\t\t<\/div>\n\n\t\t\t\t \n\t\t\t<\/div>\n\t\t<\/div>\n\n\t<\/div>\n\n\t<div class=\"container container--main\">\n\n\t\t<div class=\"b-text-sticky-main-area\">\n\n\t\t\t<div class=\"b-text-sticky-main\">\n\n\t\t\t\t\n\t\t\t\t<div class=\"b-text-sticky-items\">\n\n\t\t\t\t\t\n\t\t\t\t\t\t<div class=\"b-text-sticky-item\">\n\t\t\t\t\t\t\t<div class=\"b-text-sticky-item-content wysiwyg\">\n\t\t\t\t\t\t\t\t<h2>Monteurs de charpentes d\u2019acier experts<\/h2>\n<p>Lorsque vient l\u2019\u00e9tape de l\u2019\u00e9rection de la charpentes d\u2019acier, nous faisons \u00e9quipe avec des monteurs r\u00e9put\u00e9s. . Nos collaborateurs r\u00e9pondent \u00e0 nos propres crit\u00e8res de s\u00e9lection, sont g\u00e9n\u00e9ralement certifi\u00e9s par l\u2019American Institute of Steel Construction, prennent des mesures de s\u00e9curit\u00e9 rigoureuses. Les fournisseurs \u00e0 qui nous faisons confiance emploient des individus exp\u00e9riment\u00e9s et qualifi\u00e9s qui travaillent en \u00e9troite collaboration avec notre \u00e9quipe de gestion de projet. \u00c9tant donn\u00e9 que les compagnies certifi\u00e9es par Canatal respectent les normes en vigueur en mati\u00e8re de sant\u00e9 et de s\u00e9curit\u00e9 au travail, nous pouvons \u00eatre certains que le travail est effectu\u00e9 de la fa\u00e7on la plus s\u00e9curitaire possible.<\/p>\n<p>Lorsque nos clients soumettent des demandes sp\u00e9ciales, nous comptons sur les habilet\u00e9s techniques et le savoir-faire de ces monteurs de charpentes d\u2019acier pour proposer des solutions efficaces, tout en gardant en t\u00eate les d\u00e9lais d\u2019ex\u00e9cution rapide convenus pr\u00e9alablement.<\/p>\n\n\t\t\t\t\t\t\t<\/div>\n\t\t\t\t\t\t<\/div>\n\n\t\t\t\t\t\n\t\t\t\t<\/div>\n\n\t\t\t<\/div>\n\n\t\t<\/div>\n\n\t<\/div>\n<\/section><section id=\"b-1748\" class=\"b b-text-sticky b-text-sticky--left\" data-watch data-trigger=\"0.4\" data-preload>\n\n\t<div class=\"container container--side\">\n\n\t\t<div class=\"b-text-sticky-side-area\">\n\t\t\t<div class=\"b-text-sticky-images\">\n\n\t\t\t\t \n\t\t\t\t\t <div class=\"b-text-sticky-image\">\n\t\t\t\t\t\t<div class=\"b-text-sticky-image-background\"><div class=\"image\" style=\"background-image: url(https:\/\/canatal.net\/wp-content\/uploads\/2018\/11\/Steel-erection-2-Canatal.jpg)\"><\/div><\/div>\n\t\t\t\t\t\t<div class=\"b-text-sticky-image-foreground\">\n\n\t\t\t\t\t\t\t\t\t\t\t\t\t\t\t<div class=\"b-text-sticky-image-legend\">\n\t\t\t\t\t\t\t\t\t\n\n\t\t\t<div class=\"vertical vertical--bottom\">\n\t\t\t\t<div class=\"vertical-cell\">\n\n\t\t\t<div class=\"dash dash--light dash--normal\">\n\t\t\t\t<div class=\"dash-line\"><\/div>\n\t\t\t\t<div class=\"dash-text\">Westminster Canterbury, Lynchburg, VA \/ 568 tonnes<\/div>\n\t\t\t<\/div><\/div>\n\t\t\t<\/div>\n\t\t\t\t\t\t\t\t<\/div>\n\t\t\t\t\t\t\t\n\t\t\t\t\t\t<\/div>\n\t\t\t\t\t<\/div>\n\n\t\t\t\t \n\t\t\t<\/div>\n\t\t<\/div>\n\n\t<\/div>\n\n\t<div class=\"container container--main\">\n\n\t\t<div class=\"b-text-sticky-main-area\">\n\n\t\t\t<div class=\"b-text-sticky-main\">\n\n\t\t\t\t\n\t\t\t\t<div class=\"b-text-sticky-items\">\n\n\t\t\t\t\t\n\t\t\t\t\t\t<div class=\"b-text-sticky-item\">\n\t\t\t\t\t\t\t<div class=\"b-text-sticky-item-content wysiwyg\">\n\t\t\t\t\t\t\t\t<h2>Service \u00abQuick-Bolt\u00bb<\/h2>\n<p>Afin de limiter les retards injustifi\u00e9s et de permettre \u00e0 nos \u00e9quipes de montage de continuer \u00e0 travailler tout en \u00e9tant constamment approvisionn\u00e9es, nous utilisons Quick\u2011Bolt, un service rapide d\u2019approvisionnement en boulons. Ce service, bas\u00e9 aux \u00c9tats\u2011Unis, nous permet d\u2019avoir rapidement acc\u00e8s \u00e0 tous les \u00e9l\u00e9ments essentiels aux sites de montage. Ainsi, lorsque des pi\u00e8ces sont n\u00e9cessaires, Canatal \u00e0 ce qu\u2019il faut pour livrer les projets \u00e0 temps.<\/p>\n<h2>Planification serr\u00e9e et approvisionnement cibl\u00e9<\/h2>\n<p>Notre mod\u00e8le de planification rep\u00e8re et int\u00e8gre les renseignements provenant de nos divers services. La quantit\u00e9, le type et les dimensions des membrures d\u2019acier requises pour chaque \u00e9tape d\u2019un projet donn\u00e9 peuvent ainsi \u00eatre calcul\u00e9s et \u00e9valu\u00e9s en temps r\u00e9el.<\/p>\n\n\t\t\t\t\t\t\t<\/div>\n\t\t\t\t\t\t<\/div>\n\n\t\t\t\t\t\n\t\t\t\t<\/div>\n\n\t\t\t<\/div>\n\n\t\t<\/div>\n\n\t<\/div>\n<\/section><section id=\"b-1749\" class=\"b b-cta  b-cta--darken \" data-watch data-trigger=\"0.4\" data-preload>\n\n\t<div class=\"b-cta-background\"><div class=\"image\" style=\"background-image: url(https:\/\/canatal.net\/wp-content\/uploads\/2018\/11\/1627-Paul-VI-Catholic-HS-VA-39.jpg)\"><\/div><\/div>\n\t<div class=\"b-cta-foreground\">\n\t\t<div class=\"container\">\n\n\t\t\t<div class=\"b-cta-caption\">\n\n\t\t\t<div class=\"vertical vertical--bottom\">\n\t\t\t\t<div class=\"vertical-cell\">\n\n\t\t\t<div class=\"dash dash--light dash--normal\">\n\t\t\t\t<div class=\"dash-line\"><\/div>\n\t\t\t\t<div class=\"dash-text\">Nous joindre<\/div>\n\t\t\t<\/div><\/div>\n\t\t\t<\/div><\/div>\n\t\t\t<div class=\"b-cta-content wysiwyg dark\">\n\t\t\t\t<h2> Mettez tout en \u0153uvre<br \/>\npour atteindre vos objectifs, <br \/>\nrapidement.<\/h2>\n\n\t\t\t<\/div>\n\n\t\t\t\t\t\t\t<div class=\"b-cta-action arrow-trigger\">\n\t\t\t\t\t<div class=\"b-cta-action-arrow\"><div class=\"arrow\"><\/div><\/div>\n\t\t\t\t\t<div class=\"b-cta-action-label\">\n\t\t\t\t\t\t\n\t\t\t<div class=\"button-action button-action--light\">\n\t\t\t\t<a href=\"https:\/\/canatal.net\/fr\/communiquez-avec-canatal\/\">Communiquez avec nous<\/a>\n\t\t\t<\/div>\n\t\t\t\t\t<\/div>\n\t\t\t\t<\/div>\n\t\t\t\n\t\t<\/div>\n\t<\/div>\n\n<\/section>","protected":false},"excerpt":{"rendered":"<p>Paul VI High School, South Riding, VA \/ 998 tonnes \u00c9rection de charpentes d\u2019acier Juste avant le point culminant menant \u00e0 l\u2019\u00e9rection d\u2019une structure, il est imp\u00e9ratif que tout ait \u00e9t\u00e9 mis en place pour assurer la r\u00e9ussite du projet. Pour garantir cette confiance, Canatal collabore exclusivement avec les meilleures entreprises pour l\u2019\u00e9rection d\u2019acier. Cet &hellip; <a href=\"https:\/\/canatal.net\/fr\/services\/erection-de-charpentes-dacier\/\">Continued<\/a><\/p>\n","protected":false},"author":1,"featured_media":0,"parent":1705,"menu_order":0,"comment_status":"closed","ping_status":"closed","template":"","meta":{"_acf_changed":false,"footnotes":""},"class_list":["post-1744","page","type-page","status-publish","hentry"],"acf":[],"_links":{"self":[{"href":"https:\/\/canatal.net\/fr\/wp-json\/wp\/v2\/pages\/1744","targetHints":{"allow":["GET"]}}],"collection":[{"href":"https:\/\/canatal.net\/fr\/wp-json\/wp\/v2\/pages"}],"about":[{"href":"https:\/\/canatal.net\/fr\/wp-json\/wp\/v2\/types\/page"}],"author":[{"embeddable":true,"href":"https:\/\/canatal.net\/fr\/wp-json\/wp\/v2\/users\/1"}],"replies":[{"embeddable":true,"href":"https:\/\/canatal.net\/fr\/wp-json\/wp\/v2\/comments?post=1744"}],"version-history":[{"count":2,"href":"https:\/\/canatal.net\/fr\/wp-json\/wp\/v2\/pages\/1744\/revisions"}],"predecessor-version":[{"id":4929,"href":"https:\/\/canatal.net\/fr\/wp-json\/wp\/v2\/pages\/1744\/revisions\/4929"}],"up":[{"embeddable":true,"href":"https:\/\/canatal.net\/fr\/wp-json\/wp\/v2\/pages\/1705"}],"wp:attachment":[{"href":"https:\/\/canatal.net\/fr\/wp-json\/wp\/v2\/media?parent=1744"}],"curies":[{"name":"wp","href":"https:\/\/api.w.org\/{rel}","templated":true}]}}