{"id":1757,"date":"2018-11-05T00:22:08","date_gmt":"2018-11-05T00:22:08","guid":{"rendered":"https:\/\/canatal.net\/why-canatal\/"},"modified":"2022-11-01T08:05:54","modified_gmt":"2022-11-01T13:05:54","slug":"pourquoi-canatal","status":"publish","type":"page","link":"https:\/\/canatal.net\/fr\/pourquoi-canatal\/","title":{"rendered":"Choisir Canatal"},"content":{"rendered":"<section id=\"b-1758\" class=\"b b-header-page  b-header-page--darken \" data-watch data-preload>\n\n\t<div class=\"b-header-page-background\">\n\t\t<div class=\"container\">\n\t\t\t<div class=\"b-header-page-image\">\n\t\t\t\t<div class=\"b-header-page-image-background\"><div class=\"image\" style=\"background-image: url(https:\/\/canatal.net\/wp-content\/uploads\/2018\/11\/Canatal-Avalon-1024x0-c-default.jpg)\"><\/div><\/div>\n\t\t\t\t<div class=\"b-header-page-image-foreground\">\n\t\t\t\t\t\t\t\t\t\t\t<div class=\"b-header-page-image-legend\">\n\t\t\t\t\t\t\t\n\n\t\t\t<div class=\"vertical vertical--bottom\">\n\t\t\t\t<div class=\"vertical-cell\">\n\n\t\t\t<div class=\"dash dash--dark dash--normal\">\n\t\t\t\t<div class=\"dash-line\"><\/div>\n\t\t\t\t<div class=\"dash-text\">Avalon, Boston, MA \/ 1 500 tonnes<\/div>\n\t\t\t<\/div><\/div>\n\t\t\t<\/div>\n\t\t\t\t\t\t<\/div>\n\t\t\t\t\t\t\t\t\t<\/div>\n\t\t\t<\/div>\n\t\t<\/div>\n\t<\/div>\n\n\t<div class=\"container\">\n\n\t\t<div class=\"b-header-page-foreground\">\n\t\t\t<div class=\"b-header-page-content wysiwyg dark\">\n\t\t\t\t<h1>Pourquoi<br \/>\nCanatal?<\/h1>\n<p class=\"emphasized\">Au c\u0276ur de notre r\u00e9ussite : une gestion du temps efficace et une solide coordination.<\/p>\n<p>Dans chaque projet de fabrication et d\u2019installation de structures d\u2019acier, c\u2019est dans la pr\u00e9cision rigoureuse que Canatal se d\u00e9marque. De la planification au respect des \u00e9ch\u00e9anciers, nous ne faisons aucun compromis. En tout temps, notre objectif demeure le m\u00eame : surpasser les attentes. Ann\u00e9e apr\u00e8s ann\u00e9e, Canatal se montre \u00e0 la hauteur pour livrer la marchandise et trouver des solutions ing\u00e9nieuses.<\/p>\n\n\t\t\t<\/div>\n\t\t<\/div>\n\n\t\t<div class=\"b-header-page-rg-area\">\n\t\t\t<div class=\"phone-indicator phone-indicator--light\">\n\t\t\t\t\n\n\t\t\t<div class=\"vertical vertical--top\">\n\t\t\t\t<div class=\"vertical-cell\"><a href=\"tel:1 418 338-6044\">1 418 338-6044<\/a><\/div>\n\t\t\t<\/div>\n\t\t\t<\/div>\n\t\t<\/div>\n\n\t<\/div>\n\n<\/section><section id=\"b-1759\" class=\"b b-enum\" data-watch data-trigger=\"0.4\" data-preload>\n\t<div class=\"container\">\n\n\t\t\t\t\t<div class=\"b-enum-heading\">\n\t\t\t\t<h2>Le travail ing\u00e9nieux de Canatal<br \/>\ns\u2019appuie sur 3 piliers<\/h2>\n\n\t\t\t<\/div>\n\t\t\n\t\t<div class=\"b-enum-items\">\n\t\t\t\t\t\t\t<div class=\"b-enum-item\">\n\t\t\t\t\t<div class=\"b-enum-item-head\">01<\/div>\n\t\t\t\t\t<div class=\"b-enum-item-main\">\n\t\t\t\t\t\t<div class=\"b-enum-item-content wysiwyg\">\n\t\t\t\t\t\t\t<h3>Planification<br \/>\ning\u00e9nieuse<\/h3>\n<p class=\"emphasized\">Dans les temps, parce qu\u2019il le faut.<\/p>\n<ul>\n<li>Mod\u00e8le de planification \u00e9prouv\u00e9<\/li>\n<li>\u00c9tapes de fabrication en simultan\u00e9<\/li>\n<li>Approvisionnement strat\u00e9gique en acier<\/li>\n<li>Offre cl\u00e9 en main<\/li>\n<\/ul>\n\n\t\t\t\t\t\t<\/div>\n\t\t\t\t\t<\/div>\n\t\t\t\t<\/div>\n\t\t\t\t\t\t\t<div class=\"b-enum-item\">\n\t\t\t\t\t<div class=\"b-enum-item-head\">02<\/div>\n\t\t\t\t\t<div class=\"b-enum-item-main\">\n\t\t\t\t\t\t<div class=\"b-enum-item-content wysiwyg\">\n\t\t\t\t\t\t\t<h3>\u00c9quipe<br \/>\ning\u00e9nieuse<\/h3>\n<p class=\"emphasized\">Nos valeurs font la diff\u00e9rence \u00e0 chaque \u00e9tape, chez nous comme sur les chantiers<\/p>\n<ul>\n<li>4 bureaux aux \u00c9tats-Unis et au Canada<\/li>\n<li>+525 employ\u00e9s<\/li>\n<li>115 dessinateurs et ing\u00e9nieurs<\/li>\n<li>\u00c9quipes de gestion compos\u00e9es d\u2019ing\u00e9nieurs d\u2019exp\u00e9rience<\/li>\n<li>Entreprises approuv\u00e9es par Canatal pour l\u2019\u00e9rection de structures d\u2019acier<\/li>\n<li>Soutien \u00e0 la client\u00e8le de classe mondiale<\/li>\n<\/ul>\n\n\t\t\t\t\t\t<\/div>\n\t\t\t\t\t<\/div>\n\t\t\t\t<\/div>\n\t\t\t\t\t\t\t<div class=\"b-enum-item\">\n\t\t\t\t\t<div class=\"b-enum-item-head\">03<\/div>\n\t\t\t\t\t<div class=\"b-enum-item-main\">\n\t\t\t\t\t\t<div class=\"b-enum-item-content wysiwyg\">\n\t\t\t\t\t\t\t<h3>Techniques<br \/>\ning\u00e9nieuses<\/h3>\n<p class=\"emphasized\">Les ressources,<br \/>\nle savoir-faire,<br \/>\nles r\u00e9sultats<\/p>\n<ul>\n<li>Technologies de pointe du dessin \u00e0 la fabrication<\/li>\n<li>Unit\u00e9s de pr\u00e9paration de mat\u00e9riel automatis\u00e9es<\/li>\n<li>Plus de 2 000 000 pi2 d\u2019entreposage<\/li>\n<li>2 complexes industriels situ\u00e9s dans 2 pays<\/li>\n<\/ul>\n\n\t\t\t\t\t\t<\/div>\n\t\t\t\t\t<\/div>\n\t\t\t\t<\/div>\n\t\t\t\t\t<\/div>\n\n\t\t\t\t\t<div class=\"b-enum-action\">\n\t\t\t\t\n\t\t\t<div class=\"button-action button-action--dark\">\n\t\t\t\t<a href=\"https:\/\/canatal.net\/fr\/pourquoi-canatal\/les-avantages-de-lingeniosite\/\">D\u00e9couvrez toute l\u2019ing\u00e9niosit\u00e9 de nos services<\/a>\n\t\t\t<\/div>\n\t\t\t<\/div>\n\t\t\n\t\t<div class=\"b-enum-border\">\n\n\t\t<\/div>\n\n\t<\/div>\n<\/section><section id=\"b-1760\" class=\"b b-text-sticky b-text-sticky--right\" data-watch data-trigger=\"0.4\" data-preload>\n\n\t<div class=\"container container--side\">\n\n\t\t<div class=\"b-text-sticky-side-area\">\n\t\t\t<div class=\"b-text-sticky-images\">\n\n\t\t\t\t \n\t\t\t\t\t <div class=\"b-text-sticky-image\">\n\t\t\t\t\t\t<div class=\"b-text-sticky-image-background\"><div class=\"image\" style=\"background-image: url(https:\/\/canatal.net\/wp-content\/uploads\/2018\/11\/08-83MA5647-3.jpg)\"><\/div><\/div>\n\t\t\t\t\t\t<div class=\"b-text-sticky-image-foreground\">\n\n\t\t\t\t\t\t\t\t\t\t\t\t\t\t\t<div class=\"b-text-sticky-image-legend\">\n\t\t\t\t\t\t\t\t\t\n\n\t\t\t<div class=\"vertical vertical--bottom\">\n\t\t\t\t<div class=\"vertical-cell\">\n\n\t\t\t<div class=\"dash dash--light dash--normal\">\n\t\t\t\t<div class=\"dash-line\"><\/div>\n\t\t\t\t<div class=\"dash-text\">Taunton Trial Court, Taunton, MA \/ 1 055 tonnes<\/div>\n\t\t\t<\/div><\/div>\n\t\t\t<\/div>\n\t\t\t\t\t\t\t\t<\/div>\n\t\t\t\t\t\t\t\n\t\t\t\t\t\t<\/div>\n\t\t\t\t\t<\/div>\n\n\t\t\t\t \n\t\t\t\t\t <div class=\"b-text-sticky-image\">\n\t\t\t\t\t\t<div class=\"b-text-sticky-image-background\"><div class=\"image\" style=\"background-image: url(https:\/\/canatal.net\/wp-content\/uploads\/2018\/11\/canatal_nps-30.jpg)\"><\/div><\/div>\n\t\t\t\t\t\t<div class=\"b-text-sticky-image-foreground\">\n\n\t\t\t\t\t\t\t\n\t\t\t\t\t\t<\/div>\n\t\t\t\t\t<\/div>\n\n\t\t\t\t \n\t\t\t<\/div>\n\t\t<\/div>\n\n\t<\/div>\n\n\t<div class=\"container container--main\">\n\n\t\t<div class=\"b-text-sticky-main-area\">\n\n\t\t\t<div class=\"b-text-sticky-main\">\n\n\t\t\t\t\t\t\t\t\t<div class=\"b-text-sticky-caption\">\n\t\t\t\t\t\t\n\n\t\t\t<div class=\"dash dash--dark dash--normal\">\n\t\t\t\t<div class=\"dash-line\"><\/div>\n\t\t\t\t<div class=\"dash-text\">Comment Canatal se d\u00e9marque ?<\/div>\n\t\t\t<\/div>\n\t\t\t\t\t<\/div>\n\t\t\t\t\n\t\t\t\t<div class=\"b-text-sticky-items\">\n\n\t\t\t\t\t\n\t\t\t\t\t\t<div class=\"b-text-sticky-item\">\n\t\t\t\t\t\t\t<div class=\"b-text-sticky-item-content wysiwyg\">\n\t\t\t\t\t\t\t\t<h2>Gestion de projets<\/h2>\n<ul>\n<li>M\u00e9thodes ax\u00e9es sur l\u2019efficacit\u00e9 et l\u2019agilit\u00e9 de la gestion de projets &#8211; Avec plusieurs ing\u00e9nieurs chevronn\u00e9s parmi l\u2019\u00e9quipe de gestionnaires, aucun d\u00e9tail n\u2019est laiss\u00e9 au hasard<\/li>\n<li>Capacit\u00e9 de mener de front les multiples facettes de projets complexes &#8211; Nous relevons tous les d\u00e9fis : planification serr\u00e9e, structures imposantes, transport complexe\u2026 La solution est \u00e0 notre port\u00e9e<\/li>\n<li>Gestion cl\u00e9 en main offerte enti\u00e8rement \u00e0 l\u2019interne &#8211; Nous mettons tout en oeuvre pour offrir \u00e0 nos clients des services de gestion incomparables<\/li>\n<\/ul>\n\n\t\t\t\t\t\t\t<\/div>\n\t\t\t\t\t\t<\/div>\n\n\t\t\t\t\t\n\t\t\t\t\t\t<div class=\"b-text-sticky-item\">\n\t\t\t\t\t\t\t<div class=\"b-text-sticky-item-content wysiwyg\">\n\t\t\t\t\t\t\t\t<h2>Approvisionnement et capacit\u00e9<\/h2>\n<ul>\n<li>Approvisionnement strat\u00e9gique en acier &#8211; Nos liens directs avec les aci\u00e9ries nous permettent de conserver des quantit\u00e9s impressionnantes d\u2019acier et ainsi de diminuer la volatilit\u00e9 du prix de celui-ci<\/li>\n<li>\u00c9quipement de levage et de coupe &#8211; Nous sommes \u00e9quip\u00e9s des meilleurs outils pour travailler avec des pi\u00e8ces de toutes tailles.<\/li>\n<li>Plus de 100 dessinateurs \u00e0 l\u2019interne &#8211; Gr\u00e2ce \u00e0 notre \u00e9quipe comp\u00e9tente et ing\u00e9nieuse, nous sommes en mesure de toujours proposer les solutions les mieux adapt\u00e9es<\/li>\n<li>Solidit\u00e9 financi\u00e8re &#8211; Notre succ\u00e8s au cours des derni\u00e8res d\u00e9cennies nous conf\u00e8re la capacit\u00e9 d\u2019offrir des cautions et des garanties solides<\/li>\n<\/ul>\n<p><a class=\"cta\" href=\"https:\/\/canatal.net\/fr\/services\/\">D\u00e9couvrez notre vaste offre de services<\/a><\/p>\n\n\t\t\t\t\t\t\t<\/div>\n\t\t\t\t\t\t<\/div>\n\n\t\t\t\t\t\n\t\t\t\t<\/div>\n\n\t\t\t<\/div>\n\n\t\t<\/div>\n\n\t<\/div>\n<\/section><section id=\"b-1761\" class=\"b b-text-aside\" data-watch data-preload>\n\t<div class=\"container\">\n\n\t\t<div class=\"b-text-aside-main-area\">\n\n\t\t\t<div class=\"b-text-aside-content dark wysiwyg\">\n\t\t\t\t<h2>Des valeurs qui font notre fiert\u00e9<\/h2>\n<p class=\"emphasized\">Canatal se distingue par ses valeurs. Fiabilit\u00e9, agilit\u00e9, talent et collaboration sont au c\u0153ur du r\u00e9sultat qui nous motive et qui fait notre renomm\u00e9e; le succ\u00e8s. <\/p>\n<blockquote><p>Les ann\u00e9es d\u00e9filent et les projets passionnants s\u2019encha\u00eenent, mais ma passion reste inchang\u00e9e; il est motivant de voir des r\u00e9alisations se concr\u00e9tiser gr\u00e2ce au travail bien fait et au d\u00e9vouement de chacun. <\/p><\/blockquote>\n<p><img loading=\"lazy\" decoding=\"async\" class=\"alignnone size-medium wp-image-486\" src=\"https:\/\/canatal.net\/app\/uploads\/2018\/11\/signature-300x57.png\" alt=\"\" width=\"300\" height=\"57\" srcset=\"https:\/\/canatal.net\/wp-content\/uploads\/2018\/11\/signature-300x57.png 300w, https:\/\/canatal.net\/wp-content\/uploads\/2018\/11\/signature.png 440w\" sizes=\"auto, (max-width: 300px) 100vw, 300px\" \/><\/p>\n\n\t\t\t<\/div>\n\n\t\t\t\t\t\t\t<div class=\"b-text-aside-action\">\n\t\t\t\t\t\n\t\t\t<div class=\"button-action button-action--light\">\n\t\t\t\t<a href=\"https:\/\/canatal.net\/fr\/pourquoi-canatal\/engagement-et-valeurs\/\">D\u00e9couvrez notre engagement<\/a>\n\t\t\t<\/div>\n\t\t\t\t<\/div>\n\t\t\t\n\t\t<\/div>\n\n\t\t<div class=\"b-text-aside-side-area\">\n\t\t\t<div class=\"b-text-aside-image\">\n\t\t\t\t<div class=\"b-text-aside-image-background\"><div class=\"image\" style=\"background-image: url(https:\/\/canatal.net\/wp-content\/uploads\/2018\/11\/quote-ralph-1024x0-c-default.jpg)\"><\/div><\/div>\n\t\t\t\t<div class=\"b-text-aside-image-foreground\">\n\t\t\t\t\t<div class=\"b-text-aside-image-legend\">\n\t\t\t\t\t\t\n\n\t\t\t<div class=\"vertical vertical--bottom\">\n\t\t\t\t<div class=\"vertical-cell\">\n\n\t\t\t<div class=\"dash dash--light dash--normal\">\n\t\t\t\t<div class=\"dash-line\"><\/div>\n\t\t\t\t<div class=\"dash-text\">Ralph Poulin, fondateur et pr\u00e9sident de Canatal<\/div>\n\t\t\t<\/div><\/div>\n\t\t\t<\/div>\n\t\t\t\t\t<\/div>\n\t\t\t\t<\/div>\n\t\t\t<\/div>\n\t\t<\/div>\n\n\t<\/div>\n<\/section><section id=\"b-2783\" class=\"b b-text\" data-watch data-preload>\n\t<div class=\"container\">\n\t\t<div class=\"b-text-content wysiwyg\">\n\t\t\t<p><img decoding=\"async\" src=\"https:\/\/canatal.net\/app\/uploads\/2018\/12\/2millions_storage_FR.jpg\" alt=\"\" width=\"100%\" class=\"alignnone size-full wp-image-2779\" srcset=\"https:\/\/canatal.net\/wp-content\/uploads\/2018\/12\/2millions_storage_FR.jpg 1920w, https:\/\/canatal.net\/wp-content\/uploads\/2018\/12\/2millions_storage_FR-300x169.jpg 300w, https:\/\/canatal.net\/wp-content\/uploads\/2018\/12\/2millions_storage_FR-768x432.jpg 768w, https:\/\/canatal.net\/wp-content\/uploads\/2018\/12\/2millions_storage_FR-1024x576.jpg 1024w\" sizes=\"(max-width: 1920px) 100vw, 1920px\" \/><\/p>\n\n\t\t<\/div>\n\t<\/div>\n<\/section><section id=\"b-1762\" class=\"b b-certifications\" data-watch data-preload>\n\t<div class=\"container\">\n\n\t\t\n\t\t\t<div class=\"b-certifications-intro b-certifications-intro--full\">\n\n\t\t\t\t<div class=\"b-certifications-main-area\">\n\n\t\t\t\t\t<div class=\"b-certifications-heading wysiwyg darkable\">\n\t\t\t\t\t\t<h2>Certifications<\/h2>\n<p>&nbsp;<\/p>\n<h2>Aller au-del\u00e0 des normes de l\u2019industrie<\/h2>\n\n\t\t\t\t\t<\/div>\n\n\t\t\t\t\t<div class=\"b-certifications-action darkable\">\n\t\t\t\t\t\t\n\t\t\t<div class=\"button-action button-action--dark\">\n\t\t\t\t<a href=\"https:\/\/canatal.net\/fr\/pourquoi-canatal\/certifications\/\">Voyez l'ensemble de nos certifications<\/a>\n\t\t\t<\/div>\n\t\t\t\t\t<\/div>\n\n\t\t\t\t<\/div>\n\n\t\t\t\t<div class=\"b-certifications-side-area\">\n\t\t\t\t\t<div class=\"b-certifications-content wysiwyg\">\n\t\t\t\t\t\t<p class=\"emphasized\">Chez Canatal, nous sommes fiers d\u2019atteindre et de surpasser les normes de certification de notre domaine.<\/p>\n<p>Nous faisons preuve d\u2019une grande rigueur en ce qui a trait \u00e0 nos certifications et \u00e0 nos m\u00e9thodes de travail. Les mat\u00e9riaux que nous utilisons r\u00e9pondent aux standards de l\u2019industrie et nos processus sont \u00e9prouv\u00e9s. Nous employons \u00e9galement des technologies qui am\u00e9liorent la qualit\u00e9 de la production et qui facilitent le travail des monteurs de charpentes. Nos \u00e9quipes d\u00e9terminent la m\u00e9thode de travail la plus efficace et ne cessent de l\u2019am\u00e9liorer pour que les structures d\u2019acier que nous fabriquons r\u00e9pondent aux exigences de notre industrie.<\/p>\n\n\t\t\t\t\t<\/div>\n\t\t\t\t<\/div>\n\n\t\t\t<\/div>\n\n\t\t\n\t\t<div class=\"b-certifications-items\">\n\t\t\t\t\t\t\t<div class=\"b-certifications-item\">\n\t\t\t\t\t<img decoding=\"async\" class=\"image\" src=\"https:\/\/canatal.net\/wp-content\/uploads\/2018\/11\/canatal-logo-leed-usgbc-1.png\">\n\t\t\t\t<\/div>\n\t\t\t\t\t\t\t<div class=\"b-certifications-item\">\n\t\t\t\t\t<img decoding=\"async\" class=\"image\" src=\"https:\/\/canatal.net\/wp-content\/uploads\/2018\/11\/cwb-certification-fr.png\">\n\t\t\t\t<\/div>\n\t\t\t\t\t\t\t<div class=\"b-certifications-item\">\n\t\t\t\t\t<img decoding=\"async\" class=\"image\" src=\"https:\/\/canatal.net\/wp-content\/uploads\/2018\/11\/CWF.png\">\n\t\t\t\t<\/div>\n\t\t\t\t\t\t\t<div class=\"b-certifications-item\">\n\t\t\t\t\t<img decoding=\"async\" class=\"image\" src=\"https:\/\/canatal.net\/wp-content\/uploads\/2018\/11\/Canatal-Aisc-1.png\">\n\t\t\t\t<\/div>\n\t\t\t\t\t<\/div>\n\n\t<\/div>\n<\/section><section id=\"b-1763\" class=\"b b-quotes\" data-watch data-preload>\n\t<div class=\"container\">\n\n\t\t\t\t\t<div class=\"b-quotes-heading dark wysiwyg\">\n\t\t\t\t<h2>Canatal est fi\u00e8re de sa collaboration avec des entreprises de renom<\/h2>\n\n\t\t\t<\/div>\n\t\t\n\t\t<div class=\"b-quotes-items\">\n\n\t\t\t\n\t\t\t\t\t\t\t\t\t\t\t\t\t\n\t\t\t\t<div class=\"b-quotes-item b-quotes-item--text-rg\" data-watch data-visible-class=\"item-visible-on-screen\">\n\n\t\t\t\t\t<div class=\"b-quotes-item-side-area\">\n\t\t\t\t\t\t<div class=\"b-quotes-item-image\">\n\t\t\t\t\t\t\t<div class=\"b-quotes-item-image-background\"><div class=\"image\" style=\"background-image: url(https:\/\/canatal.net\/wp-content\/uploads\/2018\/11\/Canatal-AlbanySt-640x0-c-default.jpg)\"><\/div><\/div>\n\t\t\t\t\t\t\t<div class=\"b-quotes-item-image-foreground\">\n\t\t\t\t\t\t\t\t\t\t\t\t\t\t\t\t\t<div class=\"b-quotes-item-image-legend\">\n\t\t\t\t\t\t\t\t\t\t\n\n\t\t\t<div class=\"vertical vertical--bottom\">\n\t\t\t\t<div class=\"vertical-cell\">\n\n\t\t\t<div class=\"dash dash--light dash--normal\">\n\t\t\t\t<div class=\"dash-line\"><\/div>\n\t\t\t\t<div class=\"dash-text\">275 Albany Street, Boston, MA<br \/>\r\n2 602 tonnes<\/div>\n\t\t\t<\/div><\/div>\n\t\t\t<\/div>\n\t\t\t\t\t\t\t\t\t<\/div>\n\t\t\t\t\t\t\t\t\t\t\t\t\t\t\t<\/div>\n\t\t\t\t\t\t<\/div>\n\t\t\t\t\t<\/div>\n\n\t\t\t\t\t<div class=\"b-quotes-item-main-area\">\n\t\t\t\t\t\t<div class=\"b-quotes-item-content wysiwyg\"><p>J\u2019ai travaill\u00e9 avec Canatal dans le cadre d\u2019au moins 15 projets. Ils ont su fournir un service \u00e0 la client\u00e8le incomparable \u00e0 chaque fois.<\/p>\n<\/div>\n\t\t\t\t\t\t<div class=\"b-quotes-item-author-name\">Jim Grossman<\/div>\t\t\t\t\t\t<div class=\"b-quotes-item-author-role\">Direction national des op\u00e9rations, Construction<br \/>\r\nSuffolk Construction<br \/>\r\n<\/div>\t\t\t\t\t<\/div>\n\n\t\t\t\t<\/div>\n\n\t\t\t\n\t\t\t\t\t\t\t\t\t\t\t\t\t\n\t\t\t\t<div class=\"b-quotes-item b-quotes-item--text-lf\" data-watch data-visible-class=\"item-visible-on-screen\">\n\n\t\t\t\t\t<div class=\"b-quotes-item-side-area\">\n\t\t\t\t\t\t<div class=\"b-quotes-item-image\">\n\t\t\t\t\t\t\t<div class=\"b-quotes-item-image-background\"><div class=\"image\" style=\"background-image: url(https:\/\/canatal.net\/wp-content\/uploads\/2018\/11\/Canatal-Shire-08-Lexington-Brad-Mahoney-1-640x0-c-default.jpg)\"><\/div><\/div>\n\t\t\t\t\t\t\t<div class=\"b-quotes-item-image-foreground\">\n\t\t\t\t\t\t\t\t\t\t\t\t\t\t\t\t\t<div class=\"b-quotes-item-image-legend\">\n\t\t\t\t\t\t\t\t\t\t\n\n\t\t\t<div class=\"vertical vertical--bottom\">\n\t\t\t\t<div class=\"vertical-cell\">\n\n\t\t\t<div class=\"dash dash--light dash--normal\">\n\t\t\t\t<div class=\"dash-line\"><\/div>\n\t\t\t\t<div class=\"dash-text\">Shire Atlas Building, Lexington, MA<br \/>\r\n1 566 tonnes<\/div>\n\t\t\t<\/div><\/div>\n\t\t\t<\/div>\n\t\t\t\t\t\t\t\t\t<\/div>\n\t\t\t\t\t\t\t\t\t\t\t\t\t\t\t<\/div>\n\t\t\t\t\t\t<\/div>\n\t\t\t\t\t<\/div>\n\n\t\t\t\t\t<div class=\"b-quotes-item-main-area\">\n\t\t\t\t\t\t<div class=\"b-quotes-item-content wysiwyg\"><p>Canatal a toujours \u00e9t\u00e9 l\u2019un des sous-traitants les plus performants pour la r\u00e9alisation de nos projets. Au cours des 10 derni\u00e8res ann\u00e9es, nous avons d\u00e9velopp\u00e9 un lien solide gr\u00e2ce auquel nous avons accompli des projets de haut calibre dans la r\u00e9gion m\u00e9tropolitaine de Boston.<\/p>\n<\/div>\n\t\t\t\t\t\t<div class=\"b-quotes-item-author-name\">Brad Mahoney<\/div>\t\t\t\t\t\t<div class=\"b-quotes-item-author-role\">Chef de projet senior <br \/>\r\nLend Lease Construction<br \/>\r\n<\/div>\t\t\t\t\t<\/div>\n\n\t\t\t\t<\/div>\n\n\t\t\t\n\t\t<\/div>\n\n\t\t\n\t<\/div>\n<\/section><section id=\"b-1764\" class=\"b b-cta  b-cta--darken \" data-watch data-trigger=\"0.4\" data-preload>\n\n\t<div class=\"b-cta-background\"><div class=\"image\" style=\"background-image: url(https:\/\/canatal.net\/wp-content\/uploads\/2018\/11\/Canatal-Boston-Structure3.jpg)\"><\/div><\/div>\n\t<div class=\"b-cta-foreground\">\n\t\t<div class=\"container\">\n\n\t\t\t<div class=\"b-cta-caption\">\n\n\t\t\t<div class=\"vertical vertical--bottom\">\n\t\t\t\t<div class=\"vertical-cell\">\n\n\t\t\t<div class=\"dash dash--light dash--normal\">\n\t\t\t\t<div class=\"dash-line\"><\/div>\n\t\t\t\t<div class=\"dash-text\">Nous joindre<\/div>\n\t\t\t<\/div><\/div>\n\t\t\t<\/div><\/div>\n\t\t\t<div class=\"b-cta-content wysiwyg dark\">\n\t\t\t\t<h2>Vous planifiez votre prochain\u00a0projet?<\/h2>\n<p>B\u00e2tissons quelque chose de grand, ensemble.<\/p>\n\n\t\t\t<\/div>\n\n\t\t\t\t\t\t\t<div class=\"b-cta-action arrow-trigger\">\n\t\t\t\t\t<div class=\"b-cta-action-arrow\"><div class=\"arrow\"><\/div><\/div>\n\t\t\t\t\t<div class=\"b-cta-action-label\">\n\t\t\t\t\t\t\n\t\t\t<div class=\"button-action button-action--light\">\n\t\t\t\t<a href=\"https:\/\/canatal.net\/fr\/communiquez-avec-canatal\/\">Appelez-nous aujourd\u2019hui<\/a>\n\t\t\t<\/div>\n\t\t\t\t\t<\/div>\n\t\t\t\t<\/div>\n\t\t\t\n\t\t<\/div>\n\t<\/div>\n\n<\/section>","protected":false},"excerpt":{"rendered":"<p>Avalon, Boston, MA \/ 1 500 tonnes Pourquoi Canatal? Au c\u0276ur de notre r\u00e9ussite : une gestion du temps efficace et une solide coordination. Dans chaque projet de fabrication et d\u2019installation de structures d\u2019acier, c\u2019est dans la pr\u00e9cision rigoureuse que Canatal se d\u00e9marque. De la planification au respect des \u00e9ch\u00e9anciers, nous ne faisons aucun compromis. &hellip; <a href=\"https:\/\/canatal.net\/fr\/pourquoi-canatal\/\">Continued<\/a><\/p>\n","protected":false},"author":1,"featured_media":0,"parent":0,"menu_order":0,"comment_status":"closed","ping_status":"closed","template":"","meta":{"_acf_changed":false,"footnotes":""},"class_list":["post-1757","page","type-page","status-publish","hentry"],"acf":[],"_links":{"self":[{"href":"https:\/\/canatal.net\/fr\/wp-json\/wp\/v2\/pages\/1757","targetHints":{"allow":["GET"]}}],"collection":[{"href":"https:\/\/canatal.net\/fr\/wp-json\/wp\/v2\/pages"}],"about":[{"href":"https:\/\/canatal.net\/fr\/wp-json\/wp\/v2\/types\/page"}],"author":[{"embeddable":true,"href":"https:\/\/canatal.net\/fr\/wp-json\/wp\/v2\/users\/1"}],"replies":[{"embeddable":true,"href":"https:\/\/canatal.net\/fr\/wp-json\/wp\/v2\/comments?post=1757"}],"version-history":[{"count":3,"href":"https:\/\/canatal.net\/fr\/wp-json\/wp\/v2\/pages\/1757\/revisions"}],"predecessor-version":[{"id":5164,"href":"https:\/\/canatal.net\/fr\/wp-json\/wp\/v2\/pages\/1757\/revisions\/5164"}],"wp:attachment":[{"href":"https:\/\/canatal.net\/fr\/wp-json\/wp\/v2\/media?parent=1757"}],"curies":[{"name":"wp","href":"https:\/\/api.w.org\/{rel}","templated":true}]}}