{"id":1766,"date":"2018-11-05T00:22:33","date_gmt":"2018-11-05T00:22:33","guid":{"rendered":"https:\/\/canatal.net\/why-canatal\/certifications\/"},"modified":"2022-11-01T08:13:53","modified_gmt":"2022-11-01T13:13:53","slug":"certifications","status":"publish","type":"page","link":"https:\/\/canatal.net\/fr\/pourquoi-canatal\/certifications\/","title":{"rendered":"Certifications"},"content":{"rendered":"<section id=\"b-1767\" class=\"b b-header-page  b-header-page--darken \" data-watch data-preload>\n\n\t<div class=\"b-header-page-background\">\n\t\t<div class=\"container\">\n\t\t\t<div class=\"b-header-page-image\">\n\t\t\t\t<div class=\"b-header-page-image-background\"><div class=\"image\" style=\"background-image: url(https:\/\/canatal.net\/wp-content\/uploads\/2018\/11\/Raynham3227-1-1024x0-c-default.jpg)\"><\/div><\/div>\n\t\t\t\t<div class=\"b-header-page-image-foreground\">\n\t\t\t\t\t\t\t\t\t\t\t<div class=\"b-header-page-image-legend\">\n\t\t\t\t\t\t\t\n\n\t\t\t<div class=\"vertical vertical--bottom\">\n\t\t\t\t<div class=\"vertical-cell\">\n\n\t\t\t<div class=\"dash dash--dark dash--normal\">\n\t\t\t\t<div class=\"dash-line\"><\/div>\n\t\t\t\t<div class=\"dash-text\">NMR Buddhist Center, Raynham, MA \/ 1 410 tonnes<\/div>\n\t\t\t<\/div><\/div>\n\t\t\t<\/div>\n\t\t\t\t\t\t<\/div>\n\t\t\t\t\t\t\t\t\t<\/div>\n\t\t\t<\/div>\n\t\t<\/div>\n\t<\/div>\n\n\t<div class=\"container\">\n\n\t\t<div class=\"b-header-page-foreground\">\n\t\t\t<div class=\"b-header-page-content wysiwyg dark\">\n\t\t\t\t<h1>Certifications<\/h1>\n<p class=\"emphasized\">Certifications reconnues<\/p>\n<p>Notre travail est ancr\u00e9 sur une \u00e9thique des plus rigoureuses<\/p>\n<p>Chez Canatal, nous nous assurons de r\u00e9pondre aux crit\u00e8res les plus exigeants gr\u00e2ce \u00e0 un mod\u00e8le \u00e9prouv\u00e9 \u00e9labor\u00e9 selon les normes de certification de l\u2019industrie.<\/p>\n<p>Avec des m\u00e9thodes reconnues et des mat\u00e9riaux qui r\u00e9pondent invariablement aux standards, nous fabriquons des structures d\u2019acier conforment aux normes. Pour ce faire, nous avons \u00e0 notre disposition des technologies qui maximisent nos processus de fabrication. C\u2019est gr\u00e2ce \u00e0 ces piliers que nous arrivons \u00e0 maintenir le niveau de performance sur lequel repose la r\u00e9putation de Canatal.<\/p>\n\n\t\t\t<\/div>\n\t\t<\/div>\n\n\t\t<div class=\"b-header-page-rg-area\">\n\t\t\t<div class=\"phone-indicator phone-indicator--light\">\n\t\t\t\t\n\n\t\t\t<div class=\"vertical vertical--top\">\n\t\t\t\t<div class=\"vertical-cell\"><a href=\"tel:1 418 338-6044\">1 418 338-6044<\/a><\/div>\n\t\t\t<\/div>\n\t\t\t<\/div>\n\t\t<\/div>\n\n\t<\/div>\n\n<\/section><section id=\"b-1768\" class=\"b b-text\" data-watch data-preload>\n\t<div class=\"container\">\n\t\t<div class=\"b-text-content wysiwyg\">\n\t\t\t<h2>Normes de l\u2019industrie<\/h2>\n<p>Si le nom de Canatal \u00e9voque la fiabilit\u00e9, c\u2019est en partie parce que le travail y est toujours fait<br \/>\nen ad\u00e9quation avec les normes actuelles qui r\u00e9gissent le domaine de la construction de structures d\u2019acier.<\/p>\n\n\t\t<\/div>\n\t<\/div>\n<\/section><section id=\"b-1769\" class=\"b b-text-sticky b-text-sticky--right\" data-watch data-trigger=\"0.4\" data-preload>\n\n\t<div class=\"container container--side\">\n\n\t\t<div class=\"b-text-sticky-side-area\">\n\t\t\t<div class=\"b-text-sticky-images\">\n\n\t\t\t\t \n\t\t\t\t\t <div class=\"b-text-sticky-image\">\n\t\t\t\t\t\t<div class=\"b-text-sticky-image-background\"><div class=\"image\" style=\"background-image: url(https:\/\/canatal.net\/wp-content\/uploads\/2018\/11\/Canatal-Collaboration.jpg)\"><\/div><\/div>\n\t\t\t\t\t\t<div class=\"b-text-sticky-image-foreground\">\n\n\t\t\t\t\t\t\t\n\t\t\t\t\t\t<\/div>\n\t\t\t\t\t<\/div>\n\n\t\t\t\t \n\t\t\t<\/div>\n\t\t<\/div>\n\n\t<\/div>\n\n\t<div class=\"container container--main\">\n\n\t\t<div class=\"b-text-sticky-main-area\">\n\n\t\t\t<div class=\"b-text-sticky-main\">\n\n\t\t\t\t\n\t\t\t\t<div class=\"b-text-sticky-items\">\n\n\t\t\t\t\t\n\t\t\t\t\t\t<div class=\"b-text-sticky-item\">\n\t\t\t\t\t\t\t<div class=\"b-text-sticky-item-content wysiwyg\">\n\t\t\t\t\t\t\t\t<p><img decoding=\"async\" class=\"aligncenter\" src=\"https:\/\/canatal.net\/app\/uploads\/2019\/04\/Canatal-Aisc-1-1.jpg\" alt=\"\" width=\"400\" height=\"auto\" \/><\/p>\n<p>L\u2019American Institute of Steel Construction (AISC) est un institut de technologie et une association professionnelle \u00e0 but non lucratif \u00e9tabli en 1921 qui dessert la communaut\u00e9 de concepteurs de structures d\u2019acier et l\u2019industrie de la construction.<\/p>\n<p>Il a pour mission <strong>d\u2019\u00eatre le chef de file dans les activit\u00e9s techniques et d\u2019\u00e9laboration du march\u00e9 de l\u2019acier<\/strong>, comme le d\u00e9veloppement de sp\u00e9cifications et de codes, la recherche, la formation, le soutien technique, les certifications de qualit\u00e9, l\u2019uniformisation et le d\u00e9veloppement du march\u00e9.<\/p>\n<p>&nbsp;<\/p>\n<p><img decoding=\"async\" class=\"aligncenter\" src=\"https:\/\/canatal.net\/app\/uploads\/2018\/11\/Canatal-AWS.jpg\" alt=\"\" width=\"400\" height=\"auto\" \/><\/p>\n<p>Le programme de fabricant de soudage certifi\u00e9 (CWF) de l\u2019American Welding Society (AWS) a \u00e9t\u00e9 con\u00e7u afin de r\u00e9pondre \u00e0 la demande de l\u2019industrie d\u2019avoir acc\u00e8s \u00e0 <strong>un programme qui reconna\u00eet les compagnies qui d\u00e9montrent poss\u00e9der les ressources, les proc\u00e9dures et le personnel pour appliquer un syst\u00e8me de gestion de la qualit\u00e9<\/strong> \u00e0 leurs activit\u00e9s de fabrication de soudure.<\/p>\n<p><img decoding=\"async\" class=\"aligncenter\" src=\"https:\/\/canatal.net\/app\/uploads\/2018\/11\/cwb-certification-fr.png\" alt=\"\" \/><\/p>\n<p>Le Bureau canadien de soudage (Groupe CWB) certifie les compagnies, organismes d\u2019inspection, inspecteurs et produits consommables pour le soudage selon un processus d\u2019\u00e9valuation et de qualification visant \u00e0 <strong>assurer qu\u2019ils r\u00e9pondent aux crit\u00e8res d\u2019une vari\u00e9t\u00e9 de produits et de codes de s\u00e9curit\u00e9.<\/strong><\/p>\n\n\t\t\t\t\t\t\t<\/div>\n\t\t\t\t\t\t<\/div>\n\n\t\t\t\t\t\n\t\t\t\t<\/div>\n\n\t\t\t<\/div>\n\n\t\t<\/div>\n\n\t<\/div>\n<\/section><section id=\"b-1770\" class=\"b b-text-sticky b-text-sticky--left\" data-watch data-trigger=\"0.4\" data-preload>\n\n\t<div class=\"container container--side\">\n\n\t\t<div class=\"b-text-sticky-side-area\">\n\t\t\t<div class=\"b-text-sticky-images\">\n\n\t\t\t\t \n\t\t\t\t\t <div class=\"b-text-sticky-image\">\n\t\t\t\t\t\t<div class=\"b-text-sticky-image-background\"><div class=\"image\" style=\"background-image: url(https:\/\/canatal.net\/wp-content\/uploads\/2018\/11\/Taunton-Trial-Court.jpg)\"><\/div><\/div>\n\t\t\t\t\t\t<div class=\"b-text-sticky-image-foreground\">\n\n\t\t\t\t\t\t\t\t\t\t\t\t\t\t\t<div class=\"b-text-sticky-image-legend\">\n\t\t\t\t\t\t\t\t\t\n\n\t\t\t<div class=\"vertical vertical--bottom\">\n\t\t\t\t<div class=\"vertical-cell\">\n\n\t\t\t<div class=\"dash dash--light dash--normal\">\n\t\t\t\t<div class=\"dash-line\"><\/div>\n\t\t\t\t<div class=\"dash-text\">Taunton Trial Court, Taunton, MA \/ 1 055 tonnes<\/div>\n\t\t\t<\/div><\/div>\n\t\t\t<\/div>\n\t\t\t\t\t\t\t\t<\/div>\n\t\t\t\t\t\t\t\n\t\t\t\t\t\t<\/div>\n\t\t\t\t\t<\/div>\n\n\t\t\t\t \n\t\t\t<\/div>\n\t\t<\/div>\n\n\t<\/div>\n\n\t<div class=\"container container--main\">\n\n\t\t<div class=\"b-text-sticky-main-area\">\n\n\t\t\t<div class=\"b-text-sticky-main\">\n\n\t\t\t\t\n\t\t\t\t<div class=\"b-text-sticky-items\">\n\n\t\t\t\t\t\n\t\t\t\t\t\t<div class=\"b-text-sticky-item\">\n\t\t\t\t\t\t\t<div class=\"b-text-sticky-item-content wysiwyg\">\n\t\t\t\t\t\t\t\t<p><img decoding=\"async\" class=\"aligncenter\" src=\"https:\/\/canatal.net\/app\/uploads\/2018\/11\/Canatal-Leed-1.jpg\" alt=\"\" width=\"400\" height=\"auto\" \/><\/p>\n<p><strong>Lorsque vous investissez dans une structure d\u2019acier, vous investissez dans un produit recycl\u00e9.<\/strong><\/p>\n<h3>Projets certifi\u00e9s Leed<\/h3>\n<p>La protection de l\u2019environnement fait partie de la culture d\u2019entreprise de Canatal. Nous sommes de fiers partenaires de plusieurs projets de construction certifi\u00e9s LEED.<\/p>\n\n\t\t\t\t\t\t\t<\/div>\n\t\t\t\t\t\t<\/div>\n\n\t\t\t\t\t\n\t\t\t\t<\/div>\n\n\t\t\t<\/div>\n\n\t\t<\/div>\n\n\t<\/div>\n<\/section><section id=\"b-1771\" class=\"b b-cta  b-cta--darken \" data-watch data-trigger=\"0.4\" data-preload>\n\n\t<div class=\"b-cta-background\"><div class=\"image\" style=\"background-image: url(https:\/\/canatal.net\/wp-content\/uploads\/2018\/11\/Canatal-Grand_Casino.jpg)\"><\/div><\/div>\n\t<div class=\"b-cta-foreground\">\n\t\t<div class=\"container\">\n\n\t\t\t<div class=\"b-cta-caption\">\n\n\t\t\t<div class=\"vertical vertical--bottom\">\n\t\t\t\t<div class=\"vertical-cell\">\n\n\t\t\t<div class=\"dash dash--light dash--normal\">\n\t\t\t\t<div class=\"dash-line\"><\/div>\n\t\t\t\t<div class=\"dash-text\">Nous joindre<\/div>\n\t\t\t<\/div><\/div>\n\t\t\t<\/div><\/div>\n\t\t\t<div class=\"b-cta-content wysiwyg dark\">\n\t\t\t\t<h2>Vous avez un projet \u00e0 r\u00e9aliser?<\/h2>\n<p>Voyez comment Canatal se d\u00e9marque<\/p>\n\n\t\t\t<\/div>\n\n\t\t\t\t\t\t\t<div class=\"b-cta-action arrow-trigger\">\n\t\t\t\t\t<div class=\"b-cta-action-arrow\"><div class=\"arrow\"><\/div><\/div>\n\t\t\t\t\t<div class=\"b-cta-action-label\">\n\t\t\t\t\t\t\n\t\t\t<div class=\"button-action button-action--light\">\n\t\t\t\t<a href=\"https:\/\/canatal.net\/fr\/communiquez-avec-canatal\/\">Communiquez avec nous<\/a>\n\t\t\t<\/div>\n\t\t\t\t\t<\/div>\n\t\t\t\t<\/div>\n\t\t\t\n\t\t<\/div>\n\t<\/div>\n\n<\/section>","protected":false},"excerpt":{"rendered":"<p>NMR Buddhist Center, Raynham, MA \/ 1 410 tonnes Certifications Certifications reconnues Notre travail est ancr\u00e9 sur une \u00e9thique des plus rigoureuses Chez Canatal, nous nous assurons de r\u00e9pondre aux crit\u00e8res les plus exigeants gr\u00e2ce \u00e0 un mod\u00e8le \u00e9prouv\u00e9 \u00e9labor\u00e9 selon les normes de certification de l\u2019industrie. Avec des m\u00e9thodes reconnues et des mat\u00e9riaux qui &hellip; <a href=\"https:\/\/canatal.net\/fr\/pourquoi-canatal\/certifications\/\">Continued<\/a><\/p>\n","protected":false},"author":1,"featured_media":0,"parent":1757,"menu_order":0,"comment_status":"closed","ping_status":"closed","template":"","meta":{"_acf_changed":false,"footnotes":""},"class_list":["post-1766","page","type-page","status-publish","hentry"],"acf":[],"_links":{"self":[{"href":"https:\/\/canatal.net\/fr\/wp-json\/wp\/v2\/pages\/1766","targetHints":{"allow":["GET"]}}],"collection":[{"href":"https:\/\/canatal.net\/fr\/wp-json\/wp\/v2\/pages"}],"about":[{"href":"https:\/\/canatal.net\/fr\/wp-json\/wp\/v2\/types\/page"}],"author":[{"embeddable":true,"href":"https:\/\/canatal.net\/fr\/wp-json\/wp\/v2\/users\/1"}],"replies":[{"embeddable":true,"href":"https:\/\/canatal.net\/fr\/wp-json\/wp\/v2\/comments?post=1766"}],"version-history":[{"count":1,"href":"https:\/\/canatal.net\/fr\/wp-json\/wp\/v2\/pages\/1766\/revisions"}],"predecessor-version":[{"id":1978,"href":"https:\/\/canatal.net\/fr\/wp-json\/wp\/v2\/pages\/1766\/revisions\/1978"}],"up":[{"embeddable":true,"href":"https:\/\/canatal.net\/fr\/wp-json\/wp\/v2\/pages\/1757"}],"wp:attachment":[{"href":"https:\/\/canatal.net\/fr\/wp-json\/wp\/v2\/media?parent=1766"}],"curies":[{"name":"wp","href":"https:\/\/api.w.org\/{rel}","templated":true}]}}