{"id":1773,"date":"2018-11-05T00:22:46","date_gmt":"2018-11-05T00:22:46","guid":{"rendered":"https:\/\/canatal.net\/why-canatal\/commitments-and-values\/"},"modified":"2018-12-21T14:37:22","modified_gmt":"2018-12-21T19:37:22","slug":"engagement-et-valeurs","status":"publish","type":"page","link":"https:\/\/canatal.net\/fr\/pourquoi-canatal\/engagement-et-valeurs\/","title":{"rendered":"Engagement et valeurs"},"content":{"rendered":"<section id=\"b-1774\" class=\"b b-header-page  b-header-page--darken \" data-watch data-preload>\n\n\t<div class=\"b-header-page-background\">\n\t\t<div class=\"container\">\n\t\t\t<div class=\"b-header-page-image\">\n\t\t\t\t<div class=\"b-header-page-image-background\"><div class=\"image\" style=\"background-image: url(https:\/\/canatal.net\/wp-content\/uploads\/2018\/11\/Canatal-AlbanySt-1024x0-c-default.jpg)\"><\/div><\/div>\n\t\t\t\t<div class=\"b-header-page-image-foreground\">\n\t\t\t\t\t\t\t\t\t\t\t<div class=\"b-header-page-image-legend\">\n\t\t\t\t\t\t\t\n\n\t\t\t<div class=\"vertical vertical--bottom\">\n\t\t\t\t<div class=\"vertical-cell\">\n\n\t\t\t<div class=\"dash dash--dark dash--normal\">\n\t\t\t\t<div class=\"dash-line\"><\/div>\n\t\t\t\t<div class=\"dash-text\">275 Albany Street, Boston, MA \/ 2 602 tonnes<\/div>\n\t\t\t<\/div><\/div>\n\t\t\t<\/div>\n\t\t\t\t\t\t<\/div>\n\t\t\t\t\t\t\t\t\t<\/div>\n\t\t\t<\/div>\n\t\t<\/div>\n\t<\/div>\n\n\t<div class=\"container\">\n\n\t\t<div class=\"b-header-page-foreground\">\n\t\t\t<div class=\"b-header-page-content wysiwyg dark\">\n\t\t\t\t<h1>Engagement<br \/>\net valeurs<\/h1>\n<p>Si l\u2019expertise de Canatal est aussi reconnue, c\u2019est gr\u00e2ce au travail d\u2019\u00e9quipe exceptionnel dont elle fait preuve \u00e0 l\u2019interne comme \u00e0 l\u2019externe.<\/p>\n<p>Ses 525 employ\u00e9s, dont plus de 115 dessinateurs et ing\u00e9nieurs, donnent \u00e0 Canatal la capacit\u00e9 de surmonter les potentiels d\u00e9fis.<\/p>\n\n\t\t\t<\/div>\n\t\t<\/div>\n\n\t\t<div class=\"b-header-page-rg-area\">\n\t\t\t<div class=\"phone-indicator phone-indicator--light\">\n\t\t\t\t\n\n\t\t\t<div class=\"vertical vertical--top\">\n\t\t\t\t<div class=\"vertical-cell\"><a href=\"tel:1 418 338-6044\">1 418 338-6044<\/a><\/div>\n\t\t\t<\/div>\n\t\t\t<\/div>\n\t\t<\/div>\n\n\t<\/div>\n\n<\/section><section id=\"b-1776\" class=\"b b-text-sticky b-text-sticky--right\" data-watch data-trigger=\"0.4\" data-preload>\n\n\t<div class=\"container container--side\">\n\n\t\t<div class=\"b-text-sticky-side-area\">\n\t\t\t<div class=\"b-text-sticky-images\">\n\n\t\t\t\t \n\t\t\t\t\t <div class=\"b-text-sticky-image\">\n\t\t\t\t\t\t<div class=\"b-text-sticky-image-background\"><div class=\"image\" style=\"background-image: url(https:\/\/canatal.net\/wp-content\/uploads\/2018\/11\/Canatal-Clarksburg-Premium-Outlets.jpg)\"><\/div><\/div>\n\t\t\t\t\t\t<div class=\"b-text-sticky-image-foreground\">\n\n\t\t\t\t\t\t\t\t\t\t\t\t\t\t\t<div class=\"b-text-sticky-image-legend\">\n\t\t\t\t\t\t\t\t\t\n\n\t\t\t<div class=\"vertical vertical--bottom\">\n\t\t\t\t<div class=\"vertical-cell\">\n\n\t\t\t<div class=\"dash dash--light dash--normal\">\n\t\t\t\t<div class=\"dash-line\"><\/div>\n\t\t\t\t<div class=\"dash-text\">Clarksburg Premium Outlets, Clarksburgh, MD \/ 2 744 tonnes<\/div>\n\t\t\t<\/div><\/div>\n\t\t\t<\/div>\n\t\t\t\t\t\t\t\t<\/div>\n\t\t\t\t\t\t\t\n\t\t\t\t\t\t<\/div>\n\t\t\t\t\t<\/div>\n\n\t\t\t\t \n\t\t\t\t\t <div class=\"b-text-sticky-image\">\n\t\t\t\t\t\t<div class=\"b-text-sticky-image-background\"><div class=\"image\" style=\"background-image: url(https:\/\/canatal.net\/wp-content\/uploads\/2018\/11\/Canatal-Soudeur-5.jpg)\"><\/div><\/div>\n\t\t\t\t\t\t<div class=\"b-text-sticky-image-foreground\">\n\n\t\t\t\t\t\t\t\n\t\t\t\t\t\t<\/div>\n\t\t\t\t\t<\/div>\n\n\t\t\t\t \n\t\t\t<\/div>\n\t\t<\/div>\n\n\t<\/div>\n\n\t<div class=\"container container--main\">\n\n\t\t<div class=\"b-text-sticky-main-area\">\n\n\t\t\t<div class=\"b-text-sticky-main\">\n\n\t\t\t\t\n\t\t\t\t<div class=\"b-text-sticky-items\">\n\n\t\t\t\t\t\n\t\t\t\t\t\t<div class=\"b-text-sticky-item\">\n\t\t\t\t\t\t\t<div class=\"b-text-sticky-item-content wysiwyg\">\n\t\t\t\t\t\t\t\t<p class=\"emphasized\">Chez Canatal, nous trouvons des solutions et nous les livrons. C\u2019est ce qui nous d\u00e9finit.<\/p>\n<p>Nous respectons toutes nos promesses :<\/p>\n<ul>\n<li>Accommoder vos besoins<\/li>\n<li>Nous ajuster \u00e0 vos contraintes de temps<\/li>\n<li>Nous adapter \u00e0 de nouvelles conditions<\/li>\n<li>Respecter en tout temps notre engagement de prioriser la s\u00e9curit\u00e9<\/li>\n<li>Nous soumettre aux certifications et aux pratiques environnementales les plus rigoureuses<\/li>\n<li>Vous faciliter la vie<\/li>\n<\/ul>\n\n\t\t\t\t\t\t\t<\/div>\n\t\t\t\t\t\t<\/div>\n\n\t\t\t\t\t\n\t\t\t\t\t\t<div class=\"b-text-sticky-item\">\n\t\t\t\t\t\t\t<div class=\"b-text-sticky-item-content wysiwyg\">\n\t\t\t\t\t\t\t\t<h2>Sant\u00e9 et s\u00e9curit\u00e9<\/h2>\n<p>Chez Canatal, rien n\u2019est laiss\u00e9 au hasard.<\/p>\n<p>Il s\u2019agit de la ligne directrice de nos op\u00e9rations quotidiennes; nous tenons \u00e0 ce que tous travaillent dans un environnement s\u00fbr et s\u00e9curitaire, sans compromis. Nous appliquons donc \u00e9videmment la m\u00eame diligence \u00e0 nos pratiques environnementales.<\/p>\n<p>La politique de Canatal comprend ces 6 principes :<\/p>\n<ol>\n<li>Prendre toute action n\u00e9cessaire afin de pr\u00e9venir les accidents, les blessures et les maladies en milieu de travail.<\/li>\n<li>Respecter toutes les lois et tous les r\u00e8glements applicables.<\/li>\n<li>Communiquer \u00e0 l\u2019ensemble du personnel et des sous-traitants de Canatal notre engagement envers l\u2019am\u00e9lioration de nos pratiques en mati\u00e8re de sant\u00e9, de s\u00e9curit\u00e9 et d\u2019environnement.<\/li>\n<li>Partager notre politique avec les intervenants des projets afin de les aider \u00e0 comprendre les objectifs de Canatal en mati\u00e8re de sant\u00e9, de s\u00e9curit\u00e9 et d\u2019environnement.<\/li>\n<li>Proc\u00e9der \u00e0 une \u00e9valuation r\u00e9guli\u00e8re de l\u2019am\u00e9lioration de nos pratiques en mati\u00e8re de sant\u00e9, de s\u00e9curit\u00e9 et d\u2019environnement au moyen d\u2019audits et de rapports.<\/li>\n<li>R\u00e9duire l\u2019impact environnemental de nos processus et activit\u00e9s industrielles en mettant sur pied un syst\u00e8me de gestion environnementale accompagn\u00e9 de plans et de proc\u00e9dures d\u2019urgence appropri\u00e9s.<\/li>\n<\/ol>\n<p><a class=\"cta\" href=\"https:\/\/canatal.net\/fr\/pourquoi-canatal\/les-avantages-de-lingeniosite\/\">Voyez ce qui nous d\u00e9finit.<\/a><\/p>\n\n\t\t\t\t\t\t\t<\/div>\n\t\t\t\t\t\t<\/div>\n\n\t\t\t\t\t\n\t\t\t\t<\/div>\n\n\t\t\t<\/div>\n\n\t\t<\/div>\n\n\t<\/div>\n<\/section><section id=\"b-1775\" class=\"b b-text-aside\" data-watch data-preload>\n\t<div class=\"container\">\n\n\t\t<div class=\"b-text-aside-main-area\">\n\n\t\t\t<div class=\"b-text-aside-content dark wysiwyg\">\n\t\t\t\t<h2>Le d\u00e9vouement ind\u00e9fectible de Canatal<\/h2>\n<p class=\"emphasized\">La passion de cr\u00e9er l\u2019excellence<\/p>\n<blockquote><p>Nos clients et nos \u00e9quipes partagent les m\u00eames valeurs fortes et d\u00e9veloppent de solides liens, ce qui fait toute la diff\u00e9rence. Entendre de nos clients que nous ressentons la m\u00eame passion qu\u2019eux nous confirme comment Canatal r\u00e9ussit \u00e0 se d\u00e9marquer.<\/p><\/blockquote>\n\n\t\t\t<\/div>\n\n\t\t\t\n\t\t<\/div>\n\n\t\t<div class=\"b-text-aside-side-area\">\n\t\t\t<div class=\"b-text-aside-image\">\n\t\t\t\t<div class=\"b-text-aside-image-background\"><div class=\"image\" style=\"background-image: url(https:\/\/canatal.net\/wp-content\/uploads\/2018\/11\/quote-ralph-1024x0-c-default.jpg)\"><\/div><\/div>\n\t\t\t\t<div class=\"b-text-aside-image-foreground\">\n\t\t\t\t\t<div class=\"b-text-aside-image-legend\">\n\t\t\t\t\t\t\n\n\t\t\t<div class=\"vertical vertical--bottom\">\n\t\t\t\t<div class=\"vertical-cell\">\n\n\t\t\t<div class=\"dash dash--light dash--normal\">\n\t\t\t\t<div class=\"dash-line\"><\/div>\n\t\t\t\t<div class=\"dash-text\">Ralph Poulin, pr\u00e9sident, Canatal<\/div>\n\t\t\t<\/div><\/div>\n\t\t\t<\/div>\n\t\t\t\t\t<\/div>\n\t\t\t\t<\/div>\n\t\t\t<\/div>\n\t\t<\/div>\n\n\t<\/div>\n<\/section><section id=\"b-1777\" class=\"b b-text-sticky b-text-sticky--left\" data-watch data-trigger=\"0.4\" data-preload>\n\n\t<div class=\"container container--side\">\n\n\t\t<div class=\"b-text-sticky-side-area\">\n\t\t\t<div class=\"b-text-sticky-images\">\n\n\t\t\t\t \n\t\t\t\t\t <div class=\"b-text-sticky-image\">\n\t\t\t\t\t\t<div class=\"b-text-sticky-image-background\"><div class=\"image\" style=\"background-image: url(https:\/\/canatal.net\/wp-content\/uploads\/2018\/11\/Canatal-Long-Island-Building-2.jpg)\"><\/div><\/div>\n\t\t\t\t\t\t<div class=\"b-text-sticky-image-foreground\">\n\n\t\t\t\t\t\t\t\t\t\t\t\t\t\t\t<div class=\"b-text-sticky-image-legend\">\n\t\t\t\t\t\t\t\t\t\n\n\t\t\t<div class=\"vertical vertical--bottom\">\n\t\t\t\t<div class=\"vertical-cell\">\n\n\t\t\t<div class=\"dash dash--light dash--normal\">\n\t\t\t\t<div class=\"dash-line\"><\/div>\n\t\t\t\t<div class=\"dash-text\">Queens Plaza, Long Island City, NY \/ 485 tonnes<\/div>\n\t\t\t<\/div><\/div>\n\t\t\t<\/div>\n\t\t\t\t\t\t\t\t<\/div>\n\t\t\t\t\t\t\t\n\t\t\t\t\t\t<\/div>\n\t\t\t\t\t<\/div>\n\n\t\t\t\t \n\t\t\t\t\t <div class=\"b-text-sticky-image\">\n\t\t\t\t\t\t<div class=\"b-text-sticky-image-background\"><div class=\"image\" style=\"background-image: url(https:\/\/canatal.net\/wp-content\/uploads\/2018\/11\/canatal-commitemnt-and-values-1275-1199.jpg)\"><\/div><\/div>\n\t\t\t\t\t\t<div class=\"b-text-sticky-image-foreground\">\n\n\t\t\t\t\t\t\t\n\t\t\t\t\t\t<\/div>\n\t\t\t\t\t<\/div>\n\n\t\t\t\t \n\t\t\t<\/div>\n\t\t<\/div>\n\n\t<\/div>\n\n\t<div class=\"container container--main\">\n\n\t\t<div class=\"b-text-sticky-main-area\">\n\n\t\t\t<div class=\"b-text-sticky-main\">\n\n\t\t\t\t\n\t\t\t\t<div class=\"b-text-sticky-items\">\n\n\t\t\t\t\t\n\t\t\t\t\t\t<div class=\"b-text-sticky-item\">\n\t\t\t\t\t\t\t<div class=\"b-text-sticky-item-content wysiwyg\">\n\t\t\t\t\t\t\t\t<h2>Valeurs corporatives<\/h2>\n<p class=\"emphasized\">Une base solide<\/p>\n<p>La ligne directrice de Canatal? De fortes valeurs et des standards qui nous d\u00e9finissent sur le march\u00e9 en tant que vrai leader et partenaire de choix.<br \/>\nCe que ces valeurs ont en commun? Elles d\u00e9montrent la capacit\u00e9 de Canatal de performer avec une agilit\u00e9 in\u00e9gal\u00e9e et de livrer \u00e0 temps.<\/p>\n<h4>Fiabilit\u00e9<\/h4>\n<p>Honorer nos engagements fait partie de notre culture; nous sommes vraiment fiers d\u2019\u00eatre reconnus comme une entreprise sur laquelle on peut compter.<\/p>\n<h4>Agilit\u00e9<\/h4>\n<p>Dans le monde de la construction d\u2019aujourd\u2019hui, o\u00f9 les changements sont dor\u00e9navant la norme, notre adaptabilit\u00e9 fait toute la diff\u00e9rence.<\/p>\n\n\t\t\t\t\t\t\t<\/div>\n\t\t\t\t\t\t<\/div>\n\n\t\t\t\t\t\n\t\t\t\t\t\t<div class=\"b-text-sticky-item\">\n\t\t\t\t\t\t\t<div class=\"b-text-sticky-item-content wysiwyg\">\n\t\t\t\t\t\t\t\t<h4>Talent<\/h4>\n<p>Nous sommes dou\u00e9s pour reconna\u00eetre les talents et nous nous engageons \u00e0 les faire grandir.<\/p>\n<h4>Collaboration<\/h4>\n<p>Nous cultivons des liens privil\u00e9gi\u00e9s avec nos partenaires d\u2019affaires, puisque nous savons qu\u2019ils sont indispensables aux solutions offertes \u00e0 nos clients.<\/p>\n<h4>Succ\u00e8s<\/h4>\n<p>La p\u00e9rennit\u00e9 de Canatal repose sur les assises suivantes : le travail d\u2019\u00e9quipe, la volont\u00e9 de d\u00e9passement de chacun d\u2019entre nous et notre engagement corporatif envers l\u2019excellence.<\/p>\n\n\t\t\t\t\t\t\t<\/div>\n\t\t\t\t\t\t<\/div>\n\n\t\t\t\t\t\n\t\t\t\t<\/div>\n\n\t\t\t<\/div>\n\n\t\t<\/div>\n\n\t<\/div>\n<\/section><section id=\"b-1778\" class=\"b b-cta-group\" data-watch data-trigger=\"0.4\" data-preload>\n\t<div class=\"container\">\n\n\t\t\n\t<div class=\"b-cta-group-main-area\">\n\t\t<div class=\"b-cta-group-item\">\n\n\t\t\t<div class=\"b-cta-group-item-background\">\n\t\t\t\t<div class=\"b-cta-group-item-image\"><div class=\"image\" style=\"background-image: url(https:\/\/canatal.net\/wp-content\/uploads\/2018\/11\/Canatal-Taunton-Trial-Court-720x0-c-default.jpg)\"><\/div><\/div>\n\t\t\t<\/div>\n\n\t\t\t<div class=\"b-cta-group-item-foreground\">\n\n\t\t\t\t<div class=\"b-cta-group-item-caption\">\n\n\t\t\t<div class=\"vertical vertical--bottom\">\n\t\t\t\t<div class=\"vertical-cell\">\n\n\t\t\t<div class=\"dash dash--dark dash--normal\">\n\t\t\t\t<div class=\"dash-line\"><\/div>\n\t\t\t\t<div class=\"dash-text\">Nous joindre<\/div>\n\t\t\t<\/div><\/div>\n\t\t\t<\/div><\/div>\n\t\t\t\t<div class=\"b-cta-group-item-content wysiwyg\">\n\t\t\t\t\t<h2>Nous exprimons nos valeurs sur les chantiers, dans nos installations et partout ailleurs<\/h2>\n\n\t\t\t\t<\/div>\n\n\t\t\t\t<div class=\"b-cta-group-item-action\">\n\t\t\t\t\t\n\t\t\t<div class=\"button-action button-action--dark\">\n\t\t\t\t<a href=\"https:\/\/canatal.net\/fr\/communiquez-avec-canatal\/\">Communiquez avec nous<\/a>\n\t\t\t<\/div>\n\t\t\t\t<\/div>\n\n\t\t\t<\/div>\n\t\t<\/div>\n\t<\/div>\n\n\t<div class=\"b-cta-group-side-area\">\n\t\t<div class=\"b-cta-group-item\">\n\n\t\t\t<div class=\"b-cta-group-item-background\">\n\t\t\t\t<div class=\"b-cta-group-item-image\"><div class=\"image\" style=\"background-image: url(https:\/\/canatal.net\/wp-content\/uploads\/2018\/11\/Canatal-Soudeur-720x0-c-default.jpg)\"><\/div><\/div>\n\t\t\t<\/div>\n\n\t\t\t<div class=\"b-cta-group-item-foreground\">\n\n\t\t\t\t<div class=\"b-cta-group-item-caption\">\n\n\t\t\t<div class=\"vertical vertical--bottom\">\n\t\t\t\t<div class=\"vertical-cell\">\n\n\t\t\t<div class=\"dash dash--light dash--reverse\">\n\t\t\t\t<div class=\"dash-line\"><\/div>\n\t\t\t\t<div class=\"dash-text\">Carri\u00e8re<\/div>\n\t\t\t<\/div><\/div>\n\t\t\t<\/div><\/div>\n\t\t\t\t<div class=\"b-cta-group-item-content wysiwyg dark\">\n\t\t\t\t\t<h2>\u00c0 la recherche d\u2019un milieu de travail qui place r\u00e9ellement la s\u00e9curit\u00e9 au premier plan?<\/h2>\n<p>Canatal a les conditions environnementales et leur incidence \u00e0 c\u0153ur.<\/p>\n\n\t\t\t\t<\/div>\n\n\t\t\t\t<div class=\"b-cta-group-item-action\">\n\t\t\t\t\t\n\t\t\t<div class=\"button-action button-action--light\">\n\t\t\t\t<a href=\"https:\/\/canatal.net\/fr\/travailler-chez-canatal\/\">Nous voulons vous rencontrer<\/a>\n\t\t\t<\/div>\n\t\t\t\t<\/div>\n\n\t\t\t<\/div>\n\t\t<\/div>\n\t<\/div>\n\n<\/section>","protected":false},"excerpt":{"rendered":"<p>275 Albany Street, Boston, MA \/ 2 602 tonnes Engagement et valeurs Si l\u2019expertise de Canatal est aussi reconnue, c\u2019est gr\u00e2ce au travail d\u2019\u00e9quipe exceptionnel dont elle fait preuve \u00e0 l\u2019interne comme \u00e0 l\u2019externe. Ses 525 employ\u00e9s, dont plus de 115 dessinateurs et ing\u00e9nieurs, donnent \u00e0 Canatal la capacit\u00e9 de surmonter les potentiels d\u00e9fis. 1 &hellip; <a href=\"https:\/\/canatal.net\/fr\/pourquoi-canatal\/engagement-et-valeurs\/\">Continued<\/a><\/p>\n","protected":false},"author":1,"featured_media":0,"parent":1757,"menu_order":0,"comment_status":"closed","ping_status":"closed","template":"","meta":{"_acf_changed":false,"footnotes":""},"class_list":["post-1773","page","type-page","status-publish","hentry"],"acf":[],"_links":{"self":[{"href":"https:\/\/canatal.net\/fr\/wp-json\/wp\/v2\/pages\/1773","targetHints":{"allow":["GET"]}}],"collection":[{"href":"https:\/\/canatal.net\/fr\/wp-json\/wp\/v2\/pages"}],"about":[{"href":"https:\/\/canatal.net\/fr\/wp-json\/wp\/v2\/types\/page"}],"author":[{"embeddable":true,"href":"https:\/\/canatal.net\/fr\/wp-json\/wp\/v2\/users\/1"}],"replies":[{"embeddable":true,"href":"https:\/\/canatal.net\/fr\/wp-json\/wp\/v2\/comments?post=1773"}],"version-history":[{"count":2,"href":"https:\/\/canatal.net\/fr\/wp-json\/wp\/v2\/pages\/1773\/revisions"}],"predecessor-version":[{"id":2801,"href":"https:\/\/canatal.net\/fr\/wp-json\/wp\/v2\/pages\/1773\/revisions\/2801"}],"up":[{"embeddable":true,"href":"https:\/\/canatal.net\/fr\/wp-json\/wp\/v2\/pages\/1757"}],"wp:attachment":[{"href":"https:\/\/canatal.net\/fr\/wp-json\/wp\/v2\/media?parent=1773"}],"curies":[{"name":"wp","href":"https:\/\/api.w.org\/{rel}","templated":true}]}}