{"id":1780,"date":"2018-11-05T00:22:22","date_gmt":"2018-11-05T00:22:22","guid":{"rendered":"https:\/\/canatal.net\/why-canatal\/smart-advantages\/"},"modified":"2019-04-16T10:38:10","modified_gmt":"2019-04-16T15:38:10","slug":"les-avantages-de-lingeniosite","status":"publish","type":"page","link":"https:\/\/canatal.net\/fr\/pourquoi-canatal\/les-avantages-de-lingeniosite\/","title":{"rendered":"Les avantages de l\u2019ing\u00e9niosit\u00e9"},"content":{"rendered":"<section id=\"b-1800\" class=\"b b-header-page  b-header-page--darken \" data-watch data-preload>\n\n\t<div class=\"b-header-page-background\">\n\t\t<div class=\"container\">\n\t\t\t<div class=\"b-header-page-image\">\n\t\t\t\t<div class=\"b-header-page-image-background\"><div class=\"image\" style=\"background-image: url(https:\/\/canatal.net\/wp-content\/uploads\/2018\/11\/Canatal-Natick_Mail-1024x0-c-default.jpg)\"><\/div><\/div>\n\t\t\t\t<div class=\"b-header-page-image-foreground\">\n\t\t\t\t\t\t\t\t\t\t\t<div class=\"b-header-page-image-legend\">\n\t\t\t\t\t\t\t\n\n\t\t\t<div class=\"vertical vertical--bottom\">\n\t\t\t\t<div class=\"vertical-cell\">\n\n\t\t\t<div class=\"dash dash--dark dash--normal\">\n\t\t\t\t<div class=\"dash-line\"><\/div>\n\t\t\t\t<div class=\"dash-text\">Natick Mall, Natick, MA, 13 000 tonnes<\/div>\n\t\t\t<\/div><\/div>\n\t\t\t<\/div>\n\t\t\t\t\t\t<\/div>\n\t\t\t\t\t\t\t\t\t<\/div>\n\t\t\t<\/div>\n\t\t<\/div>\n\t<\/div>\n\n\t<div class=\"container\">\n\n\t\t<div class=\"b-header-page-foreground\">\n\t\t\t<div class=\"b-header-page-content wysiwyg dark\">\n\t\t\t\t<h1>Les avantages<br \/>\nde l\u2019ing\u00e9niosit\u00e9<\/h1>\n<p class=\"emphasized\">Canatal travaille intelligemment pour vous assurer la paix d\u2019esprit.<\/p>\n<p>Au coeur de chaque op\u00e9ration men\u00e9e par Canatal se trouvent les valeurs de l\u2019entreprise. Ces derni\u00e8res sont incarn\u00e9es par une \u00e9quipe qui travaille fort, mais surtout, qui travaille intelligemment.<\/p>\n<p>Pour que l\u2019efficience de haut niveau soit la marque de commerce de Canatal, et ce, de l\u2019approvisionnement jusqu\u2019\u00e0 la livraison finale, notre succ\u00e8s repose sur l\u2019ing\u00e9niosit\u00e9 de nos plans, de nos gens et de nos techniques.<\/p>\n\n\t\t\t<\/div>\n\t\t<\/div>\n\n\t\t<div class=\"b-header-page-rg-area\">\n\t\t\t<div class=\"phone-indicator phone-indicator--light\">\n\t\t\t\t\n\n\t\t\t<div class=\"vertical vertical--top\">\n\t\t\t\t<div class=\"vertical-cell\"><a href=\"tel:1 418 338-6044\">1 418 338-6044<\/a><\/div>\n\t\t\t<\/div>\n\t\t\t<\/div>\n\t\t<\/div>\n\n\t<\/div>\n\n<\/section><section id=\"b-1808\" class=\"b b-about\" data-watch data-trigger=\"0.5\" data-preload>\n\t<div class=\"container\">\n\n\t\t<div\n\t\t\tclass=\"b-about-image b-about-image--under\"\n\t\t\tdata-scroll-animation=\"transform\"\n\t\t\tdata-scroll-animation-format=\"translateY(%vrem)\"\n\t\t\tdata-scroll-animation-min=\"+3\"\n\t\t\tdata-scroll-animation-max=\"-3\">\n\t\t<\/div>\n\n\t\t\n\t\t\t\t\t<div class=\"b-about-crest b-about-crest--middle-right\"\n\t\t\t\tdata-scroll-animation=\"transform\"\n\t\t\t\tdata-scroll-animation-format=\"translateY(%vrem) translateZ(0)\"\n\t\t\t\tdata-scroll-animation-min=\"+10\"\n\t\t\t\tdata-scroll-animation-max=\"-10\">\n\t\t\t\t<div class=\"image\" style=\"background-image: url(https:\/\/canatal.net\/wp-content\/uploads\/2018\/11\/Asset-2.svg)\"><\/div>\n\t\t\t<\/div>\n\t\t\n\n\t\t<div class=\"b-about-main\">\n\n\t\t\t<div class=\"b-about-caption\">\n\n\t\t\t<div class=\"vertical vertical--bottom\">\n\t\t\t\t<div class=\"vertical-cell\">\n\n\t\t\t<div class=\"dash dash--dark dash--normal\">\n\t\t\t\t<div class=\"dash-line\"><\/div>\n\t\t\t\t<div class=\"dash-text\">Planification ing\u00e9nieuse<\/div>\n\t\t\t<\/div><\/div>\n\t\t\t<\/div><\/div>\n\t\t\t<div class=\"b-about-content wysiwyg\">\n\t\t\t\t<p class=\"emphasized\">L\u2019agilit\u00e9 de Canatal permet de livrer des projets de fabrication et d\u2019\u00e9rection de structures d\u2019acier avec une remarquable efficacit\u00e9. Reconnue pour livrer \u00e0 temps, notre \u00e9quipe sait minimiser les risques li\u00e9s aux modifications de derni\u00e8re minute.<\/p>\n\n\t\t\t<\/div>\n\n\t\t<\/div>\n\n\t<\/div>\n<\/section><section id=\"b-1809\" class=\"b b-text-sticky b-text-sticky--right\" data-watch data-trigger=\"0.4\" data-preload>\n\n\t<div class=\"container container--side\">\n\n\t\t<div class=\"b-text-sticky-side-area\">\n\t\t\t<div class=\"b-text-sticky-images\">\n\n\t\t\t\t \n\t\t\t\t\t <div class=\"b-text-sticky-image\">\n\t\t\t\t\t\t<div class=\"b-text-sticky-image-background\"><div class=\"image\" style=\"background-image: url(https:\/\/canatal.net\/wp-content\/uploads\/2018\/11\/Canatal-Time-Smart.jpg)\"><\/div><\/div>\n\t\t\t\t\t\t<div class=\"b-text-sticky-image-foreground\">\n\n\t\t\t\t\t\t\t\n\t\t\t\t\t\t<\/div>\n\t\t\t\t\t<\/div>\n\n\t\t\t\t \n\t\t\t<\/div>\n\t\t<\/div>\n\n\t<\/div>\n\n\t<div class=\"container container--main\">\n\n\t\t<div class=\"b-text-sticky-main-area\">\n\n\t\t\t<div class=\"b-text-sticky-main\">\n\n\t\t\t\t\n\t\t\t\t<div class=\"b-text-sticky-items\">\n\n\t\t\t\t\t\n\t\t\t\t\t\t<div class=\"b-text-sticky-item\">\n\t\t\t\t\t\t\t<div class=\"b-text-sticky-item-content wysiwyg\">\n\t\t\t\t\t\t\t\t<h2>L\u2019efficacit\u00e9 comme marque de commerce<\/h2>\n<ul>\n<li>Agilit\u00e9 proactive pour une gestion de projets acc\u00e9l\u00e9r\u00e9e<\/li>\n<li>Mod\u00e8le de planification \u00e9prouv\u00e9 pour un avancement optimal de chaque projet<\/li>\n<li>Capacit\u00e9 de composer avec les changements en cours de projets<\/li>\n<li>M\u00e9thodes \u00e9prouv\u00e9es de fabrication en parall\u00e8le : minimisation des pertes de temps et du temps d\u2019assemblage pour plus d\u2019efficacit\u00e9.<\/li>\n<li>Pratiques d\u2019approvisionnement de l\u2019acier qui assurent l\u2019accessibilit\u00e9 et qui diminue la volatilit\u00e9 du prix de l\u2019acier<\/li>\n<li>Tout ce qu\u2019il vous faut pour offrir une exp\u00e9rience cl\u00e9 en main sans tracas, de l\u2019approvisionnement en acier avantageux, en passant par l\u2019\u00e9quipement de levage et les 150 remorques, tout est en place pour que votre projet soit le plus rentable possible<\/li>\n<\/ul>\n<h2>Ce que vous en tirez:<\/h2>\n<p class=\"emphasized\">Des projets r\u00e9ussis.<\/p>\n\n\t\t\t\t\t\t\t<\/div>\n\t\t\t\t\t\t<\/div>\n\n\t\t\t\t\t\n\t\t\t\t<\/div>\n\n\t\t\t<\/div>\n\n\t\t<\/div>\n\n\t<\/div>\n<\/section><section id=\"b-1810\" class=\"b b-about\" data-watch data-trigger=\"0.5\" data-preload>\n\t<div class=\"container\">\n\n\t\t<div\n\t\t\tclass=\"b-about-image b-about-image--over\"\n\t\t\tdata-scroll-animation=\"transform\"\n\t\t\tdata-scroll-animation-format=\"translateY(%vrem)\"\n\t\t\tdata-scroll-animation-min=\"+3\"\n\t\t\tdata-scroll-animation-max=\"-3\">\n\t\t<\/div>\n\n\t\t\n\t\t\t\t\t<div class=\"b-about-crest b-about-crest--middle-right\"\n\t\t\t\tdata-scroll-animation=\"transform\"\n\t\t\t\tdata-scroll-animation-format=\"translateY(%vrem) translateZ(0)\"\n\t\t\t\tdata-scroll-animation-min=\"+10\"\n\t\t\t\tdata-scroll-animation-max=\"-10\">\n\t\t\t\t<div class=\"image\" style=\"background-image: url(https:\/\/canatal.net\/wp-content\/uploads\/2018\/11\/Asset-1.svg)\"><\/div>\n\t\t\t<\/div>\n\t\t\n\n\t\t<div class=\"b-about-main\">\n\n\t\t\t<div class=\"b-about-caption\">\n\n\t\t\t<div class=\"vertical vertical--bottom\">\n\t\t\t\t<div class=\"vertical-cell\">\n\n\t\t\t<div class=\"dash dash--dark dash--normal\">\n\t\t\t\t<div class=\"dash-line\"><\/div>\n\t\t\t\t<div class=\"dash-text\">\u00c9quipe ing\u00e9nieuse<\/div>\n\t\t\t<\/div><\/div>\n\t\t\t<\/div><\/div>\n\t\t\t<div class=\"b-about-content wysiwyg\">\n\t\t\t\t<p class=\"emphasized\">R\u00e9soudre les probl\u00e8mes et minimiser les risques, voil\u00e0 la force de notre \u00e9quipe<\/p>\n\n\t\t\t<\/div>\n\n\t\t<\/div>\n\n\t<\/div>\n<\/section><section id=\"b-2829\" class=\"b b-text\" data-watch data-preload>\n\t<div class=\"container\">\n\t\t<div class=\"b-text-content wysiwyg\">\n\t\t\t<p><img decoding=\"async\" class=\"alignnone size-full wp-image-2779\" src=\"https:\/\/canatal.net\/app\/uploads\/2018\/12\/525-emplois_FR.jpg\" alt=\"\" width=\"100%\" \/><\/p>\n\n\t\t<\/div>\n\t<\/div>\n<\/section><section id=\"b-1811\" class=\"b b-text-sticky b-text-sticky--left\" data-watch data-trigger=\"0.4\" data-preload>\n\n\t<div class=\"container container--side\">\n\n\t\t<div class=\"b-text-sticky-side-area\">\n\t\t\t<div class=\"b-text-sticky-images\">\n\n\t\t\t\t \n\t\t\t\t\t <div class=\"b-text-sticky-image\">\n\t\t\t\t\t\t<div class=\"b-text-sticky-image-background\"><div class=\"image\" style=\"background-image: url(https:\/\/canatal.net\/wp-content\/uploads\/2018\/11\/Canatal-Soudeur-Team2.png)\"><\/div><\/div>\n\t\t\t\t\t\t<div class=\"b-text-sticky-image-foreground\">\n\n\t\t\t\t\t\t\t\n\t\t\t\t\t\t<\/div>\n\t\t\t\t\t<\/div>\n\n\t\t\t\t \n\t\t\t<\/div>\n\t\t<\/div>\n\n\t<\/div>\n\n\t<div class=\"container container--main\">\n\n\t\t<div class=\"b-text-sticky-main-area\">\n\n\t\t\t<div class=\"b-text-sticky-main\">\n\n\t\t\t\t\n\t\t\t\t<div class=\"b-text-sticky-items\">\n\n\t\t\t\t\t\n\t\t\t\t\t\t<div class=\"b-text-sticky-item\">\n\t\t\t\t\t\t\t<div class=\"b-text-sticky-item-content wysiwyg\">\n\t\t\t\t\t\t\t\t<p class=\"emphasized\">La signature Canatal va bien au-del\u00e0 de son apport dans la cr\u00e9ation de b\u00e2timents d\u2019envergure. Le travail d\u2019\u00e9quipe \u00e0 l\u2019interne et aupr\u00e8s des partenaires est \u00e9galement incomparable. C\u2019est le travail acharn\u00e9 des 525 employ\u00e9s et de plus de 115 dessinateurs et ing\u00e9nieurs qui permet de mettre en place des solutions avant m\u00eame que les d\u00e9fis se mat\u00e9rialisent.<\/p>\n<p>Les gens de Canatal mettent en place toutes les conditions pour atteindre l\u2019excellence, dont les certifications les plus exigeantes, les meilleurs collaborateurs et une planification ax\u00e9e sur la pr\u00e9cision.<\/p>\n<ul>\n<li>Des talents fiables \u00e0 l\u2019interne\n<ul>\n<li>525 employ\u00e9s aux \u00c9tats-Unis et au Canada, dont plus de 115 dessinateurs et ing\u00e9nieurs qualifi\u00e9s r\u00e9partis dans 4 bureaux<\/li>\n<\/ul>\n<\/li>\n<li>Sens \u00e9thique solide appuy\u00e9 par de rigoureuses certifications<\/li>\n<li>Normes de s\u00e9curit\u00e9 et standards environnementaux sup\u00e9rieurs<\/li>\n<li>Collaboration avec des sous-traitants de confiance certifi\u00e9s par Canatal pour l\u2019assemblage de structures d\u2019acier<\/li>\n<li>Excellence \u00e0 chaque \u00e9tape du service, de la planification jusqu\u2019\u00e0 la livraison finale<\/li>\n<li>Valeurs solides et attitude terre-\u00e0-terre<\/li>\n<li>Entreprise d\u2019envergure soutenue par une capacit\u00e9 financi\u00e8re \u00e0 la hauteur<\/li>\n<\/ul>\n<h2>Ce que vous en tirez:<\/h2>\n<p class=\"emphasized\">Une \u00e9quipe qui n\u2019a qu\u2019un but; faciliter votre travail.<\/p>\n\n\t\t\t\t\t\t\t<\/div>\n\t\t\t\t\t\t<\/div>\n\n\t\t\t\t\t\n\t\t\t\t<\/div>\n\n\t\t\t<\/div>\n\n\t\t<\/div>\n\n\t<\/div>\n<\/section><section id=\"b-1812\" class=\"b b-about\" data-watch data-trigger=\"0.5\" data-preload>\n\t<div class=\"container\">\n\n\t\t<div\n\t\t\tclass=\"b-about-image b-about-image--over-flip\"\n\t\t\tdata-scroll-animation=\"transform\"\n\t\t\tdata-scroll-animation-format=\"translateY(%vrem)\"\n\t\t\tdata-scroll-animation-min=\"+3\"\n\t\t\tdata-scroll-animation-max=\"-3\">\n\t\t<\/div>\n\n\t\t\n\t\t\t\t\t<div class=\"b-about-crest b-about-crest--middle-right\"\n\t\t\t\tdata-scroll-animation=\"transform\"\n\t\t\t\tdata-scroll-animation-format=\"translateY(%vrem) translateZ(0)\"\n\t\t\t\tdata-scroll-animation-min=\"+10\"\n\t\t\t\tdata-scroll-animation-max=\"-10\">\n\t\t\t\t<div class=\"image\" style=\"background-image: url(https:\/\/canatal.net\/wp-content\/uploads\/2018\/11\/Asset-3.svg)\"><\/div>\n\t\t\t<\/div>\n\t\t\n\n\t\t<div class=\"b-about-main\">\n\n\t\t\t<div class=\"b-about-caption\">\n\n\t\t\t<div class=\"vertical vertical--bottom\">\n\t\t\t\t<div class=\"vertical-cell\">\n\n\t\t\t<div class=\"dash dash--dark dash--normal\">\n\t\t\t\t<div class=\"dash-line\"><\/div>\n\t\t\t\t<div class=\"dash-text\">Techniques ing\u00e9nieuses<\/div>\n\t\t\t<\/div><\/div>\n\t\t\t<\/div><\/div>\n\t\t\t<div class=\"b-about-content wysiwyg\">\n\t\t\t\t<p class=\"emphasized\">L\u2019ing\u00e9niosit\u00e9 fa\u00e7onne non seulement nos gens et notre gestion de temps, mais s\u2019applique aussi aux outils et aux technologies \u00e0 notre disposition. De cette synergie ressort une agilit\u00e9 et une flexibilit\u00e9 sans \u00e9gal. <\/p>\n<p>Nos accomplissements s\u2019additionnent \u00e0 notre cr\u00e9ativit\u00e9 et forment notre avantage concurrentiel. Nous avons tous les moyens en main pour donner vie aux solutions que nous imaginons. Canatal poss\u00e8de l\u2019espace, les habilet\u00e9s, le r\u00e9seau et la cha\u00eene logistique pour vous offrir l\u2019\u00e9quilibre parfait entre les connaissances et la capacit\u00e9 de production.<\/p>\n\n\t\t\t<\/div>\n\n\t\t<\/div>\n\n\t<\/div>\n<\/section><section id=\"b-1813\" class=\"b b-text-sticky b-text-sticky--right\" data-watch data-trigger=\"0.4\" data-preload>\n\n\t<div class=\"container container--side\">\n\n\t\t<div class=\"b-text-sticky-side-area\">\n\t\t\t<div class=\"b-text-sticky-images\">\n\n\t\t\t\t \n\t\t\t\t\t <div class=\"b-text-sticky-image\">\n\t\t\t\t\t\t<div class=\"b-text-sticky-image-background\"><div class=\"image\" style=\"background-image: url(https:\/\/canatal.net\/wp-content\/uploads\/2018\/11\/Canatal-Equipement.jpg)\"><\/div><\/div>\n\t\t\t\t\t\t<div class=\"b-text-sticky-image-foreground\">\n\n\t\t\t\t\t\t\t\n\t\t\t\t\t\t<\/div>\n\t\t\t\t\t<\/div>\n\n\t\t\t\t \n\t\t\t<\/div>\n\t\t<\/div>\n\n\t<\/div>\n\n\t<div class=\"container container--main\">\n\n\t\t<div class=\"b-text-sticky-main-area\">\n\n\t\t\t<div class=\"b-text-sticky-main\">\n\n\t\t\t\t\n\t\t\t\t<div class=\"b-text-sticky-items\">\n\n\t\t\t\t\t\n\t\t\t\t\t\t<div class=\"b-text-sticky-item\">\n\t\t\t\t\t\t\t<div class=\"b-text-sticky-item-content wysiwyg\">\n\t\t\t\t\t\t\t\t<h2>Les bons outils pour faire du bon travail<\/h2>\n<ul>\n<li>Technologie de pointe pour le dessin technique<\/li>\n<li>\u00c9quipe d\u2019ing\u00e9nierie et d\u2019\u00e9rection de structures d\u2019acier hautement comp\u00e9tente, \u00e9quip\u00e9e pour livrer \u00e0 temps et au-del\u00e0 des attentes<\/li>\n<li>Huit unit\u00e9s de fabrication sp\u00e9cialis\u00e9es<\/li>\n<li>Lignes de production automatis\u00e9e dot\u00e9es de syst\u00e8mes de contr\u00f4le num\u00e9rique, de robots et de syst\u00e8mes de soudure dernier cri<\/li>\n<li>2 000 000 pi2 d\u2019espace d\u2019entreposage pour tout avoir \u00e0 port\u00e9e de main; la technologie autant que les produits finis<\/li>\n<li>R\u00e9seau de ponts roulants \u00e0 forte capacit\u00e9 et \u00e9quipement de levage adapt\u00e9 \u00e0 des applications sp\u00e9cifiques<\/li>\n<li>Mod\u00e9lisation 3D (logiciel de type BIM; Building Information Modeling) utilis\u00e9e pour tous les projets Canatal<\/li>\n<li>Service rapide de r\u00e9approvisionnement en boulons, le Quick-Bolt Service<\/li>\n<li>Outils et techniques \u00e9labor\u00e9es sur mesure par et pour Canatal<\/li>\n<li>Rapports effectu\u00e9s syst\u00e9matiquement pour assurer que nos syst\u00e8mes demeurent les plus rapides et efficaces dans l\u2019industrie<\/li>\n<\/ul>\n<h2>Ce que vous en tirez<\/h2>\n<p class=\"emphasized\">L\u2019acc\u00e8s \u00e0 toutes les ressources n\u00e9cessaires pour un projet efficace en temps et en co\u00fbt<\/p>\n\n\t\t\t\t\t\t\t<\/div>\n\t\t\t\t\t\t<\/div>\n\n\t\t\t\t\t\n\t\t\t\t<\/div>\n\n\t\t\t<\/div>\n\n\t\t<\/div>\n\n\t<\/div>\n<\/section><section id=\"b-1814\" class=\"b b-cta-group\" data-watch data-trigger=\"0.4\" data-preload>\n\t<div class=\"container\">\n\n\t\t\n\t<div class=\"b-cta-group-main-area\">\n\t\t<div class=\"b-cta-group-item\">\n\n\t\t\t<div class=\"b-cta-group-item-background\">\n\t\t\t\t<div class=\"b-cta-group-item-image\"><div class=\"image\" style=\"background-image: url(https:\/\/canatal.net\/wp-content\/uploads\/2018\/11\/Canatal-One_Canal-720x0-c-default.jpg)\"><\/div><\/div>\n\t\t\t<\/div>\n\n\t\t\t<div class=\"b-cta-group-item-foreground\">\n\n\t\t\t\t<div class=\"b-cta-group-item-caption\">\n\n\t\t\t<div class=\"vertical vertical--bottom\">\n\t\t\t\t<div class=\"vertical-cell\">\n\n\t\t\t<div class=\"dash dash--dark dash--normal\">\n\t\t\t\t<div class=\"dash-line\"><\/div>\n\t\t\t\t<div class=\"dash-text\">R\u00e9alisations<\/div>\n\t\t\t<\/div><\/div>\n\t\t\t<\/div><\/div>\n\t\t\t\t<div class=\"b-cta-group-item-content wysiwyg\">\n\t\t\t\t\t<h2>Vous voulez voir des r\u00e9sultats ing\u00e9nieux?<\/h2>\n\n\t\t\t\t<\/div>\n\n\t\t\t\t<div class=\"b-cta-group-item-action\">\n\t\t\t\t\t\n\t\t\t<div class=\"button-action button-action--dark\">\n\t\t\t\t<a href=\"https:\/\/canatal.net\/fr\/realisations\/\">Voyez nos quelques r\u00e9alisations ici<\/a>\n\t\t\t<\/div>\n\t\t\t\t<\/div>\n\n\t\t\t<\/div>\n\t\t<\/div>\n\t<\/div>\n\n\t<div class=\"b-cta-group-side-area\">\n\t\t<div class=\"b-cta-group-item\">\n\n\t\t\t<div class=\"b-cta-group-item-background\">\n\t\t\t\t<div class=\"b-cta-group-item-image\"><div class=\"image\" style=\"background-image: url(https:\/\/canatal.net\/wp-content\/uploads\/2018\/11\/Canatal-Boston-Structure4-1-720x0-c-default.jpg)\"><\/div><\/div>\n\t\t\t<\/div>\n\n\t\t\t<div class=\"b-cta-group-item-foreground\">\n\n\t\t\t\t<div class=\"b-cta-group-item-caption\">\n\n\t\t\t<div class=\"vertical vertical--bottom\">\n\t\t\t\t<div class=\"vertical-cell\">\n\n\t\t\t<div class=\"dash dash--light dash--reverse\">\n\t\t\t\t<div class=\"dash-line\"><\/div>\n\t\t\t\t<div class=\"dash-text\">Nous joindre<\/div>\n\t\t\t<\/div><\/div>\n\t\t\t<\/div><\/div>\n\t\t\t\t<div class=\"b-cta-group-item-content wysiwyg dark\">\n\t\t\t\t\t<h2>Vivez l\u2019avantage de l\u2019ing\u00e9niosit\u00e9<\/h2>\n<p>Apr\u00e8s plus 1200 projets, l\u2019\u00e9quipe Canatal reste d\u00e9vou\u00e9e \u00e0 l\u2019atteinte de r\u00e9sultats exceptionnels, dans les d\u00e9lais convenus et au-del\u00e0 des attentes.<\/p>\n\n\t\t\t\t<\/div>\n\n\t\t\t\t<div class=\"b-cta-group-item-action\">\n\t\t\t\t\t\n\t\t\t<div class=\"button-action button-action--light\">\n\t\t\t\t<a href=\"https:\/\/canatal.net\/fr\/communiquez-avec-canatal\/\">Communiquez avec Canatal<\/a>\n\t\t\t<\/div>\n\t\t\t\t<\/div>\n\n\t\t\t<\/div>\n\t\t<\/div>\n\t<\/div>\n\n<\/section><section id=\"b-1815\" class=\"b b-text-sticky b-text-sticky--left\" data-watch data-trigger=\"0.4\" data-preload>\n\n\t<div class=\"container container--side\">\n\n\t\t<div class=\"b-text-sticky-side-area\">\n\t\t\t<div class=\"b-text-sticky-images\">\n\n\t\t\t\t \n\t\t\t\t\t <div class=\"b-text-sticky-image\">\n\t\t\t\t\t\t<div class=\"b-text-sticky-image-background\"><div class=\"image\" style=\"background-image: url(https:\/\/canatal.net\/wp-content\/uploads\/2018\/11\/Canatal-MNR.jpg)\"><\/div><\/div>\n\t\t\t\t\t\t<div class=\"b-text-sticky-image-foreground\">\n\n\t\t\t\t\t\t\t\t\t\t\t\t\t\t\t<div class=\"b-text-sticky-image-legend\">\n\t\t\t\t\t\t\t\t\t\n\n\t\t\t<div class=\"vertical vertical--bottom\">\n\t\t\t\t<div class=\"vertical-cell\">\n\n\t\t\t<div class=\"dash dash--light dash--normal\">\n\t\t\t\t<div class=\"dash-line\"><\/div>\n\t\t\t\t<div class=\"dash-text\">NMR Buddhist Center, Raynham, MA, 1 410 tonnes<\/div>\n\t\t\t<\/div><\/div>\n\t\t\t<\/div>\n\t\t\t\t\t\t\t\t<\/div>\n\t\t\t\t\t\t\t\n\t\t\t\t\t\t<\/div>\n\t\t\t\t\t<\/div>\n\n\t\t\t\t \n\t\t\t<\/div>\n\t\t<\/div>\n\n\t<\/div>\n\n\t<div class=\"container container--main\">\n\n\t\t<div class=\"b-text-sticky-main-area\">\n\n\t\t\t<div class=\"b-text-sticky-main\">\n\n\t\t\t\t\n\t\t\t\t<div class=\"b-text-sticky-items\">\n\n\t\t\t\t\t\n\t\t\t\t\t\t<div class=\"b-text-sticky-item\">\n\t\t\t\t\t\t\t<div class=\"b-text-sticky-item-content wysiwyg\">\n\t\t\t\t\t\t\t\t<h2>Structures ing\u00e9nieuses<\/h2>\n<p>Cr\u00e9\u00e9es par un leader nord-am\u00e9ricain en mati\u00e8re de design, de fabrication et d\u2019\u00e9rection de structures d\u2019acier<\/p>\n<p>Canatal fabrique plus que des structures d\u2019acier de qualit\u00e9, elle fabrique des partenariats strat\u00e9giques<\/p>\n<ul>\n<li>Votre partenaire en structure, avec vous sans compromis, de l\u2019\u00e9valuation \u00e0 l\u2019installation finale<\/li>\n<li>Des experts chevronn\u00e9s \u00e9quip\u00e9s de syst\u00e8mes rod\u00e9s pour la haute efficacit\u00e9<\/li>\n<li>Des services de design et d\u2019ing\u00e9nierie<\/li>\n<li>Une gestion de projet serr\u00e9e pour projets en \u00ab mode acc\u00e9l\u00e9r\u00e9 \u00bb<\/li>\n<\/ul>\n\n\t\t\t\t\t\t\t<\/div>\n\t\t\t\t\t\t<\/div>\n\n\t\t\t\t\t\n\t\t\t\t<\/div>\n\n\t\t\t<\/div>\n\n\t\t<\/div>\n\n\t<\/div>\n<\/section><section id=\"b-1816\" class=\"b b-quotes\" data-watch data-preload>\n\t<div class=\"container\">\n\n\t\t\n\t\t<div class=\"b-quotes-items\">\n\n\t\t\t\n\t\t\t\t\t\t\t\t\t\t\t\t\t\n\t\t\t\t<div class=\"b-quotes-item b-quotes-item--text-rg\" data-watch data-visible-class=\"item-visible-on-screen\">\n\n\t\t\t\t\t<div class=\"b-quotes-item-side-area\">\n\t\t\t\t\t\t<div class=\"b-quotes-item-image\">\n\t\t\t\t\t\t\t<div class=\"b-quotes-item-image-background\"><div class=\"image\" style=\"background-image: url(https:\/\/canatal.net\/wp-content\/uploads\/2018\/11\/quote-1-640x0-c-default.jpg)\"><\/div><\/div>\n\t\t\t\t\t\t\t<div class=\"b-quotes-item-image-foreground\">\n\t\t\t\t\t\t\t\t\t\t\t\t\t\t\t\t\t<div class=\"b-quotes-item-image-legend\">\n\t\t\t\t\t\t\t\t\t\t\n\n\t\t\t<div class=\"vertical vertical--bottom\">\n\t\t\t\t<div class=\"vertical-cell\">\n\n\t\t\t<div class=\"dash dash--light dash--normal\">\n\t\t\t\t<div class=\"dash-line\"><\/div>\n\t\t\t\t<div class=\"dash-text\">One\u00a0Dalton, Boston, MA<br \/>\r\n827 tonnes<\/div>\n\t\t\t<\/div><\/div>\n\t\t\t<\/div>\n\t\t\t\t\t\t\t\t\t<\/div>\n\t\t\t\t\t\t\t\t\t\t\t\t\t\t\t<\/div>\n\t\t\t\t\t\t<\/div>\n\t\t\t\t\t<\/div>\n\n\t\t\t\t\t<div class=\"b-quotes-item-main-area\">\n\t\t\t\t\t\t<div class=\"b-quotes-item-content wysiwyg\"><p>Canatal propose rapidement des solutions, respecte les d\u00e9lais des livrables et est toujours \u00e0 temps.<\/p>\n<\/div>\n\t\t\t\t\t\t<div class=\"b-quotes-item-author-name\">Rachel Parks<\/div>\t\t\t\t\t\t<div class=\"b-quotes-item-author-role\">Chef de projet senior<br \/>\r\nSuffolk Construction<br \/>\r\n<\/div>\t\t\t\t\t<\/div>\n\n\t\t\t\t<\/div>\n\n\t\t\t\n\t\t<\/div>\n\n\t\t\n\t<\/div>\n<\/section><section id=\"b-1817\" class=\"b b-cta  b-cta--darken \" data-watch data-trigger=\"0.4\" data-preload>\n\n\t<div class=\"b-cta-background\"><div class=\"image\" style=\"background-image: url(https:\/\/canatal.net\/wp-content\/uploads\/2018\/11\/Canatal-Long-Island_Building.jpg)\"><\/div><\/div>\n\t<div class=\"b-cta-foreground\">\n\t\t<div class=\"container\">\n\n\t\t\t<div class=\"b-cta-caption\">\n\n\t\t\t<div class=\"vertical vertical--bottom\">\n\t\t\t\t<div class=\"vertical-cell\">\n\n\t\t\t<div class=\"dash dash--light dash--normal\">\n\t\t\t\t<div class=\"dash-line\"><\/div>\n\t\t\t\t<div class=\"dash-text\">Nous joindre<\/div>\n\t\t\t<\/div><\/div>\n\t\t\t<\/div><\/div>\n\t\t\t<div class=\"b-cta-content wysiwyg dark\">\n\t\t\t\t<h2>Vous planifiez votre prochain projet?<\/h2>\n<p>Voyons ce qu\u2019on peut accomplir\u00a0ensemble<\/p>\n\n\t\t\t<\/div>\n\n\t\t\t\t\t\t\t<div class=\"b-cta-action arrow-trigger\">\n\t\t\t\t\t<div class=\"b-cta-action-arrow\"><div class=\"arrow\"><\/div><\/div>\n\t\t\t\t\t<div class=\"b-cta-action-label\">\n\t\t\t\t\t\t\n\t\t\t<div class=\"button-action button-action--light\">\n\t\t\t\t<a href=\"https:\/\/canatal.net\/fr\/communiquez-avec-canatal\/\">Communiquez avec Canatal<\/a>\n\t\t\t<\/div>\n\t\t\t\t\t<\/div>\n\t\t\t\t<\/div>\n\t\t\t\n\t\t<\/div>\n\t<\/div>\n\n<\/section>","protected":false},"excerpt":{"rendered":"<p>Natick Mall, Natick, MA, 13 000 tonnes Les avantages de l\u2019ing\u00e9niosit\u00e9 Canatal travaille intelligemment pour vous assurer la paix d\u2019esprit. Au coeur de chaque op\u00e9ration men\u00e9e par Canatal se trouvent les valeurs de l\u2019entreprise. Ces derni\u00e8res sont incarn\u00e9es par une \u00e9quipe qui travaille fort, mais surtout, qui travaille intelligemment. Pour que l\u2019efficience de haut niveau &hellip; <a href=\"https:\/\/canatal.net\/fr\/pourquoi-canatal\/les-avantages-de-lingeniosite\/\">Continued<\/a><\/p>\n","protected":false},"author":1,"featured_media":0,"parent":1757,"menu_order":0,"comment_status":"closed","ping_status":"closed","template":"","meta":{"_acf_changed":false,"footnotes":""},"class_list":["post-1780","page","type-page","status-publish","hentry"],"acf":[],"_links":{"self":[{"href":"https:\/\/canatal.net\/fr\/wp-json\/wp\/v2\/pages\/1780","targetHints":{"allow":["GET"]}}],"collection":[{"href":"https:\/\/canatal.net\/fr\/wp-json\/wp\/v2\/pages"}],"about":[{"href":"https:\/\/canatal.net\/fr\/wp-json\/wp\/v2\/types\/page"}],"author":[{"embeddable":true,"href":"https:\/\/canatal.net\/fr\/wp-json\/wp\/v2\/users\/1"}],"replies":[{"embeddable":true,"href":"https:\/\/canatal.net\/fr\/wp-json\/wp\/v2\/comments?post=1780"}],"version-history":[{"count":2,"href":"https:\/\/canatal.net\/fr\/wp-json\/wp\/v2\/pages\/1780\/revisions"}],"predecessor-version":[{"id":1886,"href":"https:\/\/canatal.net\/fr\/wp-json\/wp\/v2\/pages\/1780\/revisions\/1886"}],"up":[{"embeddable":true,"href":"https:\/\/canatal.net\/fr\/wp-json\/wp\/v2\/pages\/1757"}],"wp:attachment":[{"href":"https:\/\/canatal.net\/fr\/wp-json\/wp\/v2\/media?parent=1780"}],"curies":[{"name":"wp","href":"https:\/\/api.w.org\/{rel}","templated":true}]}}