{"id":1989,"date":"2018-11-29T01:08:57","date_gmt":"2018-11-29T01:08:57","guid":{"rendered":"https:\/\/canatal.net\/?page_id=1989"},"modified":"2024-10-11T10:36:26","modified_gmt":"2024-10-11T15:36:26","slug":"politique-de-confidentialite","status":"publish","type":"page","link":"https:\/\/canatal.net\/fr\/politique-de-confidentialite\/","title":{"rendered":"Politique de confidentialit\u00e9"},"content":{"rendered":"<section id=\"b-1990\" class=\"b b-text\" data-watch data-preload>\n\t<div class=\"container\">\n\t\t<div class=\"b-text-content wysiwyg\">\n\t\t\t<h1>Politique de confidentialit\u00e9<\/h1>\n<p><strong>20 octobre 2023<\/strong><\/p>\n<h2>Politique de confidentialit\u00e9 au sein de Industries Canatal inc.<\/h2>\n<p><strong>Industries Canatal inc.<\/strong> ci-apr\u00e8s <strong>\u00ab\u00a0l\u2019Entreprise\u00a0\u00bb<\/strong> a \u00e0 c\u0153ur la protection de vos renseignements personnels. Nous reconnaissons et appr\u00e9cions la confiance que vous nous accordez et nous nous engageons \u00e0 prot\u00e9ger la confidentialit\u00e9 et la s\u00e9curit\u00e9 des donn\u00e9es recueillies des visiteurs de notre site Web, le tout conform\u00e9ment au sens de la <em>Loi sur la protection des renseignements personnels dans le secteur priv\u00e9<\/em><sup>1<\/sup> ainsi que des autres lois et r\u00e8glements applicables en mati\u00e8re de protection des renseignements personnels (collectivement d\u00e9sign\u00e9s, la \u00ab\u00a0<strong>Loi<\/strong>\u00a0\u00bb), notamment ceux relatifs \u00e0 l\u2019identit\u00e9, \u00e0 la sant\u00e9, \u00e0 la situation sociale ou familiale, \u00e0 l\u2019emploi, aux renseignements de nature financi\u00e8re, \u00e0 la formation ou \u00e0 l\u2019\u00e9ducation des individus concern\u00e9s (ci-apr\u00e8s\u00a0: un \u00ab\u00a0<strong>Renseignement personnel<\/strong> \u00bb)<\/p>\n<p><small><em><sup>1<\/sup>RLRQ c. P-39.1<\/em><\/small><\/p>\n<h2>ARTICLE 1 \u2013 RENSEIGNEMENTS PERSONNELS RECUEILLIS<\/h2>\n<p>Lorsque vous naviguez sur notre site Web, l\u2019Entreprise peut recueillir certains renseignements personnels \u00e0 votre sujet. De fa\u00e7on g\u00e9n\u00e9rale, nous ne recueillons de tels renseignements personnels que lorsque vous nous les fournissez directement et sur une base volontaire.<\/p>\n<p>Aux fins des pr\u00e9sentes, le terme \u00ab\u00a0renseignement personnel\u00a0\u00bb d\u00e9signe tout renseignement concernant un individu identifiable ou permettant de l\u2019identifier, tel que d\u00e9fini de temps \u00e0 autre dans la l\u00e9gislation en mati\u00e8re de protection de la confidentialit\u00e9 applicable. Ces renseignements personnels peuvent notamment inclure\u00a0:<\/p>\n<ul>\n<li>votre nom et votre adresse;<\/li>\n<li>votre num\u00e9ro de t\u00e9l\u00e9phone, votre adresse postale, votre adresse courriel ou autres coordonn\u00e9es de nature personnelle;<\/li>\n<li>des coordonn\u00e9es bancaires, num\u00e9ros de carte de cr\u00e9dit ou autres renseignements li\u00e9s \u00e0 la facturation;<\/li>\n<li>des donn\u00e9es personnelles que vous nous fournissez, \u00e0 titre de client;<\/li>\n<li>les d\u00e9tails de vos visites sur notre site Web ou autres renseignements recueillis au moyen de t\u00e9moins et d\u2019autres technologies de suivi;<\/li>\n<li>des donn\u00e9es techniques, telles que l\u2019adresse de protocole Internet (adresse IP) de votre ordinateur, qui nous permet d\u2019obtenir plus de d\u00e9tails au sujet du navigateur et du syst\u00e8me d\u2019exploitation que vous utilisez;<\/li>\n<li>des renseignements relatifs au recrutement, incluant notamment, curriculum vitae, renseignements sur la scolarit\u00e9 et exp\u00e9riences professionnelles pr\u00e9alables;<\/li>\n<li>des renseignements que vous pourriez nous fournir dans le cadre de l\u2019inscription et de la participation \u00e0 des ateliers de formation, colloques, conf\u00e9rences, rencontres ou autres \u00e9v\u00e9nements;<\/li>\n<li>des renseignements relatifs au marketing et \u00e0 vos pr\u00e9f\u00e9rences de communication; et<\/li>\n<li>toutes les autres donn\u00e9es personnelles vous concernant que vous pourriez nous fournir.<\/li>\n<\/ul>\n<h2>ARTICLE 2 \u2013 UTILISATION DES RENSEIGNEMENTS PERSONNELS<\/h2>\n<p>L\u2019Entreprise recueille, utilise et communique les renseignements personnels concernant ses clients et fournisseurs dans le cadre de la fourniture de ses services. Nous recueillons, utilisons et communiquons vos renseignements personnels notamment aux fins suivantes :<\/p>\n<ul>\n<li>\u00e9tablir\u00a0et maintenir nos relations avec nos clients, fournisseurs et autres partenaires;<\/li>\n<li>fournir des conseils et des services professionnels, remplir nos obligations professionnelles et \u00e9viter les conflits d&#8217;int\u00e9r\u00eats;<\/li>\n<li>communiquer des renseignements personnels \u00e0 des tierces parties et recevoir des renseignements personnels de leur part afin de fournir des services professionnels;<\/li>\n<li>\u00e9valuer l\u2019opportunit\u00e9 pour l\u2019Entreprise d\u2019\u00e9tablir des relations d\u2019affaires avec d\u2019\u00e9ventuels clients ou fournisseurs, notamment aux fins d\u2019\u00e9valuer leur solvabilit\u00e9;<\/li>\n<li>proc\u00e9der \u00e0 l\u2019\u00e9mission de factures, au suivi de la facturation, au recouvrement des sommes qui nous sont dues et, si n\u00e9cessaire, \u00e0 l\u2019exercice de nos recours judiciaire en lien avec tel recouvrement;<\/li>\n<li>\u00e9tablir ou entretenir une relation d\u2019emploi ou une relation contractuelle, ou y mettre fin;<\/li>\n<li>analyser les besoins et pr\u00e9f\u00e9rences de nos clients, fournisseurs et tierces parties et communiquer avec ceux-ci \u00e0 cet \u00e9gard, notamment par le biais de sondages ou \u00e9valuations;<\/li>\n<li>\u00e9laborer, am\u00e9liorer, mettre en march\u00e9, vendre ou fournir des services de l\u2019Entreprise;<\/li>\n<li>distribuer nos infolettres et d&#8217;autres communications de nature informative, des renseignements li\u00e9s \u00e0 des ateliers de formation, colloques, conf\u00e9rences, rencontres ou autres \u00e9v\u00e9nements;<\/li>\n<li>recueillir, utiliser et communiquer vos renseignements personnels tel que permis par les exigences ou dispositions l\u00e9gales ou r\u00e9glementaires et pour se conformer \u00e0 ces exigences ou dispositions; et<\/li>\n<li>recueillir, utiliser et communiquer vos renseignements personnels \u00e0 toutes autres fins auxquelles vous consentez.<\/li>\n<\/ul>\n<h2>ARTICLE 3 &#8211; CONSENTEMENT<\/h2>\n<h3>Comment obtenez-vous mon consentement?<\/h3>\n<p>Si nous vous demandons de nous fournir vos renseignements personnels pour toute raison, \u00e0 des fins de marketing par exemple, nous vous demanderons directement votre consentement explicite et nous vous donnerons la possibilit\u00e9 de refuser.<\/p>\n<h3>Comment puis-je retirer mon consentement?<\/h3>\n<p>Nous vous offrons l\u2019option de vous d\u00e9sabonner ou de retirer votre consentement \u00e0 des communications ult\u00e9rieures \u00e0 l\u2019\u00e9gard de toute communication de marketing qui vous est envoy\u00e9e. Si, apr\u00e8s nous avoir donn\u00e9 votre consentement, vous changez d\u2019avis et ne consentez plus \u00e0 ce que nous puissions vous contacter, recueillir vos renseignements ou les divulguer, vous pouvez nous en aviser en nous contactant \u00e0 <a href=\"mailto:vie-privee@canatal.net\">vie-privee@canatal.net<\/a> ou par courrier \u00e0 l\u2019adresse suivante\u00a0: Industries Canatal inc., 2885, boul. Frontenac Est, Thetford Mines, Qc, Canada, G6G 6P6<\/p>\n<h2>ARTICLE 4 &#8211; DIVULGATION<\/h2>\n<p>Nous ne divulguerons, n\u2019\u00e9changerons ou ne vendrons vos renseignements personnels \u00e0 quiconque \u00e0 moins que vous nous l\u2019ayez express\u00e9ment autoris\u00e9 ou que nous en soyons oblig\u00e9s par la loi ou par une ordonnance d\u2019un tribunal nous y enjoignant.<\/p>\n<h2>ARTICLE 5 \u2013 LIENS FOURNIS PAR DES TIERS<\/h2>\n<p>Vous pourriez \u00eatre amen\u00e9 \u00e0 quitter notre site Web en cliquant sur certains liens contenus sur notre site. Si vous consultez des sites Web de tiers \u00e0 partir d\u2019un tel lien, nous vous recommandons de lire attentivement leurs politiques en mati\u00e8re de confidentialit\u00e9 avant de leur soumettre des donn\u00e9es personnelles. L\u2019Entreprise n\u2019assume aucune responsabilit\u00e9 quant aux pratiques de confidentialit\u00e9 exerc\u00e9es par ces autres sites et vous recommandons de lire attentivement leurs politiques de confidentialit\u00e9.<\/p>\n<h2>ARTICLE 6 &#8211; S\u00c9CURIT\u00c9<\/h2>\n<p>Pour prot\u00e9ger vos donn\u00e9es personnelles, nous prenons des pr\u00e9cautions raisonnables et suivons les meilleures pratiques de l\u2019industrie pour nous assurer qu\u2019elles ne soient pas perdues, d\u00e9tourn\u00e9es, consult\u00e9es, divulgu\u00e9es, modifi\u00e9es ou d\u00e9truites de mani\u00e8re inappropri\u00e9e.<\/p>\n<p>L\u2019Entreprise s\u2019assure que les renseignements personnels qu\u2019elle recueille sont aussi exacts, complets et \u00e0 jour que n\u00e9cessaire aux fins pour lesquelles ils sont employ\u00e9s. Vous \u00eates en droit de demander\u00a0acc\u00e8s aux renseignements personnels que nous avons recueillis \u00e0 votre sujet et en demander la correction au besoin. Vous pouvez faire parvenir une telle demande ou toute question ou plainte concernant la pr\u00e9sente politique ou les pratiques de l\u2019Entreprise en ce qui a trait \u00e0 la protection des renseignements personnels \u00e0 notre responsable de la protection des renseignements personnels par courriel au <a href=\"mailto:vie-privee@canatal.net\">vie-privee@canatal.net<\/a> .<\/p>\n<h2>ARTICLE 7 \u2013 FICHIERS T\u00c9MOINS (COOKIES)<\/h2>\n<p>Les t\u00e9moins (\u00ab\u00a0cookies\u00a0\u00bb) sont de petits fichiers de donn\u00e9es qui sont transmis au disque dur de votre ordinateur par un site Web. Ils enregistrent vos pr\u00e9f\u00e9rences de sorte que vos visites suivantes sur le site Web se d\u00e9roulent plus efficacement. Les t\u00e9moins nous aident \u00e0 vous identifier et ils peuvent s&#8217;av\u00e9rer n\u00e9cessaires pour vous fournir les produits et les services que vous demandez. Les t\u00e9moins peuvent enregistrer divers renseignements, dont le nombre de vos passages sur le site Web, l\u2019historique de vos achats, vos renseignements d\u2019inscription et le nombre de vos visites dans une page ou un autre \u00e9l\u00e9ment du site Web. L\u2019utilisation de t\u00e9moins est pratique courante dans la plupart des sites Web importants en vue d\u2019am\u00e9liorer le service \u00e0 la client\u00e8le. Nous pouvons employer des t\u00e9moins pour conna\u00eetre vos pr\u00e9f\u00e9rences et suivre vos activit\u00e9s sur le site Web <a href=\"https:\/\/canatal.net\">www.canatal.net<\/a>.<\/p>\n<p>La plupart des navigateurs sont con\u00e7us de fa\u00e7on \u00e0 accepter les t\u00e9moins, mais peuvent facilement \u00eatre modifi\u00e9s pour les bloquer; les fichiers d\u2019aide de votre navigateur contiennent des renseignements sur le blocage des t\u00e9moins, la d\u00e9tection de t\u00e9moins qui vous sont transmis et leur d\u00e9sactivation. Cependant, si vous d\u00e9cidez de ne pas accepter de t\u00e9moins de notre site Web, il se peut que vous ne soyez pas en mesure de tirer parti de toutes leurs fonctionnalit\u00e9s.<\/p>\n<p>Vous trouverez ci-dessous une description des cookies que nous utilisons afin d\u2019optimiser votre exp\u00e9rience sur notre site Web, afin d\u2019en savoir plus sur leur fonction. Vous pouvez choisir les types de cookies que vous autorisez et vous pourrez aussi modifier ces pr\u00e9f\u00e9rences \u00e0 tout moment.<\/p>\n<h3>Cookie n\u00e9cessaire<\/h3>\n<p>Ce cookie est natif des applications PHP. Il conserve et identifie l&#8217;identifiant de session unique d&#8217;un utilisateur afin de g\u00e9rer les sessions des utilisateurs sur le site web. Il s&#8217;agit d&#8217;un cookie qui sera supprim\u00e9 lorsque toutes les fen\u00eatres du navigateur seront ferm\u00e9es.<\/p>\n<h3>Cookie analytique<\/h3>\n<p>Google Analytics utilise ce cookie pour calculer les donn\u00e9es relatives aux visiteurs, sessions et campagnes ainsi que pour suivre l&#8217;utilisation du site dans le cadre du rapport d&#8217;analyse du site. Le cookie conserve les informations de mani\u00e8re anonyme et attribue un num\u00e9ro de mani\u00e8re al\u00e9atoire pour reconna\u00eetre les visiteurs uniques.<\/p>\n<p>Google Analytics utilise aussi ce type de cookie pour conserver des informations sur la mani\u00e8re dont les visiteurs utilisent un site web et pour cr\u00e9er un rapport d&#8217;analyse des performances du site. Certaines donn\u00e9es collect\u00e9es comprennent le nombre de visiteurs, leur source et les pages qu&#8217;ils visitent de mani\u00e8re anonyme.<\/p>\n<h3>Cookie de performance<\/h3>\n<p>Google Analytics installe ce cookie pour limiter le taux de requ\u00eate et ainsi limiter la collecte de donn\u00e9es sur les sites \u00e0 fort trafic.<\/p>\n<h2>ARTICLE 8 \u2013 MODIFICATIONS APPORT\u00c9ES \u00c0 LA PR\u00c9SENTE POLITIQUE DE CONFIDENTIALIT\u00c9<\/h2>\n<p>Nous nous r\u00e9servons le droit de modifier ou de compl\u00e9ter la pr\u00e9sente politique de confidentialit\u00e9 \u00e0 tout moment. Par cons\u00e9quent, nous vous invitons \u00e0 la consulter p\u00e9riodiquement. Les changements et les clarifications prendront effet imm\u00e9diatement apr\u00e8s leur publication sur le site Web. Si nous apportons des changements au contenu de cette politique, nous vous aviserons ici qu\u2019elle a \u00e9t\u00e9 mise \u00e0 jour, pour que vous sachiez quels renseignements nous recueillons, la mani\u00e8re dont nous les utilisons, et dans quelles circonstances nous les divulguons, s\u2019il y a lieu de le faire.<\/p>\n<h2>ARTICLE 9 \u2013 QUESTIONS ET COORDONN\u00c9ES<\/h2>\n<p>Si vous souhaitez corriger, modifier ou supprimer toute information personnelle que nous avons \u00e0 votre sujet ou y acc\u00e9der, d\u00e9poser une plainte, ou si vous voulez simplement avoir plus d\u2019informations, contactez notre agent responsable des normes de confidentialit\u00e9 \u00e0 <a href=\"mailto:vie-privee@canatal.net\">vie-privee@canatal.net<\/a> .<\/p>\n\n\t\t<\/div>\n\t<\/div>\n<\/section>","protected":false},"excerpt":{"rendered":"<p>Politique de confidentialit\u00e9 20 octobre 2023 Politique de confidentialit\u00e9 au sein de Industries Canatal inc. Industries Canatal inc. ci-apr\u00e8s \u00ab\u00a0l\u2019Entreprise\u00a0\u00bb a \u00e0 c\u0153ur la protection de vos renseignements personnels. Nous reconnaissons et appr\u00e9cions la confiance que vous nous accordez et nous nous engageons \u00e0 prot\u00e9ger la confidentialit\u00e9 et la s\u00e9curit\u00e9 des donn\u00e9es recueillies des visiteurs &hellip; <a href=\"https:\/\/canatal.net\/fr\/politique-de-confidentialite\/\">Continued<\/a><\/p>\n","protected":false},"author":1,"featured_media":0,"parent":0,"menu_order":0,"comment_status":"closed","ping_status":"closed","template":"","meta":{"_acf_changed":false,"footnotes":""},"class_list":["post-1989","page","type-page","status-publish","hentry"],"acf":[],"_links":{"self":[{"href":"https:\/\/canatal.net\/fr\/wp-json\/wp\/v2\/pages\/1989","targetHints":{"allow":["GET"]}}],"collection":[{"href":"https:\/\/canatal.net\/fr\/wp-json\/wp\/v2\/pages"}],"about":[{"href":"https:\/\/canatal.net\/fr\/wp-json\/wp\/v2\/types\/page"}],"author":[{"embeddable":true,"href":"https:\/\/canatal.net\/fr\/wp-json\/wp\/v2\/users\/1"}],"replies":[{"embeddable":true,"href":"https:\/\/canatal.net\/fr\/wp-json\/wp\/v2\/comments?post=1989"}],"version-history":[{"count":1,"href":"https:\/\/canatal.net\/fr\/wp-json\/wp\/v2\/pages\/1989\/revisions"}],"predecessor-version":[{"id":1992,"href":"https:\/\/canatal.net\/fr\/wp-json\/wp\/v2\/pages\/1989\/revisions\/1992"}],"wp:attachment":[{"href":"https:\/\/canatal.net\/fr\/wp-json\/wp\/v2\/media?parent=1989"}],"curies":[{"name":"wp","href":"https:\/\/api.w.org\/{rel}","templated":true}]}}